{"id":836,"date":"2021-07-09T10:46:54","date_gmt":"2021-07-09T08:46:54","guid":{"rendered":"https:\/\/www.schenglerindustrie.com\/?post_type=product&#038;p=836"},"modified":"2021-09-14T16:10:25","modified_gmt":"2021-09-14T14:10:25","slug":"autocollant-interdit-de-telephoner","status":"publish","type":"product","link":"https:\/\/www.schenglerindustrie.com\/en\/produit\/autocollant-interdit-de-telephoner\/","title":{"rendered":"Autocollant interdit de t\u00e9l\u00e9phoner"},"content":{"rendered":"<p><img fetchpriority=\"high\" decoding=\"async\" class=\"alignnone size-medium wp-image-1140\" src=\"https:\/\/www.schenglerindustrie.com\/wp-content\/uploads\/2021\/09\/Autocollant-interdit-de-telephoner-300x200.jpg\" alt=\"\" width=\"300\" height=\"200\" srcset=\"https:\/\/www.schenglerindustrie.com\/wp-content\/uploads\/2021\/09\/Autocollant-interdit-de-telephoner-300x200.jpg 300w, https:\/\/www.schenglerindustrie.com\/wp-content\/uploads\/2021\/09\/Autocollant-interdit-de-telephoner-1024x683.jpg 1024w, https:\/\/www.schenglerindustrie.com\/wp-content\/uploads\/2021\/09\/Autocollant-interdit-de-telephoner-768x513.jpg 768w, https:\/\/www.schenglerindustrie.com\/wp-content\/uploads\/2021\/09\/Autocollant-interdit-de-telephoner-1536x1025.jpg 1536w, https:\/\/www.schenglerindustrie.com\/wp-content\/uploads\/2021\/09\/Autocollant-interdit-de-telephoner-2048x1367.jpg 2048w, https:\/\/www.schenglerindustrie.com\/wp-content\/uploads\/2021\/09\/Autocollant-interdit-de-telephoner-600x400.jpg 600w\" sizes=\"(max-width: 300px) 100vw, 300px\" \/><img decoding=\"async\" class=\"alignnone size-medium wp-image-1134\" src=\"https:\/\/www.schenglerindustrie.com\/wp-content\/uploads\/2021\/09\/Autocollant-interdit-de-telephoner-2-300x200.jpg\" alt=\"\" width=\"300\" height=\"200\" srcset=\"https:\/\/www.schenglerindustrie.com\/wp-content\/uploads\/2021\/09\/Autocollant-interdit-de-telephoner-2-300x200.jpg 300w, https:\/\/www.schenglerindustrie.com\/wp-content\/uploads\/2021\/09\/Autocollant-interdit-de-telephoner-2-1024x683.jpg 1024w, https:\/\/www.schenglerindustrie.com\/wp-content\/uploads\/2021\/09\/Autocollant-interdit-de-telephoner-2-768x513.jpg 768w, https:\/\/www.schenglerindustrie.com\/wp-content\/uploads\/2021\/09\/Autocollant-interdit-de-telephoner-2-1536x1025.jpg 1536w, https:\/\/www.schenglerindustrie.com\/wp-content\/uploads\/2021\/09\/Autocollant-interdit-de-telephoner-2-2048x1367.jpg 2048w, https:\/\/www.schenglerindustrie.com\/wp-content\/uploads\/2021\/09\/Autocollant-interdit-de-telephoner-2-600x400.jpg 600w\" sizes=\"(max-width: 300px) 100vw, 300px\" \/><\/p>\n","protected":false},"excerpt":{"rendered":"<p>diff\u00e9rents diam\u00e8tres 32 cm-22 cm \u2013 12cm\u2026.<\/p>\n","protected":false},"featured_media":1134,"comment_status":"open","ping_status":"closed","template":"","meta":[],"product_brand":[],"product_cat":[42],"product_tag":[],"class_list":{"0":"post-836","1":"product","2":"type-product","3":"status-publish","4":"has-post-thumbnail","6":"product_cat-signaletique","8":"first","9":"instock","10":"shipping-taxable","11":"purchasable","12":"product-type-simple"},"yoast_head":"<!-- This site is optimized with the Yoast SEO plugin v25.5 - https:\/\/yoast.com\/wordpress\/plugins\/seo\/ -->\n<title>Autocollant interdit de t\u00e9l\u00e9phoner - Schengler Industrie<\/title>\n<meta name=\"robots\" content=\"index, follow, max-snippet:-1, max-image-preview:large, max-video-preview:-1\" \/>\n<link rel=\"canonical\" href=\"https:\/\/www.schenglerindustrie.com\/produit\/autocollant-interdit-de-telephoner\/\" \/>\n<meta property=\"og:locale\" content=\"en_US\" \/>\n<meta property=\"og:type\" content=\"article\" \/>\n<meta property=\"og:title\" content=\"Autocollant interdit de t\u00e9l\u00e9phoner - Schengler Industrie\" \/>\n<meta property=\"og:description\" content=\"diff\u00e9rents diam\u00e8tres 32 cm-22 cm \u2013 12cm\u2026.\" \/>\n<meta property=\"og:url\" content=\"https:\/\/www.schenglerindustrie.com\/produit\/autocollant-interdit-de-telephoner\/\" \/>\n<meta property=\"og:site_name\" content=\"Schengler Industrie\" \/>\n<meta property=\"article:modified_time\" content=\"2021-09-14T14:10:25+00:00\" \/>\n<meta property=\"og:image\" content=\"https:\/\/www.schenglerindustrie.com\/wp-content\/uploads\/2021\/09\/Autocollant-interdit-de-telephoner-2-scaled.jpg\" \/>\n\t<meta property=\"og:image:width\" content=\"2560\" \/>\n\t<meta property=\"og:image:height\" content=\"1709\" \/>\n\t<meta property=\"og:image:type\" content=\"image\/jpeg\" \/>\n<meta name=\"twitter:card\" content=\"summary_large_image\" \/>\n<script type=\"application\/ld+json\" class=\"yoast-schema-graph\">{\"@context\":\"https:\/\/schema.org\",\"@graph\":[{\"@type\":\"WebPage\",\"@id\":\"https:\/\/www.schenglerindustrie.com\/produit\/autocollant-interdit-de-telephoner\/\",\"url\":\"https:\/\/www.schenglerindustrie.com\/produit\/autocollant-interdit-de-telephoner\/\",\"name\":\"Autocollant interdit de t\u00e9l\u00e9phoner - Schengler Industrie\",\"isPartOf\":{\"@id\":\"https:\/\/www.schenglerindustrie.com\/#website\"},\"primaryImageOfPage\":{\"@id\":\"https:\/\/www.schenglerindustrie.com\/produit\/autocollant-interdit-de-telephoner\/#primaryimage\"},\"image\":{\"@id\":\"https:\/\/www.schenglerindustrie.com\/produit\/autocollant-interdit-de-telephoner\/#primaryimage\"},\"thumbnailUrl\":\"https:\/\/www.schenglerindustrie.com\/wp-content\/uploads\/2021\/09\/Autocollant-interdit-de-telephoner-2-scaled.jpg\",\"datePublished\":\"2021-07-09T08:46:54+00:00\",\"dateModified\":\"2021-09-14T14:10:25+00:00\",\"breadcrumb\":{\"@id\":\"https:\/\/www.schenglerindustrie.com\/produit\/autocollant-interdit-de-telephoner\/#breadcrumb\"},\"inLanguage\":\"en-US\",\"potentialAction\":[{\"@type\":\"ReadAction\",\"target\":[\"https:\/\/www.schenglerindustrie.com\/produit\/autocollant-interdit-de-telephoner\/\"]}]},{\"@type\":\"ImageObject\",\"inLanguage\":\"en-US\",\"@id\":\"https:\/\/www.schenglerindustrie.com\/produit\/autocollant-interdit-de-telephoner\/#primaryimage\",\"url\":\"https:\/\/www.schenglerindustrie.com\/wp-content\/uploads\/2021\/09\/Autocollant-interdit-de-telephoner-2-scaled.jpg\",\"contentUrl\":\"https:\/\/www.schenglerindustrie.com\/wp-content\/uploads\/2021\/09\/Autocollant-interdit-de-telephoner-2-scaled.jpg\",\"width\":2560,\"height\":1709},{\"@type\":\"BreadcrumbList\",\"@id\":\"https:\/\/www.schenglerindustrie.com\/produit\/autocollant-interdit-de-telephoner\/#breadcrumb\",\"itemListElement\":[{\"@type\":\"ListItem\",\"position\":1,\"name\":\"Accueil\",\"item\":\"https:\/\/schenglerindustrie.com\/en\/\"},{\"@type\":\"ListItem\",\"position\":2,\"name\":\"Boutique\",\"item\":\"https:\/\/schenglerindustrie.com\/en\/boutique\/\"},{\"@type\":\"ListItem\",\"position\":3,\"name\":\"Autocollant interdit de t\u00e9l\u00e9phoner\"}]},{\"@type\":\"WebSite\",\"@id\":\"https:\/\/www.schenglerindustrie.com\/#website\",\"url\":\"https:\/\/www.schenglerindustrie.com\/\",\"name\":\"Schengler Industrie\",\"description\":\"\",\"potentialAction\":[{\"@type\":\"SearchAction\",\"target\":{\"@type\":\"EntryPoint\",\"urlTemplate\":\"https:\/\/www.schenglerindustrie.com\/?s={search_term_string}\"},\"query-input\":{\"@type\":\"PropertyValueSpecification\",\"valueRequired\":true,\"valueName\":\"search_term_string\"}}],\"inLanguage\":\"en-US\"}]}<\/script>\n<!-- \/ Yoast SEO plugin. -->","yoast_head_json":{"title":"Autocollant interdit de t\u00e9l\u00e9phoner - Schengler Industrie","robots":{"index":"index","follow":"follow","max-snippet":"max-snippet:-1","max-image-preview":"max-image-preview:large","max-video-preview":"max-video-preview:-1"},"canonical":"https:\/\/www.schenglerindustrie.com\/produit\/autocollant-interdit-de-telephoner\/","og_locale":"en_US","og_type":"article","og_title":"Autocollant interdit de t\u00e9l\u00e9phoner - Schengler Industrie","og_description":"diff\u00e9rents diam\u00e8tres 32 cm-22 cm \u2013 12cm\u2026.","og_url":"https:\/\/www.schenglerindustrie.com\/produit\/autocollant-interdit-de-telephoner\/","og_site_name":"Schengler Industrie","article_modified_time":"2021-09-14T14:10:25+00:00","og_image":[{"width":2560,"height":1709,"url":"https:\/\/www.schenglerindustrie.com\/wp-content\/uploads\/2021\/09\/Autocollant-interdit-de-telephoner-2-scaled.jpg","type":"image\/jpeg"}],"twitter_card":"summary_large_image","schema":{"@context":"https:\/\/schema.org","@graph":[{"@type":"WebPage","@id":"https:\/\/www.schenglerindustrie.com\/produit\/autocollant-interdit-de-telephoner\/","url":"https:\/\/www.schenglerindustrie.com\/produit\/autocollant-interdit-de-telephoner\/","name":"Autocollant interdit de t\u00e9l\u00e9phoner - Schengler Industrie","isPartOf":{"@id":"https:\/\/www.schenglerindustrie.com\/#website"},"primaryImageOfPage":{"@id":"https:\/\/www.schenglerindustrie.com\/produit\/autocollant-interdit-de-telephoner\/#primaryimage"},"image":{"@id":"https:\/\/www.schenglerindustrie.com\/produit\/autocollant-interdit-de-telephoner\/#primaryimage"},"thumbnailUrl":"https:\/\/www.schenglerindustrie.com\/wp-content\/uploads\/2021\/09\/Autocollant-interdit-de-telephoner-2-scaled.jpg","datePublished":"2021-07-09T08:46:54+00:00","dateModified":"2021-09-14T14:10:25+00:00","breadcrumb":{"@id":"https:\/\/www.schenglerindustrie.com\/produit\/autocollant-interdit-de-telephoner\/#breadcrumb"},"inLanguage":"en-US","potentialAction":[{"@type":"ReadAction","target":["https:\/\/www.schenglerindustrie.com\/produit\/autocollant-interdit-de-telephoner\/"]}]},{"@type":"ImageObject","inLanguage":"en-US","@id":"https:\/\/www.schenglerindustrie.com\/produit\/autocollant-interdit-de-telephoner\/#primaryimage","url":"https:\/\/www.schenglerindustrie.com\/wp-content\/uploads\/2021\/09\/Autocollant-interdit-de-telephoner-2-scaled.jpg","contentUrl":"https:\/\/www.schenglerindustrie.com\/wp-content\/uploads\/2021\/09\/Autocollant-interdit-de-telephoner-2-scaled.jpg","width":2560,"height":1709},{"@type":"BreadcrumbList","@id":"https:\/\/www.schenglerindustrie.com\/produit\/autocollant-interdit-de-telephoner\/#breadcrumb","itemListElement":[{"@type":"ListItem","position":1,"name":"Accueil","item":"https:\/\/schenglerindustrie.com\/en\/"},{"@type":"ListItem","position":2,"name":"Boutique","item":"https:\/\/schenglerindustrie.com\/en\/boutique\/"},{"@type":"ListItem","position":3,"name":"Autocollant interdit de t\u00e9l\u00e9phoner"}]},{"@type":"WebSite","@id":"https:\/\/www.schenglerindustrie.com\/#website","url":"https:\/\/www.schenglerindustrie.com\/","name":"Schengler Industrie","description":"","potentialAction":[{"@type":"SearchAction","target":{"@type":"EntryPoint","urlTemplate":"https:\/\/www.schenglerindustrie.com\/?s={search_term_string}"},"query-input":{"@type":"PropertyValueSpecification","valueRequired":true,"valueName":"search_term_string"}}],"inLanguage":"en-US"}]}},"_links":{"self":[{"href":"https:\/\/www.schenglerindustrie.com\/en\/wp-json\/wp\/v2\/product\/836","targetHints":{"allow":["GET"]}}],"collection":[{"href":"https:\/\/www.schenglerindustrie.com\/en\/wp-json\/wp\/v2\/product"}],"about":[{"href":"https:\/\/www.schenglerindustrie.com\/en\/wp-json\/wp\/v2\/types\/product"}],"replies":[{"embeddable":true,"href":"https:\/\/www.schenglerindustrie.com\/en\/wp-json\/wp\/v2\/comments?post=836"}],"wp:featuredmedia":[{"embeddable":true,"href":"https:\/\/www.schenglerindustrie.com\/en\/wp-json\/wp\/v2\/media\/1134"}],"wp:attachment":[{"href":"https:\/\/www.schenglerindustrie.com\/en\/wp-json\/wp\/v2\/media?parent=836"}],"wp:term":[{"taxonomy":"product_brand","embeddable":true,"href":"https:\/\/www.schenglerindustrie.com\/en\/wp-json\/wp\/v2\/product_brand?post=836"},{"taxonomy":"product_cat","embeddable":true,"href":"https:\/\/www.schenglerindustrie.com\/en\/wp-json\/wp\/v2\/product_cat?post=836"},{"taxonomy":"product_tag","embeddable":true,"href":"https:\/\/www.schenglerindustrie.com\/en\/wp-json\/wp\/v2\/product_tag?post=836"}],"curies":[{"name":"wp","href":"https:\/\/api.w.org\/{rel}","templated":true}]}}