{"id":816,"date":"2021-07-09T10:41:41","date_gmt":"2021-07-09T08:41:41","guid":{"rendered":"https:\/\/www.schenglerindustrie.com\/?post_type=product&#038;p=816"},"modified":"2021-09-14T17:51:06","modified_gmt":"2021-09-14T15:51:06","slug":"autocollant-monter-en-securite-en-cabine","status":"publish","type":"product","link":"https:\/\/www.schenglerindustrie.com\/en\/produit\/autocollant-monter-en-securite-en-cabine\/","title":{"rendered":"Autocollant monter en s\u00e9curit\u00e9 en cabine"},"content":{"rendered":"<p><img fetchpriority=\"high\" decoding=\"async\" class=\"alignnone size-medium wp-image-1217\" src=\"https:\/\/www.schenglerindustrie.com\/wp-content\/uploads\/2021\/07\/3-points-dappuits-300x300.jpg\" alt=\"\" width=\"300\" height=\"300\" srcset=\"https:\/\/www.schenglerindustrie.com\/wp-content\/uploads\/2021\/07\/3-points-dappuits-300x300.jpg 300w, https:\/\/www.schenglerindustrie.com\/wp-content\/uploads\/2021\/07\/3-points-dappuits-150x150.jpg 150w, https:\/\/www.schenglerindustrie.com\/wp-content\/uploads\/2021\/07\/3-points-dappuits-100x100.jpg 100w, https:\/\/www.schenglerindustrie.com\/wp-content\/uploads\/2021\/07\/3-points-dappuits.jpg 400w\" sizes=\"(max-width: 300px) 100vw, 300px\" \/><img decoding=\"async\" class=\"alignnone size-medium wp-image-1221\" src=\"https:\/\/www.schenglerindustrie.com\/wp-content\/uploads\/2021\/07\/telechargement-1.png\" alt=\"\" width=\"183\" height=\"275\" \/> <img decoding=\"async\" class=\"alignnone size-medium wp-image-1223\" src=\"https:\/\/www.schenglerindustrie.com\/wp-content\/uploads\/2021\/07\/unnamed-300x300.jpg\" alt=\"\" width=\"300\" height=\"300\" srcset=\"https:\/\/www.schenglerindustrie.com\/wp-content\/uploads\/2021\/07\/unnamed-300x300.jpg 300w, https:\/\/www.schenglerindustrie.com\/wp-content\/uploads\/2021\/07\/unnamed-150x150.jpg 150w, https:\/\/www.schenglerindustrie.com\/wp-content\/uploads\/2021\/07\/unnamed-100x100.jpg 100w, https:\/\/www.schenglerindustrie.com\/wp-content\/uploads\/2021\/07\/unnamed.jpg 500w\" sizes=\"(max-width: 300px) 100vw, 300px\" \/><img loading=\"lazy\" decoding=\"async\" class=\"alignnone size-medium wp-image-1219\" src=\"https:\/\/www.schenglerindustrie.com\/wp-content\/uploads\/2021\/07\/panneau-rectangulaire-camionneurs-toujours-trois-points-appui-300x300.jpg\" alt=\"\" width=\"300\" height=\"300\" srcset=\"https:\/\/www.schenglerindustrie.com\/wp-content\/uploads\/2021\/07\/panneau-rectangulaire-camionneurs-toujours-trois-points-appui-300x300.jpg 300w, https:\/\/www.schenglerindustrie.com\/wp-content\/uploads\/2021\/07\/panneau-rectangulaire-camionneurs-toujours-trois-points-appui-150x150.jpg 150w, https:\/\/www.schenglerindustrie.com\/wp-content\/uploads\/2021\/07\/panneau-rectangulaire-camionneurs-toujours-trois-points-appui-768x768.jpg 768w, https:\/\/www.schenglerindustrie.com\/wp-content\/uploads\/2021\/07\/panneau-rectangulaire-camionneurs-toujours-trois-points-appui-600x600.jpg 600w, https:\/\/www.schenglerindustrie.com\/wp-content\/uploads\/2021\/07\/panneau-rectangulaire-camionneurs-toujours-trois-points-appui-100x100.jpg 100w, https:\/\/www.schenglerindustrie.com\/wp-content\/uploads\/2021\/07\/panneau-rectangulaire-camionneurs-toujours-trois-points-appui.jpg 800w\" sizes=\"(max-width: 300px) 100vw, 300px\" \/><\/p>\n","protected":false},"excerpt":{"rendered":"<p>Autocollants suivant format demand\u00e9<\/p>\n","protected":false},"featured_media":1212,"comment_status":"open","ping_status":"closed","template":"","meta":[],"product_brand":[],"product_cat":[42],"product_tag":[],"class_list":{"0":"post-816","1":"product","2":"type-product","3":"status-publish","4":"has-post-thumbnail","6":"product_cat-signaletique","8":"first","9":"instock","10":"shipping-taxable","11":"purchasable","12":"product-type-simple"},"yoast_head":"<!-- This site is optimized with the Yoast SEO plugin v25.5 - https:\/\/yoast.com\/wordpress\/plugins\/seo\/ -->\n<title>Autocollant monter en s\u00e9curit\u00e9 en cabine - Schengler Industrie<\/title>\n<meta name=\"robots\" content=\"index, follow, max-snippet:-1, max-image-preview:large, max-video-preview:-1\" \/>\n<link rel=\"canonical\" href=\"https:\/\/www.schenglerindustrie.com\/produit\/autocollant-monter-en-securite-en-cabine\/\" \/>\n<meta property=\"og:locale\" content=\"en_US\" \/>\n<meta property=\"og:type\" content=\"article\" \/>\n<meta property=\"og:title\" content=\"Autocollant monter en s\u00e9curit\u00e9 en cabine - Schengler Industrie\" \/>\n<meta property=\"og:description\" content=\"Autocollants suivant format demand\u00e9\" \/>\n<meta property=\"og:url\" content=\"https:\/\/www.schenglerindustrie.com\/produit\/autocollant-monter-en-securite-en-cabine\/\" \/>\n<meta property=\"og:site_name\" content=\"Schengler Industrie\" \/>\n<meta property=\"article:modified_time\" content=\"2021-09-14T15:51:06+00:00\" \/>\n<meta property=\"og:image\" content=\"https:\/\/www.schenglerindustrie.com\/wp-content\/uploads\/2021\/07\/images.jpg\" \/>\n\t<meta property=\"og:image:width\" content=\"225\" \/>\n\t<meta property=\"og:image:height\" content=\"225\" \/>\n\t<meta property=\"og:image:type\" content=\"image\/jpeg\" \/>\n<meta name=\"twitter:card\" content=\"summary_large_image\" \/>\n<script type=\"application\/ld+json\" class=\"yoast-schema-graph\">{\"@context\":\"https:\/\/schema.org\",\"@graph\":[{\"@type\":\"WebPage\",\"@id\":\"https:\/\/www.schenglerindustrie.com\/produit\/autocollant-monter-en-securite-en-cabine\/\",\"url\":\"https:\/\/www.schenglerindustrie.com\/produit\/autocollant-monter-en-securite-en-cabine\/\",\"name\":\"Autocollant monter en s\u00e9curit\u00e9 en cabine - Schengler Industrie\",\"isPartOf\":{\"@id\":\"https:\/\/www.schenglerindustrie.com\/#website\"},\"primaryImageOfPage\":{\"@id\":\"https:\/\/www.schenglerindustrie.com\/produit\/autocollant-monter-en-securite-en-cabine\/#primaryimage\"},\"image\":{\"@id\":\"https:\/\/www.schenglerindustrie.com\/produit\/autocollant-monter-en-securite-en-cabine\/#primaryimage\"},\"thumbnailUrl\":\"https:\/\/www.schenglerindustrie.com\/wp-content\/uploads\/2021\/07\/images.jpg\",\"datePublished\":\"2021-07-09T08:41:41+00:00\",\"dateModified\":\"2021-09-14T15:51:06+00:00\",\"breadcrumb\":{\"@id\":\"https:\/\/www.schenglerindustrie.com\/produit\/autocollant-monter-en-securite-en-cabine\/#breadcrumb\"},\"inLanguage\":\"en-US\",\"potentialAction\":[{\"@type\":\"ReadAction\",\"target\":[\"https:\/\/www.schenglerindustrie.com\/produit\/autocollant-monter-en-securite-en-cabine\/\"]}]},{\"@type\":\"ImageObject\",\"inLanguage\":\"en-US\",\"@id\":\"https:\/\/www.schenglerindustrie.com\/produit\/autocollant-monter-en-securite-en-cabine\/#primaryimage\",\"url\":\"https:\/\/www.schenglerindustrie.com\/wp-content\/uploads\/2021\/07\/images.jpg\",\"contentUrl\":\"https:\/\/www.schenglerindustrie.com\/wp-content\/uploads\/2021\/07\/images.jpg\",\"width\":225,\"height\":225},{\"@type\":\"BreadcrumbList\",\"@id\":\"https:\/\/www.schenglerindustrie.com\/produit\/autocollant-monter-en-securite-en-cabine\/#breadcrumb\",\"itemListElement\":[{\"@type\":\"ListItem\",\"position\":1,\"name\":\"Accueil\",\"item\":\"https:\/\/schenglerindustrie.com\/en\/\"},{\"@type\":\"ListItem\",\"position\":2,\"name\":\"Boutique\",\"item\":\"https:\/\/schenglerindustrie.com\/en\/boutique\/\"},{\"@type\":\"ListItem\",\"position\":3,\"name\":\"Autocollant monter en s\u00e9curit\u00e9 en cabine\"}]},{\"@type\":\"WebSite\",\"@id\":\"https:\/\/www.schenglerindustrie.com\/#website\",\"url\":\"https:\/\/www.schenglerindustrie.com\/\",\"name\":\"Schengler Industrie\",\"description\":\"\",\"potentialAction\":[{\"@type\":\"SearchAction\",\"target\":{\"@type\":\"EntryPoint\",\"urlTemplate\":\"https:\/\/www.schenglerindustrie.com\/?s={search_term_string}\"},\"query-input\":{\"@type\":\"PropertyValueSpecification\",\"valueRequired\":true,\"valueName\":\"search_term_string\"}}],\"inLanguage\":\"en-US\"}]}<\/script>\n<!-- \/ Yoast SEO plugin. -->","yoast_head_json":{"title":"Autocollant monter en s\u00e9curit\u00e9 en cabine - Schengler Industrie","robots":{"index":"index","follow":"follow","max-snippet":"max-snippet:-1","max-image-preview":"max-image-preview:large","max-video-preview":"max-video-preview:-1"},"canonical":"https:\/\/www.schenglerindustrie.com\/produit\/autocollant-monter-en-securite-en-cabine\/","og_locale":"en_US","og_type":"article","og_title":"Autocollant monter en s\u00e9curit\u00e9 en cabine - Schengler Industrie","og_description":"Autocollants suivant format demand\u00e9","og_url":"https:\/\/www.schenglerindustrie.com\/produit\/autocollant-monter-en-securite-en-cabine\/","og_site_name":"Schengler Industrie","article_modified_time":"2021-09-14T15:51:06+00:00","og_image":[{"width":225,"height":225,"url":"https:\/\/www.schenglerindustrie.com\/wp-content\/uploads\/2021\/07\/images.jpg","type":"image\/jpeg"}],"twitter_card":"summary_large_image","schema":{"@context":"https:\/\/schema.org","@graph":[{"@type":"WebPage","@id":"https:\/\/www.schenglerindustrie.com\/produit\/autocollant-monter-en-securite-en-cabine\/","url":"https:\/\/www.schenglerindustrie.com\/produit\/autocollant-monter-en-securite-en-cabine\/","name":"Autocollant monter en s\u00e9curit\u00e9 en cabine - Schengler Industrie","isPartOf":{"@id":"https:\/\/www.schenglerindustrie.com\/#website"},"primaryImageOfPage":{"@id":"https:\/\/www.schenglerindustrie.com\/produit\/autocollant-monter-en-securite-en-cabine\/#primaryimage"},"image":{"@id":"https:\/\/www.schenglerindustrie.com\/produit\/autocollant-monter-en-securite-en-cabine\/#primaryimage"},"thumbnailUrl":"https:\/\/www.schenglerindustrie.com\/wp-content\/uploads\/2021\/07\/images.jpg","datePublished":"2021-07-09T08:41:41+00:00","dateModified":"2021-09-14T15:51:06+00:00","breadcrumb":{"@id":"https:\/\/www.schenglerindustrie.com\/produit\/autocollant-monter-en-securite-en-cabine\/#breadcrumb"},"inLanguage":"en-US","potentialAction":[{"@type":"ReadAction","target":["https:\/\/www.schenglerindustrie.com\/produit\/autocollant-monter-en-securite-en-cabine\/"]}]},{"@type":"ImageObject","inLanguage":"en-US","@id":"https:\/\/www.schenglerindustrie.com\/produit\/autocollant-monter-en-securite-en-cabine\/#primaryimage","url":"https:\/\/www.schenglerindustrie.com\/wp-content\/uploads\/2021\/07\/images.jpg","contentUrl":"https:\/\/www.schenglerindustrie.com\/wp-content\/uploads\/2021\/07\/images.jpg","width":225,"height":225},{"@type":"BreadcrumbList","@id":"https:\/\/www.schenglerindustrie.com\/produit\/autocollant-monter-en-securite-en-cabine\/#breadcrumb","itemListElement":[{"@type":"ListItem","position":1,"name":"Accueil","item":"https:\/\/schenglerindustrie.com\/en\/"},{"@type":"ListItem","position":2,"name":"Boutique","item":"https:\/\/schenglerindustrie.com\/en\/boutique\/"},{"@type":"ListItem","position":3,"name":"Autocollant monter en s\u00e9curit\u00e9 en cabine"}]},{"@type":"WebSite","@id":"https:\/\/www.schenglerindustrie.com\/#website","url":"https:\/\/www.schenglerindustrie.com\/","name":"Schengler Industrie","description":"","potentialAction":[{"@type":"SearchAction","target":{"@type":"EntryPoint","urlTemplate":"https:\/\/www.schenglerindustrie.com\/?s={search_term_string}"},"query-input":{"@type":"PropertyValueSpecification","valueRequired":true,"valueName":"search_term_string"}}],"inLanguage":"en-US"}]}},"_links":{"self":[{"href":"https:\/\/www.schenglerindustrie.com\/en\/wp-json\/wp\/v2\/product\/816","targetHints":{"allow":["GET"]}}],"collection":[{"href":"https:\/\/www.schenglerindustrie.com\/en\/wp-json\/wp\/v2\/product"}],"about":[{"href":"https:\/\/www.schenglerindustrie.com\/en\/wp-json\/wp\/v2\/types\/product"}],"replies":[{"embeddable":true,"href":"https:\/\/www.schenglerindustrie.com\/en\/wp-json\/wp\/v2\/comments?post=816"}],"wp:featuredmedia":[{"embeddable":true,"href":"https:\/\/www.schenglerindustrie.com\/en\/wp-json\/wp\/v2\/media\/1212"}],"wp:attachment":[{"href":"https:\/\/www.schenglerindustrie.com\/en\/wp-json\/wp\/v2\/media?parent=816"}],"wp:term":[{"taxonomy":"product_brand","embeddable":true,"href":"https:\/\/www.schenglerindustrie.com\/en\/wp-json\/wp\/v2\/product_brand?post=816"},{"taxonomy":"product_cat","embeddable":true,"href":"https:\/\/www.schenglerindustrie.com\/en\/wp-json\/wp\/v2\/product_cat?post=816"},{"taxonomy":"product_tag","embeddable":true,"href":"https:\/\/www.schenglerindustrie.com\/en\/wp-json\/wp\/v2\/product_tag?post=816"}],"curies":[{"name":"wp","href":"https:\/\/api.w.org\/{rel}","templated":true}]}}