{"id":810,"date":"2021-07-09T10:40:14","date_gmt":"2021-07-09T08:40:14","guid":{"rendered":"https:\/\/www.schenglerindustrie.com\/?post_type=product&#038;p=810"},"modified":"2021-09-16T14:38:06","modified_gmt":"2021-09-16T12:38:06","slug":"detecteur-de-continuite","status":"publish","type":"product","link":"https:\/\/www.schenglerindustrie.com\/en\/produit\/detecteur-de-continuite\/","title":{"rendered":"D\u00e9tecteur de continuit\u00e9"},"content":{"rendered":"","protected":false},"excerpt":{"rendered":"<p>D\u00e9tecteur de continuit\u00e9 en atmosph\u00e8re explosive<\/p>\n<p>Outil autonome de contr\u00f4le de continuit\u00e9 pour atmosph\u00e8re explosive selon ATEX 94\/9\/CE.<\/p>\n<p>Indication de continuit\u00e9 par vibreur.<\/p>\n<p>Fourni avec un cordon 2,5m muni d&#8217;une pointe de touche et d&#8217;une pince II 1 GD Ex ia IIC T4 ou T5 &#8211; IP6X T40\u00b0C &#8211; N\u00b0 LCIE 06 ATEX 6038 X<\/p>\n<p>Temp\u00e9rature ambiante d&#8217;utilisation max : -20\u00b0C \u00e0 +40\u00b0C<\/p>\n<p>Temp\u00e9rature de stockage : -40 a +80\u00b0C<\/p>\n<p>La continuit\u00e9 est d\u00e9tect\u00e9e jusqu\u2019\u00e0 une dizaine d\u2019ohms.<\/p>\n<p>Bo\u00eetier \u00e9tanche IP6X<\/p>\n<p>Est fourni avec les 2 accessoires pince et pointe de touche.<\/p>\n<p>&nbsp;<\/p>\n","protected":false},"featured_media":1241,"comment_status":"open","ping_status":"closed","template":"","meta":[],"product_brand":[],"product_cat":[41],"product_tag":[],"class_list":{"0":"post-810","1":"product","2":"type-product","3":"status-publish","4":"has-post-thumbnail","6":"product_cat-equipements-securite","8":"first","9":"instock","10":"shipping-taxable","11":"purchasable","12":"product-type-simple"},"yoast_head":"<!-- This site is optimized with the Yoast SEO plugin v27.4 - https:\/\/yoast.com\/product\/yoast-seo-wordpress\/ -->\n<title>D\u00e9tecteur de continuit\u00e9 - Schengler Industrie<\/title>\n<meta name=\"robots\" content=\"index, follow, max-snippet:-1, max-image-preview:large, max-video-preview:-1\" \/>\n<link rel=\"canonical\" href=\"https:\/\/www.schenglerindustrie.com\/en\/produit\/detecteur-de-continuite\/\" \/>\n<meta property=\"og:locale\" content=\"en_US\" \/>\n<meta property=\"og:type\" content=\"article\" \/>\n<meta property=\"og:title\" content=\"D\u00e9tecteur de continuit\u00e9 - Schengler Industrie\" \/>\n<meta property=\"og:description\" content=\"D\u00e9tecteur de continuit\u00e9 en atmosph\u00e8re explosive  Outil autonome de contr\u00f4le de continuit\u00e9 pour atmosph\u00e8re explosive selon ATEX 94\/9\/CE.  Indication de continuit\u00e9 par vibreur.  Fourni avec un cordon 2,5m muni d&#039;une pointe de touche et d&#039;une pince II 1 GD Ex ia IIC T4 ou T5 - IP6X T40\u00b0C - N\u00b0 LCIE 06 ATEX 6038 X  Temp\u00e9rature ambiante d&#039;utilisation max : -20\u00b0C \u00e0 +40\u00b0C  Temp\u00e9rature de stockage : -40 a +80\u00b0C  La continuit\u00e9 est d\u00e9tect\u00e9e jusqu\u2019\u00e0 une dizaine d\u2019ohms.  Bo\u00eetier \u00e9tanche IP6X  Est fourni avec les 2 accessoires pince et pointe de touche.  &nbsp;\" \/>\n<meta property=\"og:url\" content=\"https:\/\/www.schenglerindustrie.com\/en\/produit\/detecteur-de-continuite\/\" \/>\n<meta property=\"og:site_name\" content=\"Schengler Industrie\" \/>\n<meta property=\"article:modified_time\" content=\"2021-09-16T12:38:06+00:00\" \/>\n<meta property=\"og:image\" content=\"https:\/\/www.schenglerindustrie.com\/wp-content\/uploads\/2021\/07\/20120816_140213-scaled.jpg\" \/>\n\t<meta property=\"og:image:width\" content=\"2560\" \/>\n\t<meta property=\"og:image:height\" content=\"1920\" \/>\n\t<meta property=\"og:image:type\" content=\"image\/jpeg\" \/>\n<meta name=\"twitter:card\" content=\"summary_large_image\" \/>\n<script type=\"application\/ld+json\" class=\"yoast-schema-graph\">{\"@context\":\"https:\\\/\\\/schema.org\",\"@graph\":[{\"@type\":\"WebPage\",\"@id\":\"https:\\\/\\\/www.schenglerindustrie.com\\\/en\\\/produit\\\/detecteur-de-continuite\\\/\",\"url\":\"https:\\\/\\\/www.schenglerindustrie.com\\\/en\\\/produit\\\/detecteur-de-continuite\\\/\",\"name\":\"D\u00e9tecteur de continuit\u00e9 - Schengler Industrie\",\"isPartOf\":{\"@id\":\"https:\\\/\\\/www.schenglerindustrie.com\\\/#website\"},\"primaryImageOfPage\":{\"@id\":\"https:\\\/\\\/www.schenglerindustrie.com\\\/en\\\/produit\\\/detecteur-de-continuite\\\/#primaryimage\"},\"image\":{\"@id\":\"https:\\\/\\\/www.schenglerindustrie.com\\\/en\\\/produit\\\/detecteur-de-continuite\\\/#primaryimage\"},\"thumbnailUrl\":\"https:\\\/\\\/www.schenglerindustrie.com\\\/wp-content\\\/uploads\\\/2021\\\/07\\\/20120816_140213-scaled.jpg\",\"datePublished\":\"2021-07-09T08:40:14+00:00\",\"dateModified\":\"2021-09-16T12:38:06+00:00\",\"breadcrumb\":{\"@id\":\"https:\\\/\\\/www.schenglerindustrie.com\\\/en\\\/produit\\\/detecteur-de-continuite\\\/#breadcrumb\"},\"inLanguage\":\"en-US\",\"potentialAction\":[{\"@type\":\"ReadAction\",\"target\":[\"https:\\\/\\\/www.schenglerindustrie.com\\\/en\\\/produit\\\/detecteur-de-continuite\\\/\"]}]},{\"@type\":\"ImageObject\",\"inLanguage\":\"en-US\",\"@id\":\"https:\\\/\\\/www.schenglerindustrie.com\\\/en\\\/produit\\\/detecteur-de-continuite\\\/#primaryimage\",\"url\":\"https:\\\/\\\/www.schenglerindustrie.com\\\/wp-content\\\/uploads\\\/2021\\\/07\\\/20120816_140213-scaled.jpg\",\"contentUrl\":\"https:\\\/\\\/www.schenglerindustrie.com\\\/wp-content\\\/uploads\\\/2021\\\/07\\\/20120816_140213-scaled.jpg\",\"width\":2560,\"height\":1920},{\"@type\":\"BreadcrumbList\",\"@id\":\"https:\\\/\\\/www.schenglerindustrie.com\\\/en\\\/produit\\\/detecteur-de-continuite\\\/#breadcrumb\",\"itemListElement\":[{\"@type\":\"ListItem\",\"position\":1,\"name\":\"Accueil\",\"item\":\"https:\\\/\\\/schenglerindustrie.com\\\/en\\\/\"},{\"@type\":\"ListItem\",\"position\":2,\"name\":\"Boutique\",\"item\":\"https:\\\/\\\/schenglerindustrie.com\\\/en\\\/boutique\\\/\"},{\"@type\":\"ListItem\",\"position\":3,\"name\":\"D\u00e9tecteur de continuit\u00e9\"}]},{\"@type\":\"WebSite\",\"@id\":\"https:\\\/\\\/www.schenglerindustrie.com\\\/#website\",\"url\":\"https:\\\/\\\/www.schenglerindustrie.com\\\/\",\"name\":\"Schengler Industrie\",\"description\":\"\",\"potentialAction\":[{\"@type\":\"SearchAction\",\"target\":{\"@type\":\"EntryPoint\",\"urlTemplate\":\"https:\\\/\\\/www.schenglerindustrie.com\\\/?s={search_term_string}\"},\"query-input\":{\"@type\":\"PropertyValueSpecification\",\"valueRequired\":true,\"valueName\":\"search_term_string\"}}],\"inLanguage\":\"en-US\"}]}<\/script>\n<!-- \/ Yoast SEO plugin. -->","yoast_head_json":{"title":"D\u00e9tecteur de continuit\u00e9 - Schengler Industrie","robots":{"index":"index","follow":"follow","max-snippet":"max-snippet:-1","max-image-preview":"max-image-preview:large","max-video-preview":"max-video-preview:-1"},"canonical":"https:\/\/www.schenglerindustrie.com\/en\/produit\/detecteur-de-continuite\/","og_locale":"en_US","og_type":"article","og_title":"D\u00e9tecteur de continuit\u00e9 - Schengler Industrie","og_description":"D\u00e9tecteur de continuit\u00e9 en atmosph\u00e8re explosive  Outil autonome de contr\u00f4le de continuit\u00e9 pour atmosph\u00e8re explosive selon ATEX 94\/9\/CE.  Indication de continuit\u00e9 par vibreur.  Fourni avec un cordon 2,5m muni d'une pointe de touche et d'une pince II 1 GD Ex ia IIC T4 ou T5 - IP6X T40\u00b0C - N\u00b0 LCIE 06 ATEX 6038 X  Temp\u00e9rature ambiante d'utilisation max : -20\u00b0C \u00e0 +40\u00b0C  Temp\u00e9rature de stockage : -40 a +80\u00b0C  La continuit\u00e9 est d\u00e9tect\u00e9e jusqu\u2019\u00e0 une dizaine d\u2019ohms.  Bo\u00eetier \u00e9tanche IP6X  Est fourni avec les 2 accessoires pince et pointe de touche.  &nbsp;","og_url":"https:\/\/www.schenglerindustrie.com\/en\/produit\/detecteur-de-continuite\/","og_site_name":"Schengler Industrie","article_modified_time":"2021-09-16T12:38:06+00:00","og_image":[{"width":2560,"height":1920,"url":"https:\/\/www.schenglerindustrie.com\/wp-content\/uploads\/2021\/07\/20120816_140213-scaled.jpg","type":"image\/jpeg"}],"twitter_card":"summary_large_image","schema":{"@context":"https:\/\/schema.org","@graph":[{"@type":"WebPage","@id":"https:\/\/www.schenglerindustrie.com\/en\/produit\/detecteur-de-continuite\/","url":"https:\/\/www.schenglerindustrie.com\/en\/produit\/detecteur-de-continuite\/","name":"D\u00e9tecteur de continuit\u00e9 - Schengler Industrie","isPartOf":{"@id":"https:\/\/www.schenglerindustrie.com\/#website"},"primaryImageOfPage":{"@id":"https:\/\/www.schenglerindustrie.com\/en\/produit\/detecteur-de-continuite\/#primaryimage"},"image":{"@id":"https:\/\/www.schenglerindustrie.com\/en\/produit\/detecteur-de-continuite\/#primaryimage"},"thumbnailUrl":"https:\/\/www.schenglerindustrie.com\/wp-content\/uploads\/2021\/07\/20120816_140213-scaled.jpg","datePublished":"2021-07-09T08:40:14+00:00","dateModified":"2021-09-16T12:38:06+00:00","breadcrumb":{"@id":"https:\/\/www.schenglerindustrie.com\/en\/produit\/detecteur-de-continuite\/#breadcrumb"},"inLanguage":"en-US","potentialAction":[{"@type":"ReadAction","target":["https:\/\/www.schenglerindustrie.com\/en\/produit\/detecteur-de-continuite\/"]}]},{"@type":"ImageObject","inLanguage":"en-US","@id":"https:\/\/www.schenglerindustrie.com\/en\/produit\/detecteur-de-continuite\/#primaryimage","url":"https:\/\/www.schenglerindustrie.com\/wp-content\/uploads\/2021\/07\/20120816_140213-scaled.jpg","contentUrl":"https:\/\/www.schenglerindustrie.com\/wp-content\/uploads\/2021\/07\/20120816_140213-scaled.jpg","width":2560,"height":1920},{"@type":"BreadcrumbList","@id":"https:\/\/www.schenglerindustrie.com\/en\/produit\/detecteur-de-continuite\/#breadcrumb","itemListElement":[{"@type":"ListItem","position":1,"name":"Accueil","item":"https:\/\/schenglerindustrie.com\/en\/"},{"@type":"ListItem","position":2,"name":"Boutique","item":"https:\/\/schenglerindustrie.com\/en\/boutique\/"},{"@type":"ListItem","position":3,"name":"D\u00e9tecteur de continuit\u00e9"}]},{"@type":"WebSite","@id":"https:\/\/www.schenglerindustrie.com\/#website","url":"https:\/\/www.schenglerindustrie.com\/","name":"Schengler Industrie","description":"","potentialAction":[{"@type":"SearchAction","target":{"@type":"EntryPoint","urlTemplate":"https:\/\/www.schenglerindustrie.com\/?s={search_term_string}"},"query-input":{"@type":"PropertyValueSpecification","valueRequired":true,"valueName":"search_term_string"}}],"inLanguage":"en-US"}]}},"_links":{"self":[{"href":"https:\/\/www.schenglerindustrie.com\/en\/wp-json\/wp\/v2\/product\/810","targetHints":{"allow":["GET"]}}],"collection":[{"href":"https:\/\/www.schenglerindustrie.com\/en\/wp-json\/wp\/v2\/product"}],"about":[{"href":"https:\/\/www.schenglerindustrie.com\/en\/wp-json\/wp\/v2\/types\/product"}],"replies":[{"embeddable":true,"href":"https:\/\/www.schenglerindustrie.com\/en\/wp-json\/wp\/v2\/comments?post=810"}],"wp:featuredmedia":[{"embeddable":true,"href":"https:\/\/www.schenglerindustrie.com\/en\/wp-json\/wp\/v2\/media\/1241"}],"wp:attachment":[{"href":"https:\/\/www.schenglerindustrie.com\/en\/wp-json\/wp\/v2\/media?parent=810"}],"wp:term":[{"taxonomy":"product_brand","embeddable":true,"href":"https:\/\/www.schenglerindustrie.com\/en\/wp-json\/wp\/v2\/product_brand?post=810"},{"taxonomy":"product_cat","embeddable":true,"href":"https:\/\/www.schenglerindustrie.com\/en\/wp-json\/wp\/v2\/product_cat?post=810"},{"taxonomy":"product_tag","embeddable":true,"href":"https:\/\/www.schenglerindustrie.com\/en\/wp-json\/wp\/v2\/product_tag?post=810"}],"curies":[{"name":"wp","href":"https:\/\/api.w.org\/{rel}","templated":true}]}}