{"id":805,"date":"2021-07-09T10:39:06","date_gmt":"2021-07-09T08:39:06","guid":{"rendered":"https:\/\/www.schenglerindustrie.com\/?post_type=product&#038;p=805"},"modified":"2021-09-16T15:47:09","modified_gmt":"2021-09-16T13:47:09","slug":"enrouleur-de-cable-de-masse","status":"publish","type":"product","link":"https:\/\/www.schenglerindustrie.com\/en\/produit\/enrouleur-de-cable-de-masse\/","title":{"rendered":"Enrouleur de c\u00e2ble de masse"},"content":{"rendered":"","protected":false},"excerpt":{"rendered":"<p>Enrouleur de c\u00e2ble de masse ouvert aluminium avec pince asym\u00e9trique laiton aviation.<\/p>\n<p>Moyeu inox &#8211; Flasques aluminium usin\u00e9s dans la masse, bords usin\u00e9s non coupants, \u00e9paisseur flasque : 10 mm &#8211;\u00a0 Guide c\u00e2ble facilitant l\u2019entr\u00e9e et la sortie du c\u00e2ble &#8211; Continuit\u00e9 \u00e9lectrique assur\u00e9e par plusieurs charbons d\u00e9montables<\/p>\n<p>C\u00e2ble de mise \u00e0 la terre de 25M<\/p>\n<p>Pince de masse asym\u00e9trique laiton<\/p>\n","protected":false},"featured_media":1257,"comment_status":"open","ping_status":"closed","template":"","meta":[],"product_brand":[],"product_cat":[41],"product_tag":[],"class_list":{"0":"post-805","1":"product","2":"type-product","3":"status-publish","4":"has-post-thumbnail","6":"product_cat-equipements-securite","8":"first","9":"instock","10":"shipping-taxable","11":"purchasable","12":"product-type-simple"},"yoast_head":"<!-- This site is optimized with the Yoast SEO plugin v25.5 - https:\/\/yoast.com\/wordpress\/plugins\/seo\/ -->\n<title>Enrouleur de c\u00e2ble de masse - Schengler Industrie<\/title>\n<meta name=\"robots\" content=\"index, follow, max-snippet:-1, max-image-preview:large, max-video-preview:-1\" \/>\n<link rel=\"canonical\" href=\"https:\/\/www.schenglerindustrie.com\/produit\/enrouleur-de-cable-de-masse\/\" \/>\n<meta property=\"og:locale\" content=\"en_US\" \/>\n<meta property=\"og:type\" content=\"article\" \/>\n<meta property=\"og:title\" content=\"Enrouleur de c\u00e2ble de masse - Schengler Industrie\" \/>\n<meta property=\"og:description\" content=\"Enrouleur de c\u00e2ble de masse ouvert aluminium avec pince asym\u00e9trique laiton aviation.  Moyeu inox - Flasques aluminium usin\u00e9s dans la masse, bords usin\u00e9s non coupants, \u00e9paisseur flasque : 10 mm -\u00a0 Guide c\u00e2ble facilitant l\u2019entr\u00e9e et la sortie du c\u00e2ble - Continuit\u00e9 \u00e9lectrique assur\u00e9e par plusieurs charbons d\u00e9montables  C\u00e2ble de mise \u00e0 la terre de 25M  Pince de masse asym\u00e9trique laiton\" \/>\n<meta property=\"og:url\" content=\"https:\/\/www.schenglerindustrie.com\/produit\/enrouleur-de-cable-de-masse\/\" \/>\n<meta property=\"og:site_name\" content=\"Schengler Industrie\" \/>\n<meta property=\"article:modified_time\" content=\"2021-09-16T13:47:09+00:00\" \/>\n<meta property=\"og:image\" content=\"https:\/\/www.schenglerindustrie.com\/wp-content\/uploads\/2021\/07\/Enrouleur-cable-masse-scaled.jpg\" \/>\n\t<meta property=\"og:image:width\" content=\"2560\" \/>\n\t<meta property=\"og:image:height\" content=\"1709\" \/>\n\t<meta property=\"og:image:type\" content=\"image\/jpeg\" \/>\n<meta name=\"twitter:card\" content=\"summary_large_image\" \/>\n<script type=\"application\/ld+json\" class=\"yoast-schema-graph\">{\"@context\":\"https:\/\/schema.org\",\"@graph\":[{\"@type\":\"WebPage\",\"@id\":\"https:\/\/www.schenglerindustrie.com\/produit\/enrouleur-de-cable-de-masse\/\",\"url\":\"https:\/\/www.schenglerindustrie.com\/produit\/enrouleur-de-cable-de-masse\/\",\"name\":\"Enrouleur de c\u00e2ble de masse - Schengler Industrie\",\"isPartOf\":{\"@id\":\"https:\/\/www.schenglerindustrie.com\/#website\"},\"primaryImageOfPage\":{\"@id\":\"https:\/\/www.schenglerindustrie.com\/produit\/enrouleur-de-cable-de-masse\/#primaryimage\"},\"image\":{\"@id\":\"https:\/\/www.schenglerindustrie.com\/produit\/enrouleur-de-cable-de-masse\/#primaryimage\"},\"thumbnailUrl\":\"https:\/\/www.schenglerindustrie.com\/wp-content\/uploads\/2021\/07\/Enrouleur-cable-masse-scaled.jpg\",\"datePublished\":\"2021-07-09T08:39:06+00:00\",\"dateModified\":\"2021-09-16T13:47:09+00:00\",\"breadcrumb\":{\"@id\":\"https:\/\/www.schenglerindustrie.com\/produit\/enrouleur-de-cable-de-masse\/#breadcrumb\"},\"inLanguage\":\"en-US\",\"potentialAction\":[{\"@type\":\"ReadAction\",\"target\":[\"https:\/\/www.schenglerindustrie.com\/produit\/enrouleur-de-cable-de-masse\/\"]}]},{\"@type\":\"ImageObject\",\"inLanguage\":\"en-US\",\"@id\":\"https:\/\/www.schenglerindustrie.com\/produit\/enrouleur-de-cable-de-masse\/#primaryimage\",\"url\":\"https:\/\/www.schenglerindustrie.com\/wp-content\/uploads\/2021\/07\/Enrouleur-cable-masse-scaled.jpg\",\"contentUrl\":\"https:\/\/www.schenglerindustrie.com\/wp-content\/uploads\/2021\/07\/Enrouleur-cable-masse-scaled.jpg\",\"width\":2560,\"height\":1709},{\"@type\":\"BreadcrumbList\",\"@id\":\"https:\/\/www.schenglerindustrie.com\/produit\/enrouleur-de-cable-de-masse\/#breadcrumb\",\"itemListElement\":[{\"@type\":\"ListItem\",\"position\":1,\"name\":\"Accueil\",\"item\":\"https:\/\/schenglerindustrie.com\/en\/\"},{\"@type\":\"ListItem\",\"position\":2,\"name\":\"Boutique\",\"item\":\"https:\/\/schenglerindustrie.com\/en\/boutique\/\"},{\"@type\":\"ListItem\",\"position\":3,\"name\":\"Enrouleur de c\u00e2ble de masse\"}]},{\"@type\":\"WebSite\",\"@id\":\"https:\/\/www.schenglerindustrie.com\/#website\",\"url\":\"https:\/\/www.schenglerindustrie.com\/\",\"name\":\"Schengler Industrie\",\"description\":\"\",\"potentialAction\":[{\"@type\":\"SearchAction\",\"target\":{\"@type\":\"EntryPoint\",\"urlTemplate\":\"https:\/\/www.schenglerindustrie.com\/?s={search_term_string}\"},\"query-input\":{\"@type\":\"PropertyValueSpecification\",\"valueRequired\":true,\"valueName\":\"search_term_string\"}}],\"inLanguage\":\"en-US\"}]}<\/script>\n<!-- \/ Yoast SEO plugin. -->","yoast_head_json":{"title":"Enrouleur de c\u00e2ble de masse - Schengler Industrie","robots":{"index":"index","follow":"follow","max-snippet":"max-snippet:-1","max-image-preview":"max-image-preview:large","max-video-preview":"max-video-preview:-1"},"canonical":"https:\/\/www.schenglerindustrie.com\/produit\/enrouleur-de-cable-de-masse\/","og_locale":"en_US","og_type":"article","og_title":"Enrouleur de c\u00e2ble de masse - Schengler Industrie","og_description":"Enrouleur de c\u00e2ble de masse ouvert aluminium avec pince asym\u00e9trique laiton aviation.  Moyeu inox - Flasques aluminium usin\u00e9s dans la masse, bords usin\u00e9s non coupants, \u00e9paisseur flasque : 10 mm -\u00a0 Guide c\u00e2ble facilitant l\u2019entr\u00e9e et la sortie du c\u00e2ble - Continuit\u00e9 \u00e9lectrique assur\u00e9e par plusieurs charbons d\u00e9montables  C\u00e2ble de mise \u00e0 la terre de 25M  Pince de masse asym\u00e9trique laiton","og_url":"https:\/\/www.schenglerindustrie.com\/produit\/enrouleur-de-cable-de-masse\/","og_site_name":"Schengler Industrie","article_modified_time":"2021-09-16T13:47:09+00:00","og_image":[{"width":2560,"height":1709,"url":"https:\/\/www.schenglerindustrie.com\/wp-content\/uploads\/2021\/07\/Enrouleur-cable-masse-scaled.jpg","type":"image\/jpeg"}],"twitter_card":"summary_large_image","schema":{"@context":"https:\/\/schema.org","@graph":[{"@type":"WebPage","@id":"https:\/\/www.schenglerindustrie.com\/produit\/enrouleur-de-cable-de-masse\/","url":"https:\/\/www.schenglerindustrie.com\/produit\/enrouleur-de-cable-de-masse\/","name":"Enrouleur de c\u00e2ble de masse - Schengler Industrie","isPartOf":{"@id":"https:\/\/www.schenglerindustrie.com\/#website"},"primaryImageOfPage":{"@id":"https:\/\/www.schenglerindustrie.com\/produit\/enrouleur-de-cable-de-masse\/#primaryimage"},"image":{"@id":"https:\/\/www.schenglerindustrie.com\/produit\/enrouleur-de-cable-de-masse\/#primaryimage"},"thumbnailUrl":"https:\/\/www.schenglerindustrie.com\/wp-content\/uploads\/2021\/07\/Enrouleur-cable-masse-scaled.jpg","datePublished":"2021-07-09T08:39:06+00:00","dateModified":"2021-09-16T13:47:09+00:00","breadcrumb":{"@id":"https:\/\/www.schenglerindustrie.com\/produit\/enrouleur-de-cable-de-masse\/#breadcrumb"},"inLanguage":"en-US","potentialAction":[{"@type":"ReadAction","target":["https:\/\/www.schenglerindustrie.com\/produit\/enrouleur-de-cable-de-masse\/"]}]},{"@type":"ImageObject","inLanguage":"en-US","@id":"https:\/\/www.schenglerindustrie.com\/produit\/enrouleur-de-cable-de-masse\/#primaryimage","url":"https:\/\/www.schenglerindustrie.com\/wp-content\/uploads\/2021\/07\/Enrouleur-cable-masse-scaled.jpg","contentUrl":"https:\/\/www.schenglerindustrie.com\/wp-content\/uploads\/2021\/07\/Enrouleur-cable-masse-scaled.jpg","width":2560,"height":1709},{"@type":"BreadcrumbList","@id":"https:\/\/www.schenglerindustrie.com\/produit\/enrouleur-de-cable-de-masse\/#breadcrumb","itemListElement":[{"@type":"ListItem","position":1,"name":"Accueil","item":"https:\/\/schenglerindustrie.com\/en\/"},{"@type":"ListItem","position":2,"name":"Boutique","item":"https:\/\/schenglerindustrie.com\/en\/boutique\/"},{"@type":"ListItem","position":3,"name":"Enrouleur de c\u00e2ble de masse"}]},{"@type":"WebSite","@id":"https:\/\/www.schenglerindustrie.com\/#website","url":"https:\/\/www.schenglerindustrie.com\/","name":"Schengler Industrie","description":"","potentialAction":[{"@type":"SearchAction","target":{"@type":"EntryPoint","urlTemplate":"https:\/\/www.schenglerindustrie.com\/?s={search_term_string}"},"query-input":{"@type":"PropertyValueSpecification","valueRequired":true,"valueName":"search_term_string"}}],"inLanguage":"en-US"}]}},"_links":{"self":[{"href":"https:\/\/www.schenglerindustrie.com\/en\/wp-json\/wp\/v2\/product\/805","targetHints":{"allow":["GET"]}}],"collection":[{"href":"https:\/\/www.schenglerindustrie.com\/en\/wp-json\/wp\/v2\/product"}],"about":[{"href":"https:\/\/www.schenglerindustrie.com\/en\/wp-json\/wp\/v2\/types\/product"}],"replies":[{"embeddable":true,"href":"https:\/\/www.schenglerindustrie.com\/en\/wp-json\/wp\/v2\/comments?post=805"}],"wp:featuredmedia":[{"embeddable":true,"href":"https:\/\/www.schenglerindustrie.com\/en\/wp-json\/wp\/v2\/media\/1257"}],"wp:attachment":[{"href":"https:\/\/www.schenglerindustrie.com\/en\/wp-json\/wp\/v2\/media?parent=805"}],"wp:term":[{"taxonomy":"product_brand","embeddable":true,"href":"https:\/\/www.schenglerindustrie.com\/en\/wp-json\/wp\/v2\/product_brand?post=805"},{"taxonomy":"product_cat","embeddable":true,"href":"https:\/\/www.schenglerindustrie.com\/en\/wp-json\/wp\/v2\/product_cat?post=805"},{"taxonomy":"product_tag","embeddable":true,"href":"https:\/\/www.schenglerindustrie.com\/en\/wp-json\/wp\/v2\/product_tag?post=805"}],"curies":[{"name":"wp","href":"https:\/\/api.w.org\/{rel}","templated":true}]}}