{"id":788,"date":"2021-07-09T10:12:08","date_gmt":"2021-07-09T08:12:08","guid":{"rendered":"https:\/\/www.schenglerindustrie.com\/?post_type=product&#038;p=788"},"modified":"2021-09-16T16:20:28","modified_gmt":"2021-09-16T14:20:28","slug":"detecteur-de-gaz","status":"publish","type":"product","link":"https:\/\/www.schenglerindustrie.com\/en\/produit\/detecteur-de-gaz\/","title":{"rendered":"D\u00e9tecteur de gaz"},"content":{"rendered":"","protected":false},"excerpt":{"rendered":"<p>D\u00e9tecteur de un \u00e0 quatre gaz avec une large gamme d&#8217;options de cellules\u00a0: CH4, CO, H\u00b2S et O\u00b2<\/p>\n<p>Les \u00e9chantillons peuvent \u00eatre pris jusqu&#8217;\u00e0 30 m\u00e8tres de distance avec une pompe d&#8217;\u00e9chantillonnage int\u00e9gr\u00e9e (en option)<\/p>\n<p>D\u00e9tecteur portatif peu encombrant<\/p>\n<p>Possibilit\u00e9 d\u2019un surmoulage ATEX de couleur orange<\/p>\n<p>Batterie longue dur\u00e9e jusqu\u2019\u00e0 20 heures (sans la pompe)<\/p>\n","protected":false},"featured_media":1285,"comment_status":"open","ping_status":"closed","template":"","meta":[],"product_brand":[],"product_cat":[40],"product_tag":[],"class_list":{"0":"post-788","1":"product","2":"type-product","3":"status-publish","4":"has-post-thumbnail","6":"product_cat-protection-individuelle","8":"first","9":"instock","10":"shipping-taxable","11":"purchasable","12":"product-type-simple"},"yoast_head":"<!-- This site is optimized with the Yoast SEO plugin v25.5 - https:\/\/yoast.com\/wordpress\/plugins\/seo\/ -->\n<title>D\u00e9tecteur de gaz - Schengler Industrie<\/title>\n<meta name=\"robots\" content=\"index, follow, max-snippet:-1, max-image-preview:large, max-video-preview:-1\" \/>\n<link rel=\"canonical\" href=\"https:\/\/www.schenglerindustrie.com\/produit\/detecteur-de-gaz\/\" \/>\n<meta property=\"og:locale\" content=\"en_US\" \/>\n<meta property=\"og:type\" content=\"article\" \/>\n<meta property=\"og:title\" content=\"D\u00e9tecteur de gaz - Schengler Industrie\" \/>\n<meta property=\"og:description\" content=\"D\u00e9tecteur de un \u00e0 quatre gaz avec une large gamme d&#039;options de cellules\u00a0: CH4, CO, H\u00b2S et O\u00b2  Les \u00e9chantillons peuvent \u00eatre pris jusqu&#039;\u00e0 30 m\u00e8tres de distance avec une pompe d&#039;\u00e9chantillonnage int\u00e9gr\u00e9e (en option)  D\u00e9tecteur portatif peu encombrant  Possibilit\u00e9 d\u2019un surmoulage ATEX de couleur orange  Batterie longue dur\u00e9e jusqu\u2019\u00e0 20 heures (sans la pompe)\" \/>\n<meta property=\"og:url\" content=\"https:\/\/www.schenglerindustrie.com\/produit\/detecteur-de-gaz\/\" \/>\n<meta property=\"og:site_name\" content=\"Schengler Industrie\" \/>\n<meta property=\"article:modified_time\" content=\"2021-09-16T14:20:28+00:00\" \/>\n<meta property=\"og:image\" content=\"https:\/\/www.schenglerindustrie.com\/wp-content\/uploads\/2021\/07\/Detecteur-de-gaz-scaled.jpg\" \/>\n\t<meta property=\"og:image:width\" content=\"2560\" \/>\n\t<meta property=\"og:image:height\" content=\"1709\" \/>\n\t<meta property=\"og:image:type\" content=\"image\/jpeg\" \/>\n<meta name=\"twitter:card\" content=\"summary_large_image\" \/>\n<script type=\"application\/ld+json\" class=\"yoast-schema-graph\">{\"@context\":\"https:\/\/schema.org\",\"@graph\":[{\"@type\":\"WebPage\",\"@id\":\"https:\/\/www.schenglerindustrie.com\/produit\/detecteur-de-gaz\/\",\"url\":\"https:\/\/www.schenglerindustrie.com\/produit\/detecteur-de-gaz\/\",\"name\":\"D\u00e9tecteur de gaz - Schengler Industrie\",\"isPartOf\":{\"@id\":\"https:\/\/www.schenglerindustrie.com\/#website\"},\"primaryImageOfPage\":{\"@id\":\"https:\/\/www.schenglerindustrie.com\/produit\/detecteur-de-gaz\/#primaryimage\"},\"image\":{\"@id\":\"https:\/\/www.schenglerindustrie.com\/produit\/detecteur-de-gaz\/#primaryimage\"},\"thumbnailUrl\":\"https:\/\/www.schenglerindustrie.com\/wp-content\/uploads\/2021\/07\/Detecteur-de-gaz-scaled.jpg\",\"datePublished\":\"2021-07-09T08:12:08+00:00\",\"dateModified\":\"2021-09-16T14:20:28+00:00\",\"breadcrumb\":{\"@id\":\"https:\/\/www.schenglerindustrie.com\/produit\/detecteur-de-gaz\/#breadcrumb\"},\"inLanguage\":\"en-US\",\"potentialAction\":[{\"@type\":\"ReadAction\",\"target\":[\"https:\/\/www.schenglerindustrie.com\/produit\/detecteur-de-gaz\/\"]}]},{\"@type\":\"ImageObject\",\"inLanguage\":\"en-US\",\"@id\":\"https:\/\/www.schenglerindustrie.com\/produit\/detecteur-de-gaz\/#primaryimage\",\"url\":\"https:\/\/www.schenglerindustrie.com\/wp-content\/uploads\/2021\/07\/Detecteur-de-gaz-scaled.jpg\",\"contentUrl\":\"https:\/\/www.schenglerindustrie.com\/wp-content\/uploads\/2021\/07\/Detecteur-de-gaz-scaled.jpg\",\"width\":2560,\"height\":1709},{\"@type\":\"BreadcrumbList\",\"@id\":\"https:\/\/www.schenglerindustrie.com\/produit\/detecteur-de-gaz\/#breadcrumb\",\"itemListElement\":[{\"@type\":\"ListItem\",\"position\":1,\"name\":\"Accueil\",\"item\":\"https:\/\/schenglerindustrie.com\/en\/\"},{\"@type\":\"ListItem\",\"position\":2,\"name\":\"Boutique\",\"item\":\"https:\/\/schenglerindustrie.com\/en\/boutique\/\"},{\"@type\":\"ListItem\",\"position\":3,\"name\":\"D\u00e9tecteur de gaz\"}]},{\"@type\":\"WebSite\",\"@id\":\"https:\/\/www.schenglerindustrie.com\/#website\",\"url\":\"https:\/\/www.schenglerindustrie.com\/\",\"name\":\"Schengler Industrie\",\"description\":\"\",\"potentialAction\":[{\"@type\":\"SearchAction\",\"target\":{\"@type\":\"EntryPoint\",\"urlTemplate\":\"https:\/\/www.schenglerindustrie.com\/?s={search_term_string}\"},\"query-input\":{\"@type\":\"PropertyValueSpecification\",\"valueRequired\":true,\"valueName\":\"search_term_string\"}}],\"inLanguage\":\"en-US\"}]}<\/script>\n<!-- \/ Yoast SEO plugin. -->","yoast_head_json":{"title":"D\u00e9tecteur de gaz - Schengler Industrie","robots":{"index":"index","follow":"follow","max-snippet":"max-snippet:-1","max-image-preview":"max-image-preview:large","max-video-preview":"max-video-preview:-1"},"canonical":"https:\/\/www.schenglerindustrie.com\/produit\/detecteur-de-gaz\/","og_locale":"en_US","og_type":"article","og_title":"D\u00e9tecteur de gaz - Schengler Industrie","og_description":"D\u00e9tecteur de un \u00e0 quatre gaz avec une large gamme d'options de cellules\u00a0: CH4, CO, H\u00b2S et O\u00b2  Les \u00e9chantillons peuvent \u00eatre pris jusqu'\u00e0 30 m\u00e8tres de distance avec une pompe d'\u00e9chantillonnage int\u00e9gr\u00e9e (en option)  D\u00e9tecteur portatif peu encombrant  Possibilit\u00e9 d\u2019un surmoulage ATEX de couleur orange  Batterie longue dur\u00e9e jusqu\u2019\u00e0 20 heures (sans la pompe)","og_url":"https:\/\/www.schenglerindustrie.com\/produit\/detecteur-de-gaz\/","og_site_name":"Schengler Industrie","article_modified_time":"2021-09-16T14:20:28+00:00","og_image":[{"width":2560,"height":1709,"url":"https:\/\/www.schenglerindustrie.com\/wp-content\/uploads\/2021\/07\/Detecteur-de-gaz-scaled.jpg","type":"image\/jpeg"}],"twitter_card":"summary_large_image","schema":{"@context":"https:\/\/schema.org","@graph":[{"@type":"WebPage","@id":"https:\/\/www.schenglerindustrie.com\/produit\/detecteur-de-gaz\/","url":"https:\/\/www.schenglerindustrie.com\/produit\/detecteur-de-gaz\/","name":"D\u00e9tecteur de gaz - Schengler Industrie","isPartOf":{"@id":"https:\/\/www.schenglerindustrie.com\/#website"},"primaryImageOfPage":{"@id":"https:\/\/www.schenglerindustrie.com\/produit\/detecteur-de-gaz\/#primaryimage"},"image":{"@id":"https:\/\/www.schenglerindustrie.com\/produit\/detecteur-de-gaz\/#primaryimage"},"thumbnailUrl":"https:\/\/www.schenglerindustrie.com\/wp-content\/uploads\/2021\/07\/Detecteur-de-gaz-scaled.jpg","datePublished":"2021-07-09T08:12:08+00:00","dateModified":"2021-09-16T14:20:28+00:00","breadcrumb":{"@id":"https:\/\/www.schenglerindustrie.com\/produit\/detecteur-de-gaz\/#breadcrumb"},"inLanguage":"en-US","potentialAction":[{"@type":"ReadAction","target":["https:\/\/www.schenglerindustrie.com\/produit\/detecteur-de-gaz\/"]}]},{"@type":"ImageObject","inLanguage":"en-US","@id":"https:\/\/www.schenglerindustrie.com\/produit\/detecteur-de-gaz\/#primaryimage","url":"https:\/\/www.schenglerindustrie.com\/wp-content\/uploads\/2021\/07\/Detecteur-de-gaz-scaled.jpg","contentUrl":"https:\/\/www.schenglerindustrie.com\/wp-content\/uploads\/2021\/07\/Detecteur-de-gaz-scaled.jpg","width":2560,"height":1709},{"@type":"BreadcrumbList","@id":"https:\/\/www.schenglerindustrie.com\/produit\/detecteur-de-gaz\/#breadcrumb","itemListElement":[{"@type":"ListItem","position":1,"name":"Accueil","item":"https:\/\/schenglerindustrie.com\/en\/"},{"@type":"ListItem","position":2,"name":"Boutique","item":"https:\/\/schenglerindustrie.com\/en\/boutique\/"},{"@type":"ListItem","position":3,"name":"D\u00e9tecteur de gaz"}]},{"@type":"WebSite","@id":"https:\/\/www.schenglerindustrie.com\/#website","url":"https:\/\/www.schenglerindustrie.com\/","name":"Schengler Industrie","description":"","potentialAction":[{"@type":"SearchAction","target":{"@type":"EntryPoint","urlTemplate":"https:\/\/www.schenglerindustrie.com\/?s={search_term_string}"},"query-input":{"@type":"PropertyValueSpecification","valueRequired":true,"valueName":"search_term_string"}}],"inLanguage":"en-US"}]}},"_links":{"self":[{"href":"https:\/\/www.schenglerindustrie.com\/en\/wp-json\/wp\/v2\/product\/788","targetHints":{"allow":["GET"]}}],"collection":[{"href":"https:\/\/www.schenglerindustrie.com\/en\/wp-json\/wp\/v2\/product"}],"about":[{"href":"https:\/\/www.schenglerindustrie.com\/en\/wp-json\/wp\/v2\/types\/product"}],"replies":[{"embeddable":true,"href":"https:\/\/www.schenglerindustrie.com\/en\/wp-json\/wp\/v2\/comments?post=788"}],"wp:featuredmedia":[{"embeddable":true,"href":"https:\/\/www.schenglerindustrie.com\/en\/wp-json\/wp\/v2\/media\/1285"}],"wp:attachment":[{"href":"https:\/\/www.schenglerindustrie.com\/en\/wp-json\/wp\/v2\/media?parent=788"}],"wp:term":[{"taxonomy":"product_brand","embeddable":true,"href":"https:\/\/www.schenglerindustrie.com\/en\/wp-json\/wp\/v2\/product_brand?post=788"},{"taxonomy":"product_cat","embeddable":true,"href":"https:\/\/www.schenglerindustrie.com\/en\/wp-json\/wp\/v2\/product_cat?post=788"},{"taxonomy":"product_tag","embeddable":true,"href":"https:\/\/www.schenglerindustrie.com\/en\/wp-json\/wp\/v2\/product_tag?post=788"}],"curies":[{"name":"wp","href":"https:\/\/api.w.org\/{rel}","templated":true}]}}