{"id":781,"date":"2021-07-09T10:07:47","date_gmt":"2021-07-09T08:07:47","guid":{"rendered":"https:\/\/www.schenglerindustrie.com\/?post_type=product&#038;p=781"},"modified":"2021-09-16T16:45:31","modified_gmt":"2021-09-16T14:45:31","slug":"densimetre","status":"publish","type":"product","link":"https:\/\/www.schenglerindustrie.com\/en\/produit\/densimetre\/","title":{"rendered":"Densim\u00e8tre"},"content":{"rendered":"","protected":false},"excerpt":{"rendered":"<p>Tige en verre<\/p>\n<p>Lecture au-dessus du m\u00e9nisque<\/p>\n<p>Trait de rep\u00e8re ind\u00e9l\u00e9bile grav\u00e9 sur la tige signale tout d\u00e9placement \u00e9ventuel de l\u2019\u00e9chelle<\/p>\n<p>Certificat d\u2019\u00e9talonnage<\/p>\n<p>Diff\u00e9rents mod\u00e8les\u00a0:<\/p>\n<p>*densim\u00e8tre ISO 749 SP\u00a0 700\/750 \u00e0 15\u00b0 Jet A1\u00a0 0.0005G\/L\u00a0 15\u00b0C L50<\/p>\n<p>*densim\u00e8tre 650\/750 \u00e0 15\u00b0C Avgas 0.001G\/L non normalis\u00e9<\/p>\n<p>*densim\u00e8tre 750\/850 \u00e0 15\u00b0C Jet A1\u00a0 0.001G\/L non normalis\u00e9<\/p>\n","protected":false},"featured_media":1299,"comment_status":"open","ping_status":"closed","template":"","meta":[],"product_brand":[],"product_cat":[38],"product_tag":[],"class_list":{"0":"post-781","1":"product","2":"type-product","3":"status-publish","4":"has-post-thumbnail","6":"product_cat-qualite-produits","8":"first","9":"instock","10":"shipping-taxable","11":"purchasable","12":"product-type-simple"},"yoast_head":"<!-- This site is optimized with the Yoast SEO plugin v25.5 - https:\/\/yoast.com\/wordpress\/plugins\/seo\/ -->\n<title>Densim\u00e8tre - Schengler Industrie<\/title>\n<meta name=\"robots\" content=\"index, follow, max-snippet:-1, max-image-preview:large, max-video-preview:-1\" \/>\n<link rel=\"canonical\" href=\"https:\/\/www.schenglerindustrie.com\/produit\/densimetre\/\" \/>\n<meta property=\"og:locale\" content=\"en_US\" \/>\n<meta property=\"og:type\" content=\"article\" \/>\n<meta property=\"og:title\" content=\"Densim\u00e8tre - Schengler Industrie\" \/>\n<meta property=\"og:description\" content=\"Tige en verre  Lecture au-dessus du m\u00e9nisque  Trait de rep\u00e8re ind\u00e9l\u00e9bile grav\u00e9 sur la tige signale tout d\u00e9placement \u00e9ventuel de l\u2019\u00e9chelle  Certificat d\u2019\u00e9talonnage  Diff\u00e9rents mod\u00e8les\u00a0:  *densim\u00e8tre ISO 749 SP\u00a0 700\/750 \u00e0 15\u00b0 Jet A1\u00a0 0.0005G\/L\u00a0 15\u00b0C L50  *densim\u00e8tre 650\/750 \u00e0 15\u00b0C Avgas 0.001G\/L non normalis\u00e9  *densim\u00e8tre 750\/850 \u00e0 15\u00b0C Jet A1\u00a0 0.001G\/L non normalis\u00e9\" \/>\n<meta property=\"og:url\" content=\"https:\/\/www.schenglerindustrie.com\/produit\/densimetre\/\" \/>\n<meta property=\"og:site_name\" content=\"Schengler Industrie\" \/>\n<meta property=\"article:modified_time\" content=\"2021-09-16T14:45:31+00:00\" \/>\n<meta property=\"og:image\" content=\"https:\/\/www.schenglerindustrie.com\/wp-content\/uploads\/2021\/07\/Densimetre-scaled.jpg\" \/>\n\t<meta property=\"og:image:width\" content=\"2560\" \/>\n\t<meta property=\"og:image:height\" content=\"1709\" \/>\n\t<meta property=\"og:image:type\" content=\"image\/jpeg\" \/>\n<meta name=\"twitter:card\" content=\"summary_large_image\" \/>\n<script type=\"application\/ld+json\" class=\"yoast-schema-graph\">{\"@context\":\"https:\/\/schema.org\",\"@graph\":[{\"@type\":\"WebPage\",\"@id\":\"https:\/\/www.schenglerindustrie.com\/produit\/densimetre\/\",\"url\":\"https:\/\/www.schenglerindustrie.com\/produit\/densimetre\/\",\"name\":\"Densim\u00e8tre - Schengler Industrie\",\"isPartOf\":{\"@id\":\"https:\/\/www.schenglerindustrie.com\/#website\"},\"primaryImageOfPage\":{\"@id\":\"https:\/\/www.schenglerindustrie.com\/produit\/densimetre\/#primaryimage\"},\"image\":{\"@id\":\"https:\/\/www.schenglerindustrie.com\/produit\/densimetre\/#primaryimage\"},\"thumbnailUrl\":\"https:\/\/www.schenglerindustrie.com\/wp-content\/uploads\/2021\/07\/Densimetre-scaled.jpg\",\"datePublished\":\"2021-07-09T08:07:47+00:00\",\"dateModified\":\"2021-09-16T14:45:31+00:00\",\"breadcrumb\":{\"@id\":\"https:\/\/www.schenglerindustrie.com\/produit\/densimetre\/#breadcrumb\"},\"inLanguage\":\"en-US\",\"potentialAction\":[{\"@type\":\"ReadAction\",\"target\":[\"https:\/\/www.schenglerindustrie.com\/produit\/densimetre\/\"]}]},{\"@type\":\"ImageObject\",\"inLanguage\":\"en-US\",\"@id\":\"https:\/\/www.schenglerindustrie.com\/produit\/densimetre\/#primaryimage\",\"url\":\"https:\/\/www.schenglerindustrie.com\/wp-content\/uploads\/2021\/07\/Densimetre-scaled.jpg\",\"contentUrl\":\"https:\/\/www.schenglerindustrie.com\/wp-content\/uploads\/2021\/07\/Densimetre-scaled.jpg\",\"width\":2560,\"height\":1709},{\"@type\":\"BreadcrumbList\",\"@id\":\"https:\/\/www.schenglerindustrie.com\/produit\/densimetre\/#breadcrumb\",\"itemListElement\":[{\"@type\":\"ListItem\",\"position\":1,\"name\":\"Accueil\",\"item\":\"https:\/\/schenglerindustrie.com\/en\/\"},{\"@type\":\"ListItem\",\"position\":2,\"name\":\"Boutique\",\"item\":\"https:\/\/schenglerindustrie.com\/en\/boutique\/\"},{\"@type\":\"ListItem\",\"position\":3,\"name\":\"Densim\u00e8tre\"}]},{\"@type\":\"WebSite\",\"@id\":\"https:\/\/www.schenglerindustrie.com\/#website\",\"url\":\"https:\/\/www.schenglerindustrie.com\/\",\"name\":\"Schengler Industrie\",\"description\":\"\",\"potentialAction\":[{\"@type\":\"SearchAction\",\"target\":{\"@type\":\"EntryPoint\",\"urlTemplate\":\"https:\/\/www.schenglerindustrie.com\/?s={search_term_string}\"},\"query-input\":{\"@type\":\"PropertyValueSpecification\",\"valueRequired\":true,\"valueName\":\"search_term_string\"}}],\"inLanguage\":\"en-US\"}]}<\/script>\n<!-- \/ Yoast SEO plugin. -->","yoast_head_json":{"title":"Densim\u00e8tre - Schengler Industrie","robots":{"index":"index","follow":"follow","max-snippet":"max-snippet:-1","max-image-preview":"max-image-preview:large","max-video-preview":"max-video-preview:-1"},"canonical":"https:\/\/www.schenglerindustrie.com\/produit\/densimetre\/","og_locale":"en_US","og_type":"article","og_title":"Densim\u00e8tre - Schengler Industrie","og_description":"Tige en verre  Lecture au-dessus du m\u00e9nisque  Trait de rep\u00e8re ind\u00e9l\u00e9bile grav\u00e9 sur la tige signale tout d\u00e9placement \u00e9ventuel de l\u2019\u00e9chelle  Certificat d\u2019\u00e9talonnage  Diff\u00e9rents mod\u00e8les\u00a0:  *densim\u00e8tre ISO 749 SP\u00a0 700\/750 \u00e0 15\u00b0 Jet A1\u00a0 0.0005G\/L\u00a0 15\u00b0C L50  *densim\u00e8tre 650\/750 \u00e0 15\u00b0C Avgas 0.001G\/L non normalis\u00e9  *densim\u00e8tre 750\/850 \u00e0 15\u00b0C Jet A1\u00a0 0.001G\/L non normalis\u00e9","og_url":"https:\/\/www.schenglerindustrie.com\/produit\/densimetre\/","og_site_name":"Schengler Industrie","article_modified_time":"2021-09-16T14:45:31+00:00","og_image":[{"width":2560,"height":1709,"url":"https:\/\/www.schenglerindustrie.com\/wp-content\/uploads\/2021\/07\/Densimetre-scaled.jpg","type":"image\/jpeg"}],"twitter_card":"summary_large_image","schema":{"@context":"https:\/\/schema.org","@graph":[{"@type":"WebPage","@id":"https:\/\/www.schenglerindustrie.com\/produit\/densimetre\/","url":"https:\/\/www.schenglerindustrie.com\/produit\/densimetre\/","name":"Densim\u00e8tre - Schengler Industrie","isPartOf":{"@id":"https:\/\/www.schenglerindustrie.com\/#website"},"primaryImageOfPage":{"@id":"https:\/\/www.schenglerindustrie.com\/produit\/densimetre\/#primaryimage"},"image":{"@id":"https:\/\/www.schenglerindustrie.com\/produit\/densimetre\/#primaryimage"},"thumbnailUrl":"https:\/\/www.schenglerindustrie.com\/wp-content\/uploads\/2021\/07\/Densimetre-scaled.jpg","datePublished":"2021-07-09T08:07:47+00:00","dateModified":"2021-09-16T14:45:31+00:00","breadcrumb":{"@id":"https:\/\/www.schenglerindustrie.com\/produit\/densimetre\/#breadcrumb"},"inLanguage":"en-US","potentialAction":[{"@type":"ReadAction","target":["https:\/\/www.schenglerindustrie.com\/produit\/densimetre\/"]}]},{"@type":"ImageObject","inLanguage":"en-US","@id":"https:\/\/www.schenglerindustrie.com\/produit\/densimetre\/#primaryimage","url":"https:\/\/www.schenglerindustrie.com\/wp-content\/uploads\/2021\/07\/Densimetre-scaled.jpg","contentUrl":"https:\/\/www.schenglerindustrie.com\/wp-content\/uploads\/2021\/07\/Densimetre-scaled.jpg","width":2560,"height":1709},{"@type":"BreadcrumbList","@id":"https:\/\/www.schenglerindustrie.com\/produit\/densimetre\/#breadcrumb","itemListElement":[{"@type":"ListItem","position":1,"name":"Accueil","item":"https:\/\/schenglerindustrie.com\/en\/"},{"@type":"ListItem","position":2,"name":"Boutique","item":"https:\/\/schenglerindustrie.com\/en\/boutique\/"},{"@type":"ListItem","position":3,"name":"Densim\u00e8tre"}]},{"@type":"WebSite","@id":"https:\/\/www.schenglerindustrie.com\/#website","url":"https:\/\/www.schenglerindustrie.com\/","name":"Schengler Industrie","description":"","potentialAction":[{"@type":"SearchAction","target":{"@type":"EntryPoint","urlTemplate":"https:\/\/www.schenglerindustrie.com\/?s={search_term_string}"},"query-input":{"@type":"PropertyValueSpecification","valueRequired":true,"valueName":"search_term_string"}}],"inLanguage":"en-US"}]}},"_links":{"self":[{"href":"https:\/\/www.schenglerindustrie.com\/en\/wp-json\/wp\/v2\/product\/781","targetHints":{"allow":["GET"]}}],"collection":[{"href":"https:\/\/www.schenglerindustrie.com\/en\/wp-json\/wp\/v2\/product"}],"about":[{"href":"https:\/\/www.schenglerindustrie.com\/en\/wp-json\/wp\/v2\/types\/product"}],"replies":[{"embeddable":true,"href":"https:\/\/www.schenglerindustrie.com\/en\/wp-json\/wp\/v2\/comments?post=781"}],"wp:featuredmedia":[{"embeddable":true,"href":"https:\/\/www.schenglerindustrie.com\/en\/wp-json\/wp\/v2\/media\/1299"}],"wp:attachment":[{"href":"https:\/\/www.schenglerindustrie.com\/en\/wp-json\/wp\/v2\/media?parent=781"}],"wp:term":[{"taxonomy":"product_brand","embeddable":true,"href":"https:\/\/www.schenglerindustrie.com\/en\/wp-json\/wp\/v2\/product_brand?post=781"},{"taxonomy":"product_cat","embeddable":true,"href":"https:\/\/www.schenglerindustrie.com\/en\/wp-json\/wp\/v2\/product_cat?post=781"},{"taxonomy":"product_tag","embeddable":true,"href":"https:\/\/www.schenglerindustrie.com\/en\/wp-json\/wp\/v2\/product_tag?post=781"}],"curies":[{"name":"wp","href":"https:\/\/api.w.org\/{rel}","templated":true}]}}