{"id":779,"date":"2021-07-09T10:07:09","date_gmt":"2021-07-09T08:07:09","guid":{"rendered":"https:\/\/www.schenglerindustrie.com\/?post_type=product&#038;p=779"},"modified":"2021-09-16T16:48:37","modified_gmt":"2021-09-16T14:48:37","slug":"bidon-aluminium","status":"publish","type":"product","link":"https:\/\/www.schenglerindustrie.com\/en\/produit\/bidon-aluminium\/","title":{"rendered":"Bidon aluminium"},"content":{"rendered":"","protected":false},"excerpt":{"rendered":"<p>Bidon pour pr\u00e9l\u00e8vement d\u2019\u00e9chantillon carburant aviation JET A1<\/p>\n<p>Contenance disponibles\u00a0: 1Litres 100 \/ 2Litres 500, 5Litres 500<\/p>\n<p>Bidon pour collecter le carburant aviation pour exp\u00e9dition\u00a0 vers un laboratoire d\u2019analyse<\/p>\n<p>Le bidon est en aluminium brut rev\u00eatu int\u00e9rieur \u00e9poxy avec bouchon \u00e0 cliquet et obturateur en poly\u00e9thyl\u00e8ne<\/p>\n","protected":false},"featured_media":1303,"comment_status":"open","ping_status":"closed","template":"","meta":[],"product_brand":[],"product_cat":[38],"product_tag":[],"class_list":{"0":"post-779","1":"product","2":"type-product","3":"status-publish","4":"has-post-thumbnail","6":"product_cat-qualite-produits","8":"first","9":"instock","10":"shipping-taxable","11":"purchasable","12":"product-type-simple"},"yoast_head":"<!-- This site is optimized with the Yoast SEO plugin v25.5 - https:\/\/yoast.com\/wordpress\/plugins\/seo\/ -->\n<title>Bidon aluminium - Schengler Industrie<\/title>\n<meta name=\"robots\" content=\"index, follow, max-snippet:-1, max-image-preview:large, max-video-preview:-1\" \/>\n<link rel=\"canonical\" href=\"https:\/\/www.schenglerindustrie.com\/en\/produit\/bidon-aluminium\/\" \/>\n<meta property=\"og:locale\" content=\"en_US\" \/>\n<meta property=\"og:type\" content=\"article\" \/>\n<meta property=\"og:title\" content=\"Bidon aluminium - Schengler Industrie\" \/>\n<meta property=\"og:description\" content=\"Bidon pour pr\u00e9l\u00e8vement d\u2019\u00e9chantillon carburant aviation JET A1  Contenance disponibles\u00a0: 1Litres 100 \/ 2Litres 500, 5Litres 500  Bidon pour collecter le carburant aviation pour exp\u00e9dition\u00a0 vers un laboratoire d\u2019analyse  Le bidon est en aluminium brut rev\u00eatu int\u00e9rieur \u00e9poxy avec bouchon \u00e0 cliquet et obturateur en poly\u00e9thyl\u00e8ne\" \/>\n<meta property=\"og:url\" content=\"https:\/\/www.schenglerindustrie.com\/en\/produit\/bidon-aluminium\/\" \/>\n<meta property=\"og:site_name\" content=\"Schengler Industrie\" \/>\n<meta property=\"article:modified_time\" content=\"2021-09-16T14:48:37+00:00\" \/>\n<meta property=\"og:image\" content=\"https:\/\/www.schenglerindustrie.com\/wp-content\/uploads\/2021\/07\/Bidon-Alu-scaled.jpg\" \/>\n\t<meta property=\"og:image:width\" content=\"2560\" \/>\n\t<meta property=\"og:image:height\" content=\"1709\" \/>\n\t<meta property=\"og:image:type\" content=\"image\/jpeg\" \/>\n<meta name=\"twitter:card\" content=\"summary_large_image\" \/>\n<script type=\"application\/ld+json\" class=\"yoast-schema-graph\">{\"@context\":\"https:\/\/schema.org\",\"@graph\":[{\"@type\":\"WebPage\",\"@id\":\"https:\/\/www.schenglerindustrie.com\/en\/produit\/bidon-aluminium\/\",\"url\":\"https:\/\/www.schenglerindustrie.com\/en\/produit\/bidon-aluminium\/\",\"name\":\"Bidon aluminium - Schengler Industrie\",\"isPartOf\":{\"@id\":\"https:\/\/www.schenglerindustrie.com\/#website\"},\"primaryImageOfPage\":{\"@id\":\"https:\/\/www.schenglerindustrie.com\/en\/produit\/bidon-aluminium\/#primaryimage\"},\"image\":{\"@id\":\"https:\/\/www.schenglerindustrie.com\/en\/produit\/bidon-aluminium\/#primaryimage\"},\"thumbnailUrl\":\"https:\/\/www.schenglerindustrie.com\/wp-content\/uploads\/2021\/07\/Bidon-Alu-scaled.jpg\",\"datePublished\":\"2021-07-09T08:07:09+00:00\",\"dateModified\":\"2021-09-16T14:48:37+00:00\",\"breadcrumb\":{\"@id\":\"https:\/\/www.schenglerindustrie.com\/en\/produit\/bidon-aluminium\/#breadcrumb\"},\"inLanguage\":\"en-US\",\"potentialAction\":[{\"@type\":\"ReadAction\",\"target\":[\"https:\/\/www.schenglerindustrie.com\/en\/produit\/bidon-aluminium\/\"]}]},{\"@type\":\"ImageObject\",\"inLanguage\":\"en-US\",\"@id\":\"https:\/\/www.schenglerindustrie.com\/en\/produit\/bidon-aluminium\/#primaryimage\",\"url\":\"https:\/\/www.schenglerindustrie.com\/wp-content\/uploads\/2021\/07\/Bidon-Alu-scaled.jpg\",\"contentUrl\":\"https:\/\/www.schenglerindustrie.com\/wp-content\/uploads\/2021\/07\/Bidon-Alu-scaled.jpg\",\"width\":2560,\"height\":1709},{\"@type\":\"BreadcrumbList\",\"@id\":\"https:\/\/www.schenglerindustrie.com\/en\/produit\/bidon-aluminium\/#breadcrumb\",\"itemListElement\":[{\"@type\":\"ListItem\",\"position\":1,\"name\":\"Accueil\",\"item\":\"https:\/\/schenglerindustrie.com\/en\/\"},{\"@type\":\"ListItem\",\"position\":2,\"name\":\"Boutique\",\"item\":\"https:\/\/schenglerindustrie.com\/en\/boutique\/\"},{\"@type\":\"ListItem\",\"position\":3,\"name\":\"Bidon aluminium\"}]},{\"@type\":\"WebSite\",\"@id\":\"https:\/\/www.schenglerindustrie.com\/#website\",\"url\":\"https:\/\/www.schenglerindustrie.com\/\",\"name\":\"Schengler Industrie\",\"description\":\"\",\"potentialAction\":[{\"@type\":\"SearchAction\",\"target\":{\"@type\":\"EntryPoint\",\"urlTemplate\":\"https:\/\/www.schenglerindustrie.com\/?s={search_term_string}\"},\"query-input\":{\"@type\":\"PropertyValueSpecification\",\"valueRequired\":true,\"valueName\":\"search_term_string\"}}],\"inLanguage\":\"en-US\"}]}<\/script>\n<!-- \/ Yoast SEO plugin. -->","yoast_head_json":{"title":"Bidon aluminium - Schengler Industrie","robots":{"index":"index","follow":"follow","max-snippet":"max-snippet:-1","max-image-preview":"max-image-preview:large","max-video-preview":"max-video-preview:-1"},"canonical":"https:\/\/www.schenglerindustrie.com\/en\/produit\/bidon-aluminium\/","og_locale":"en_US","og_type":"article","og_title":"Bidon aluminium - Schengler Industrie","og_description":"Bidon pour pr\u00e9l\u00e8vement d\u2019\u00e9chantillon carburant aviation JET A1  Contenance disponibles\u00a0: 1Litres 100 \/ 2Litres 500, 5Litres 500  Bidon pour collecter le carburant aviation pour exp\u00e9dition\u00a0 vers un laboratoire d\u2019analyse  Le bidon est en aluminium brut rev\u00eatu int\u00e9rieur \u00e9poxy avec bouchon \u00e0 cliquet et obturateur en poly\u00e9thyl\u00e8ne","og_url":"https:\/\/www.schenglerindustrie.com\/en\/produit\/bidon-aluminium\/","og_site_name":"Schengler Industrie","article_modified_time":"2021-09-16T14:48:37+00:00","og_image":[{"width":2560,"height":1709,"url":"https:\/\/www.schenglerindustrie.com\/wp-content\/uploads\/2021\/07\/Bidon-Alu-scaled.jpg","type":"image\/jpeg"}],"twitter_card":"summary_large_image","schema":{"@context":"https:\/\/schema.org","@graph":[{"@type":"WebPage","@id":"https:\/\/www.schenglerindustrie.com\/en\/produit\/bidon-aluminium\/","url":"https:\/\/www.schenglerindustrie.com\/en\/produit\/bidon-aluminium\/","name":"Bidon aluminium - Schengler Industrie","isPartOf":{"@id":"https:\/\/www.schenglerindustrie.com\/#website"},"primaryImageOfPage":{"@id":"https:\/\/www.schenglerindustrie.com\/en\/produit\/bidon-aluminium\/#primaryimage"},"image":{"@id":"https:\/\/www.schenglerindustrie.com\/en\/produit\/bidon-aluminium\/#primaryimage"},"thumbnailUrl":"https:\/\/www.schenglerindustrie.com\/wp-content\/uploads\/2021\/07\/Bidon-Alu-scaled.jpg","datePublished":"2021-07-09T08:07:09+00:00","dateModified":"2021-09-16T14:48:37+00:00","breadcrumb":{"@id":"https:\/\/www.schenglerindustrie.com\/en\/produit\/bidon-aluminium\/#breadcrumb"},"inLanguage":"en-US","potentialAction":[{"@type":"ReadAction","target":["https:\/\/www.schenglerindustrie.com\/en\/produit\/bidon-aluminium\/"]}]},{"@type":"ImageObject","inLanguage":"en-US","@id":"https:\/\/www.schenglerindustrie.com\/en\/produit\/bidon-aluminium\/#primaryimage","url":"https:\/\/www.schenglerindustrie.com\/wp-content\/uploads\/2021\/07\/Bidon-Alu-scaled.jpg","contentUrl":"https:\/\/www.schenglerindustrie.com\/wp-content\/uploads\/2021\/07\/Bidon-Alu-scaled.jpg","width":2560,"height":1709},{"@type":"BreadcrumbList","@id":"https:\/\/www.schenglerindustrie.com\/en\/produit\/bidon-aluminium\/#breadcrumb","itemListElement":[{"@type":"ListItem","position":1,"name":"Accueil","item":"https:\/\/schenglerindustrie.com\/en\/"},{"@type":"ListItem","position":2,"name":"Boutique","item":"https:\/\/schenglerindustrie.com\/en\/boutique\/"},{"@type":"ListItem","position":3,"name":"Bidon aluminium"}]},{"@type":"WebSite","@id":"https:\/\/www.schenglerindustrie.com\/#website","url":"https:\/\/www.schenglerindustrie.com\/","name":"Schengler Industrie","description":"","potentialAction":[{"@type":"SearchAction","target":{"@type":"EntryPoint","urlTemplate":"https:\/\/www.schenglerindustrie.com\/?s={search_term_string}"},"query-input":{"@type":"PropertyValueSpecification","valueRequired":true,"valueName":"search_term_string"}}],"inLanguage":"en-US"}]}},"_links":{"self":[{"href":"https:\/\/www.schenglerindustrie.com\/en\/wp-json\/wp\/v2\/product\/779","targetHints":{"allow":["GET"]}}],"collection":[{"href":"https:\/\/www.schenglerindustrie.com\/en\/wp-json\/wp\/v2\/product"}],"about":[{"href":"https:\/\/www.schenglerindustrie.com\/en\/wp-json\/wp\/v2\/types\/product"}],"replies":[{"embeddable":true,"href":"https:\/\/www.schenglerindustrie.com\/en\/wp-json\/wp\/v2\/comments?post=779"}],"wp:featuredmedia":[{"embeddable":true,"href":"https:\/\/www.schenglerindustrie.com\/en\/wp-json\/wp\/v2\/media\/1303"}],"wp:attachment":[{"href":"https:\/\/www.schenglerindustrie.com\/en\/wp-json\/wp\/v2\/media?parent=779"}],"wp:term":[{"taxonomy":"product_brand","embeddable":true,"href":"https:\/\/www.schenglerindustrie.com\/en\/wp-json\/wp\/v2\/product_brand?post=779"},{"taxonomy":"product_cat","embeddable":true,"href":"https:\/\/www.schenglerindustrie.com\/en\/wp-json\/wp\/v2\/product_cat?post=779"},{"taxonomy":"product_tag","embeddable":true,"href":"https:\/\/www.schenglerindustrie.com\/en\/wp-json\/wp\/v2\/product_tag?post=779"}],"curies":[{"name":"wp","href":"https:\/\/api.w.org\/{rel}","templated":true}]}}