{"id":778,"date":"2021-07-09T10:06:46","date_gmt":"2021-07-09T08:06:46","guid":{"rendered":"https:\/\/www.schenglerindustrie.com\/?post_type=product&#038;p=778"},"modified":"2021-09-16T16:50:20","modified_gmt":"2021-09-16T14:50:20","slug":"absorbant-naturel","status":"publish","type":"product","link":"https:\/\/www.schenglerindustrie.com\/en\/produit\/absorbant-naturel\/","title":{"rendered":"Absorbant naturel"},"content":{"rendered":"","protected":false},"excerpt":{"rendered":"<p>C\u2019est un silicate de fer de magn\u00e9sium-aluminium qui appartient au groupe de min\u00e9raux de mica, puisqu&#8217;il est semblable \u00e0 eux, \u00e0 la fois structurellement et \u00e0 l&#8217;aspect et forme \u00e9galement tels que des cristaux lamellaires.<\/p>\n<p>Produit respectueux de l&#8217;environnement qui est recyclable et tra\u00e7able \u00e0 la nature.<\/p>\n<p>La vermiculite est un \u00e9l\u00e9ment important de la construction, de l&#8217;industrie, de la protection contre les incendies, de l&#8217;horticulture et des fournitures pour animaux de compagnie.<\/p>\n<p>Forte capacit\u00e9 d&#8217;absorption en cas d\u2019\u00e9pandage de carburant aviation.<\/p>\n<p>Sacs de 100 Litres<\/p>\n","protected":false},"featured_media":1305,"comment_status":"open","ping_status":"closed","template":"","meta":[],"product_brand":[],"product_cat":[38],"product_tag":[],"class_list":{"0":"post-778","1":"product","2":"type-product","3":"status-publish","4":"has-post-thumbnail","6":"product_cat-qualite-produits","8":"first","9":"instock","10":"shipping-taxable","11":"purchasable","12":"product-type-simple"},"yoast_head":"<!-- This site is optimized with the Yoast SEO plugin v25.5 - https:\/\/yoast.com\/wordpress\/plugins\/seo\/ -->\n<title>Absorbant naturel - Schengler Industrie<\/title>\n<meta name=\"robots\" content=\"index, follow, max-snippet:-1, max-image-preview:large, max-video-preview:-1\" \/>\n<link rel=\"canonical\" href=\"https:\/\/www.schenglerindustrie.com\/produit\/absorbant-naturel\/\" \/>\n<meta property=\"og:locale\" content=\"en_US\" \/>\n<meta property=\"og:type\" content=\"article\" \/>\n<meta property=\"og:title\" content=\"Absorbant naturel - Schengler Industrie\" \/>\n<meta property=\"og:description\" content=\"C\u2019est un silicate de fer de magn\u00e9sium-aluminium qui appartient au groupe de min\u00e9raux de mica, puisqu&#039;il est semblable \u00e0 eux, \u00e0 la fois structurellement et \u00e0 l&#039;aspect et forme \u00e9galement tels que des cristaux lamellaires.  Produit respectueux de l&#039;environnement qui est recyclable et tra\u00e7able \u00e0 la nature.  La vermiculite est un \u00e9l\u00e9ment important de la construction, de l&#039;industrie, de la protection contre les incendies, de l&#039;horticulture et des fournitures pour animaux de compagnie.  Forte capacit\u00e9 d&#039;absorption en cas d\u2019\u00e9pandage de carburant aviation.  Sacs de 100 Litres\" \/>\n<meta property=\"og:url\" content=\"https:\/\/www.schenglerindustrie.com\/produit\/absorbant-naturel\/\" \/>\n<meta property=\"og:site_name\" content=\"Schengler Industrie\" \/>\n<meta property=\"article:modified_time\" content=\"2021-09-16T14:50:20+00:00\" \/>\n<meta property=\"og:image\" content=\"https:\/\/www.schenglerindustrie.com\/wp-content\/uploads\/2021\/07\/Absorbant-naturel-scaled.jpg\" \/>\n\t<meta property=\"og:image:width\" content=\"2560\" \/>\n\t<meta property=\"og:image:height\" content=\"1709\" \/>\n\t<meta property=\"og:image:type\" content=\"image\/jpeg\" \/>\n<meta name=\"twitter:card\" content=\"summary_large_image\" \/>\n<script type=\"application\/ld+json\" class=\"yoast-schema-graph\">{\"@context\":\"https:\/\/schema.org\",\"@graph\":[{\"@type\":\"WebPage\",\"@id\":\"https:\/\/www.schenglerindustrie.com\/produit\/absorbant-naturel\/\",\"url\":\"https:\/\/www.schenglerindustrie.com\/produit\/absorbant-naturel\/\",\"name\":\"Absorbant naturel - Schengler Industrie\",\"isPartOf\":{\"@id\":\"https:\/\/www.schenglerindustrie.com\/#website\"},\"primaryImageOfPage\":{\"@id\":\"https:\/\/www.schenglerindustrie.com\/produit\/absorbant-naturel\/#primaryimage\"},\"image\":{\"@id\":\"https:\/\/www.schenglerindustrie.com\/produit\/absorbant-naturel\/#primaryimage\"},\"thumbnailUrl\":\"https:\/\/www.schenglerindustrie.com\/wp-content\/uploads\/2021\/07\/Absorbant-naturel-scaled.jpg\",\"datePublished\":\"2021-07-09T08:06:46+00:00\",\"dateModified\":\"2021-09-16T14:50:20+00:00\",\"breadcrumb\":{\"@id\":\"https:\/\/www.schenglerindustrie.com\/produit\/absorbant-naturel\/#breadcrumb\"},\"inLanguage\":\"en-US\",\"potentialAction\":[{\"@type\":\"ReadAction\",\"target\":[\"https:\/\/www.schenglerindustrie.com\/produit\/absorbant-naturel\/\"]}]},{\"@type\":\"ImageObject\",\"inLanguage\":\"en-US\",\"@id\":\"https:\/\/www.schenglerindustrie.com\/produit\/absorbant-naturel\/#primaryimage\",\"url\":\"https:\/\/www.schenglerindustrie.com\/wp-content\/uploads\/2021\/07\/Absorbant-naturel-scaled.jpg\",\"contentUrl\":\"https:\/\/www.schenglerindustrie.com\/wp-content\/uploads\/2021\/07\/Absorbant-naturel-scaled.jpg\",\"width\":2560,\"height\":1709},{\"@type\":\"BreadcrumbList\",\"@id\":\"https:\/\/www.schenglerindustrie.com\/produit\/absorbant-naturel\/#breadcrumb\",\"itemListElement\":[{\"@type\":\"ListItem\",\"position\":1,\"name\":\"Accueil\",\"item\":\"https:\/\/schenglerindustrie.com\/en\/\"},{\"@type\":\"ListItem\",\"position\":2,\"name\":\"Boutique\",\"item\":\"https:\/\/schenglerindustrie.com\/en\/boutique\/\"},{\"@type\":\"ListItem\",\"position\":3,\"name\":\"Absorbant naturel\"}]},{\"@type\":\"WebSite\",\"@id\":\"https:\/\/www.schenglerindustrie.com\/#website\",\"url\":\"https:\/\/www.schenglerindustrie.com\/\",\"name\":\"Schengler Industrie\",\"description\":\"\",\"potentialAction\":[{\"@type\":\"SearchAction\",\"target\":{\"@type\":\"EntryPoint\",\"urlTemplate\":\"https:\/\/www.schenglerindustrie.com\/?s={search_term_string}\"},\"query-input\":{\"@type\":\"PropertyValueSpecification\",\"valueRequired\":true,\"valueName\":\"search_term_string\"}}],\"inLanguage\":\"en-US\"}]}<\/script>\n<!-- \/ Yoast SEO plugin. -->","yoast_head_json":{"title":"Absorbant naturel - Schengler Industrie","robots":{"index":"index","follow":"follow","max-snippet":"max-snippet:-1","max-image-preview":"max-image-preview:large","max-video-preview":"max-video-preview:-1"},"canonical":"https:\/\/www.schenglerindustrie.com\/produit\/absorbant-naturel\/","og_locale":"en_US","og_type":"article","og_title":"Absorbant naturel - Schengler Industrie","og_description":"C\u2019est un silicate de fer de magn\u00e9sium-aluminium qui appartient au groupe de min\u00e9raux de mica, puisqu'il est semblable \u00e0 eux, \u00e0 la fois structurellement et \u00e0 l'aspect et forme \u00e9galement tels que des cristaux lamellaires.  Produit respectueux de l'environnement qui est recyclable et tra\u00e7able \u00e0 la nature.  La vermiculite est un \u00e9l\u00e9ment important de la construction, de l'industrie, de la protection contre les incendies, de l'horticulture et des fournitures pour animaux de compagnie.  Forte capacit\u00e9 d'absorption en cas d\u2019\u00e9pandage de carburant aviation.  Sacs de 100 Litres","og_url":"https:\/\/www.schenglerindustrie.com\/produit\/absorbant-naturel\/","og_site_name":"Schengler Industrie","article_modified_time":"2021-09-16T14:50:20+00:00","og_image":[{"width":2560,"height":1709,"url":"https:\/\/www.schenglerindustrie.com\/wp-content\/uploads\/2021\/07\/Absorbant-naturel-scaled.jpg","type":"image\/jpeg"}],"twitter_card":"summary_large_image","schema":{"@context":"https:\/\/schema.org","@graph":[{"@type":"WebPage","@id":"https:\/\/www.schenglerindustrie.com\/produit\/absorbant-naturel\/","url":"https:\/\/www.schenglerindustrie.com\/produit\/absorbant-naturel\/","name":"Absorbant naturel - Schengler Industrie","isPartOf":{"@id":"https:\/\/www.schenglerindustrie.com\/#website"},"primaryImageOfPage":{"@id":"https:\/\/www.schenglerindustrie.com\/produit\/absorbant-naturel\/#primaryimage"},"image":{"@id":"https:\/\/www.schenglerindustrie.com\/produit\/absorbant-naturel\/#primaryimage"},"thumbnailUrl":"https:\/\/www.schenglerindustrie.com\/wp-content\/uploads\/2021\/07\/Absorbant-naturel-scaled.jpg","datePublished":"2021-07-09T08:06:46+00:00","dateModified":"2021-09-16T14:50:20+00:00","breadcrumb":{"@id":"https:\/\/www.schenglerindustrie.com\/produit\/absorbant-naturel\/#breadcrumb"},"inLanguage":"en-US","potentialAction":[{"@type":"ReadAction","target":["https:\/\/www.schenglerindustrie.com\/produit\/absorbant-naturel\/"]}]},{"@type":"ImageObject","inLanguage":"en-US","@id":"https:\/\/www.schenglerindustrie.com\/produit\/absorbant-naturel\/#primaryimage","url":"https:\/\/www.schenglerindustrie.com\/wp-content\/uploads\/2021\/07\/Absorbant-naturel-scaled.jpg","contentUrl":"https:\/\/www.schenglerindustrie.com\/wp-content\/uploads\/2021\/07\/Absorbant-naturel-scaled.jpg","width":2560,"height":1709},{"@type":"BreadcrumbList","@id":"https:\/\/www.schenglerindustrie.com\/produit\/absorbant-naturel\/#breadcrumb","itemListElement":[{"@type":"ListItem","position":1,"name":"Accueil","item":"https:\/\/schenglerindustrie.com\/en\/"},{"@type":"ListItem","position":2,"name":"Boutique","item":"https:\/\/schenglerindustrie.com\/en\/boutique\/"},{"@type":"ListItem","position":3,"name":"Absorbant naturel"}]},{"@type":"WebSite","@id":"https:\/\/www.schenglerindustrie.com\/#website","url":"https:\/\/www.schenglerindustrie.com\/","name":"Schengler Industrie","description":"","potentialAction":[{"@type":"SearchAction","target":{"@type":"EntryPoint","urlTemplate":"https:\/\/www.schenglerindustrie.com\/?s={search_term_string}"},"query-input":{"@type":"PropertyValueSpecification","valueRequired":true,"valueName":"search_term_string"}}],"inLanguage":"en-US"}]}},"_links":{"self":[{"href":"https:\/\/www.schenglerindustrie.com\/en\/wp-json\/wp\/v2\/product\/778","targetHints":{"allow":["GET"]}}],"collection":[{"href":"https:\/\/www.schenglerindustrie.com\/en\/wp-json\/wp\/v2\/product"}],"about":[{"href":"https:\/\/www.schenglerindustrie.com\/en\/wp-json\/wp\/v2\/types\/product"}],"replies":[{"embeddable":true,"href":"https:\/\/www.schenglerindustrie.com\/en\/wp-json\/wp\/v2\/comments?post=778"}],"wp:featuredmedia":[{"embeddable":true,"href":"https:\/\/www.schenglerindustrie.com\/en\/wp-json\/wp\/v2\/media\/1305"}],"wp:attachment":[{"href":"https:\/\/www.schenglerindustrie.com\/en\/wp-json\/wp\/v2\/media?parent=778"}],"wp:term":[{"taxonomy":"product_brand","embeddable":true,"href":"https:\/\/www.schenglerindustrie.com\/en\/wp-json\/wp\/v2\/product_brand?post=778"},{"taxonomy":"product_cat","embeddable":true,"href":"https:\/\/www.schenglerindustrie.com\/en\/wp-json\/wp\/v2\/product_cat?post=778"},{"taxonomy":"product_tag","embeddable":true,"href":"https:\/\/www.schenglerindustrie.com\/en\/wp-json\/wp\/v2\/product_tag?post=778"}],"curies":[{"name":"wp","href":"https:\/\/api.w.org\/{rel}","templated":true}]}}