{"id":774,"date":"2021-07-09T10:05:52","date_gmt":"2021-07-09T08:05:52","guid":{"rendered":"https:\/\/www.schenglerindustrie.com\/?post_type=product&#038;p=774"},"modified":"2021-09-16T16:56:17","modified_gmt":"2021-09-16T14:56:17","slug":"pate-a-mesurer-le-niveau-deau","status":"publish","type":"product","link":"https:\/\/www.schenglerindustrie.com\/en\/produit\/pate-a-mesurer-le-niveau-deau\/","title":{"rendered":"P\u00e2te \u00e0 mesurer le niveau d\u2019eau"},"content":{"rendered":"","protected":false},"excerpt":{"rendered":"<p>Pot de 62g.<\/p>\n<p>Fonctionne avec une jauge de mesure, d&#8217;une\u00a0tige ou d&#8217;une\u00a0ligne calibr\u00e9e pour d\u00e9terminer les\u00a0niveaux d&#8217;eau.\u00a0Appliquez la p\u00e2te dans la zone o\u00f9 le niveau devrait appara\u00eetre.\u00a0Lorsque la p\u00e2te entre en contact avec de l&#8217;eau, elle passe imm\u00e9diatement du brun dor\u00e9 au rouge vif, marquant le niveau.<\/p>\n<p>La p\u00e2te de jaugeage d\u00e9termine les niveaux d&#8217;essence, de naphte, de k\u00e9ros\u00e8ne, de gazole, de p\u00e9trole brut et de carbur\u00e9acteur.<\/p>\n<p>La p\u00e2te s&#8217;efface facilement apr\u00e8s utilisation et ne laisse aucun r\u00e9sidu.<\/p>\n","protected":false},"featured_media":1313,"comment_status":"open","ping_status":"closed","template":"","meta":[],"product_brand":[],"product_cat":[38],"product_tag":[],"class_list":{"0":"post-774","1":"product","2":"type-product","3":"status-publish","4":"has-post-thumbnail","6":"product_cat-qualite-produits","8":"first","9":"instock","10":"shipping-taxable","11":"purchasable","12":"product-type-simple"},"yoast_head":"<!-- This site is optimized with the Yoast SEO plugin v25.5 - https:\/\/yoast.com\/wordpress\/plugins\/seo\/ -->\n<title>P\u00e2te \u00e0 mesurer le niveau d\u2019eau - Schengler Industrie<\/title>\n<meta name=\"robots\" content=\"index, follow, max-snippet:-1, max-image-preview:large, max-video-preview:-1\" \/>\n<link rel=\"canonical\" href=\"https:\/\/www.schenglerindustrie.com\/produit\/pate-a-mesurer-le-niveau-deau\/\" \/>\n<meta property=\"og:locale\" content=\"en_US\" \/>\n<meta property=\"og:type\" content=\"article\" \/>\n<meta property=\"og:title\" content=\"P\u00e2te \u00e0 mesurer le niveau d\u2019eau - Schengler Industrie\" \/>\n<meta property=\"og:description\" content=\"Pot de 62g.  Fonctionne avec une jauge de mesure, d&#039;une\u00a0tige ou d&#039;une\u00a0ligne calibr\u00e9e pour d\u00e9terminer les\u00a0niveaux d&#039;eau.\u00a0Appliquez la p\u00e2te dans la zone o\u00f9 le niveau devrait appara\u00eetre.\u00a0Lorsque la p\u00e2te entre en contact avec de l&#039;eau, elle passe imm\u00e9diatement du brun dor\u00e9 au rouge vif, marquant le niveau.  La p\u00e2te de jaugeage d\u00e9termine les niveaux d&#039;essence, de naphte, de k\u00e9ros\u00e8ne, de gazole, de p\u00e9trole brut et de carbur\u00e9acteur.  La p\u00e2te s&#039;efface facilement apr\u00e8s utilisation et ne laisse aucun r\u00e9sidu.\" \/>\n<meta property=\"og:url\" content=\"https:\/\/www.schenglerindustrie.com\/produit\/pate-a-mesurer-le-niveau-deau\/\" \/>\n<meta property=\"og:site_name\" content=\"Schengler Industrie\" \/>\n<meta property=\"article:modified_time\" content=\"2021-09-16T14:56:17+00:00\" \/>\n<meta property=\"og:image\" content=\"https:\/\/www.schenglerindustrie.com\/wp-content\/uploads\/2021\/07\/Pate-a-mesurer-scaled.jpg\" \/>\n\t<meta property=\"og:image:width\" content=\"2560\" \/>\n\t<meta property=\"og:image:height\" content=\"1709\" \/>\n\t<meta property=\"og:image:type\" content=\"image\/jpeg\" \/>\n<meta name=\"twitter:card\" content=\"summary_large_image\" \/>\n<script type=\"application\/ld+json\" class=\"yoast-schema-graph\">{\"@context\":\"https:\/\/schema.org\",\"@graph\":[{\"@type\":\"WebPage\",\"@id\":\"https:\/\/www.schenglerindustrie.com\/produit\/pate-a-mesurer-le-niveau-deau\/\",\"url\":\"https:\/\/www.schenglerindustrie.com\/produit\/pate-a-mesurer-le-niveau-deau\/\",\"name\":\"P\u00e2te \u00e0 mesurer le niveau d\u2019eau - Schengler Industrie\",\"isPartOf\":{\"@id\":\"https:\/\/www.schenglerindustrie.com\/#website\"},\"primaryImageOfPage\":{\"@id\":\"https:\/\/www.schenglerindustrie.com\/produit\/pate-a-mesurer-le-niveau-deau\/#primaryimage\"},\"image\":{\"@id\":\"https:\/\/www.schenglerindustrie.com\/produit\/pate-a-mesurer-le-niveau-deau\/#primaryimage\"},\"thumbnailUrl\":\"https:\/\/www.schenglerindustrie.com\/wp-content\/uploads\/2021\/07\/Pate-a-mesurer-scaled.jpg\",\"datePublished\":\"2021-07-09T08:05:52+00:00\",\"dateModified\":\"2021-09-16T14:56:17+00:00\",\"breadcrumb\":{\"@id\":\"https:\/\/www.schenglerindustrie.com\/produit\/pate-a-mesurer-le-niveau-deau\/#breadcrumb\"},\"inLanguage\":\"en-US\",\"potentialAction\":[{\"@type\":\"ReadAction\",\"target\":[\"https:\/\/www.schenglerindustrie.com\/produit\/pate-a-mesurer-le-niveau-deau\/\"]}]},{\"@type\":\"ImageObject\",\"inLanguage\":\"en-US\",\"@id\":\"https:\/\/www.schenglerindustrie.com\/produit\/pate-a-mesurer-le-niveau-deau\/#primaryimage\",\"url\":\"https:\/\/www.schenglerindustrie.com\/wp-content\/uploads\/2021\/07\/Pate-a-mesurer-scaled.jpg\",\"contentUrl\":\"https:\/\/www.schenglerindustrie.com\/wp-content\/uploads\/2021\/07\/Pate-a-mesurer-scaled.jpg\",\"width\":2560,\"height\":1709},{\"@type\":\"BreadcrumbList\",\"@id\":\"https:\/\/www.schenglerindustrie.com\/produit\/pate-a-mesurer-le-niveau-deau\/#breadcrumb\",\"itemListElement\":[{\"@type\":\"ListItem\",\"position\":1,\"name\":\"Accueil\",\"item\":\"https:\/\/schenglerindustrie.com\/en\/\"},{\"@type\":\"ListItem\",\"position\":2,\"name\":\"Boutique\",\"item\":\"https:\/\/schenglerindustrie.com\/en\/boutique\/\"},{\"@type\":\"ListItem\",\"position\":3,\"name\":\"P\u00e2te \u00e0 mesurer le niveau d\u2019eau\"}]},{\"@type\":\"WebSite\",\"@id\":\"https:\/\/www.schenglerindustrie.com\/#website\",\"url\":\"https:\/\/www.schenglerindustrie.com\/\",\"name\":\"Schengler Industrie\",\"description\":\"\",\"potentialAction\":[{\"@type\":\"SearchAction\",\"target\":{\"@type\":\"EntryPoint\",\"urlTemplate\":\"https:\/\/www.schenglerindustrie.com\/?s={search_term_string}\"},\"query-input\":{\"@type\":\"PropertyValueSpecification\",\"valueRequired\":true,\"valueName\":\"search_term_string\"}}],\"inLanguage\":\"en-US\"}]}<\/script>\n<!-- \/ Yoast SEO plugin. -->","yoast_head_json":{"title":"P\u00e2te \u00e0 mesurer le niveau d\u2019eau - Schengler Industrie","robots":{"index":"index","follow":"follow","max-snippet":"max-snippet:-1","max-image-preview":"max-image-preview:large","max-video-preview":"max-video-preview:-1"},"canonical":"https:\/\/www.schenglerindustrie.com\/produit\/pate-a-mesurer-le-niveau-deau\/","og_locale":"en_US","og_type":"article","og_title":"P\u00e2te \u00e0 mesurer le niveau d\u2019eau - Schengler Industrie","og_description":"Pot de 62g.  Fonctionne avec une jauge de mesure, d'une\u00a0tige ou d'une\u00a0ligne calibr\u00e9e pour d\u00e9terminer les\u00a0niveaux d'eau.\u00a0Appliquez la p\u00e2te dans la zone o\u00f9 le niveau devrait appara\u00eetre.\u00a0Lorsque la p\u00e2te entre en contact avec de l'eau, elle passe imm\u00e9diatement du brun dor\u00e9 au rouge vif, marquant le niveau.  La p\u00e2te de jaugeage d\u00e9termine les niveaux d'essence, de naphte, de k\u00e9ros\u00e8ne, de gazole, de p\u00e9trole brut et de carbur\u00e9acteur.  La p\u00e2te s'efface facilement apr\u00e8s utilisation et ne laisse aucun r\u00e9sidu.","og_url":"https:\/\/www.schenglerindustrie.com\/produit\/pate-a-mesurer-le-niveau-deau\/","og_site_name":"Schengler Industrie","article_modified_time":"2021-09-16T14:56:17+00:00","og_image":[{"width":2560,"height":1709,"url":"https:\/\/www.schenglerindustrie.com\/wp-content\/uploads\/2021\/07\/Pate-a-mesurer-scaled.jpg","type":"image\/jpeg"}],"twitter_card":"summary_large_image","schema":{"@context":"https:\/\/schema.org","@graph":[{"@type":"WebPage","@id":"https:\/\/www.schenglerindustrie.com\/produit\/pate-a-mesurer-le-niveau-deau\/","url":"https:\/\/www.schenglerindustrie.com\/produit\/pate-a-mesurer-le-niveau-deau\/","name":"P\u00e2te \u00e0 mesurer le niveau d\u2019eau - Schengler Industrie","isPartOf":{"@id":"https:\/\/www.schenglerindustrie.com\/#website"},"primaryImageOfPage":{"@id":"https:\/\/www.schenglerindustrie.com\/produit\/pate-a-mesurer-le-niveau-deau\/#primaryimage"},"image":{"@id":"https:\/\/www.schenglerindustrie.com\/produit\/pate-a-mesurer-le-niveau-deau\/#primaryimage"},"thumbnailUrl":"https:\/\/www.schenglerindustrie.com\/wp-content\/uploads\/2021\/07\/Pate-a-mesurer-scaled.jpg","datePublished":"2021-07-09T08:05:52+00:00","dateModified":"2021-09-16T14:56:17+00:00","breadcrumb":{"@id":"https:\/\/www.schenglerindustrie.com\/produit\/pate-a-mesurer-le-niveau-deau\/#breadcrumb"},"inLanguage":"en-US","potentialAction":[{"@type":"ReadAction","target":["https:\/\/www.schenglerindustrie.com\/produit\/pate-a-mesurer-le-niveau-deau\/"]}]},{"@type":"ImageObject","inLanguage":"en-US","@id":"https:\/\/www.schenglerindustrie.com\/produit\/pate-a-mesurer-le-niveau-deau\/#primaryimage","url":"https:\/\/www.schenglerindustrie.com\/wp-content\/uploads\/2021\/07\/Pate-a-mesurer-scaled.jpg","contentUrl":"https:\/\/www.schenglerindustrie.com\/wp-content\/uploads\/2021\/07\/Pate-a-mesurer-scaled.jpg","width":2560,"height":1709},{"@type":"BreadcrumbList","@id":"https:\/\/www.schenglerindustrie.com\/produit\/pate-a-mesurer-le-niveau-deau\/#breadcrumb","itemListElement":[{"@type":"ListItem","position":1,"name":"Accueil","item":"https:\/\/schenglerindustrie.com\/en\/"},{"@type":"ListItem","position":2,"name":"Boutique","item":"https:\/\/schenglerindustrie.com\/en\/boutique\/"},{"@type":"ListItem","position":3,"name":"P\u00e2te \u00e0 mesurer le niveau d\u2019eau"}]},{"@type":"WebSite","@id":"https:\/\/www.schenglerindustrie.com\/#website","url":"https:\/\/www.schenglerindustrie.com\/","name":"Schengler Industrie","description":"","potentialAction":[{"@type":"SearchAction","target":{"@type":"EntryPoint","urlTemplate":"https:\/\/www.schenglerindustrie.com\/?s={search_term_string}"},"query-input":{"@type":"PropertyValueSpecification","valueRequired":true,"valueName":"search_term_string"}}],"inLanguage":"en-US"}]}},"_links":{"self":[{"href":"https:\/\/www.schenglerindustrie.com\/en\/wp-json\/wp\/v2\/product\/774","targetHints":{"allow":["GET"]}}],"collection":[{"href":"https:\/\/www.schenglerindustrie.com\/en\/wp-json\/wp\/v2\/product"}],"about":[{"href":"https:\/\/www.schenglerindustrie.com\/en\/wp-json\/wp\/v2\/types\/product"}],"replies":[{"embeddable":true,"href":"https:\/\/www.schenglerindustrie.com\/en\/wp-json\/wp\/v2\/comments?post=774"}],"wp:featuredmedia":[{"embeddable":true,"href":"https:\/\/www.schenglerindustrie.com\/en\/wp-json\/wp\/v2\/media\/1313"}],"wp:attachment":[{"href":"https:\/\/www.schenglerindustrie.com\/en\/wp-json\/wp\/v2\/media?parent=774"}],"wp:term":[{"taxonomy":"product_brand","embeddable":true,"href":"https:\/\/www.schenglerindustrie.com\/en\/wp-json\/wp\/v2\/product_brand?post=774"},{"taxonomy":"product_cat","embeddable":true,"href":"https:\/\/www.schenglerindustrie.com\/en\/wp-json\/wp\/v2\/product_cat?post=774"},{"taxonomy":"product_tag","embeddable":true,"href":"https:\/\/www.schenglerindustrie.com\/en\/wp-json\/wp\/v2\/product_tag?post=774"}],"curies":[{"name":"wp","href":"https:\/\/api.w.org\/{rel}","templated":true}]}}