{"id":773,"date":"2021-07-09T10:05:42","date_gmt":"2021-07-09T08:05:42","guid":{"rendered":"https:\/\/www.schenglerindustrie.com\/?post_type=product&#038;p=773"},"modified":"2021-09-16T16:57:41","modified_gmt":"2021-09-16T14:57:41","slug":"pate-detectrice-deau","status":"publish","type":"product","link":"https:\/\/www.schenglerindustrie.com\/en\/produit\/pate-detectrice-deau\/","title":{"rendered":"P\u00e2te d\u00e9tectrice d\u2019eau"},"content":{"rendered":"","protected":false},"excerpt":{"rendered":"<p>Au contact de l\u2019eau, cette p\u00e2te de couleur brune-or devient rouge brillant, ce qui en fait un indicateur d\u2019eau pr\u00e9cis et facilement identifiable m\u00eame sous des conditions de basse luminosit\u00e9.<\/p>\n<p>La p\u00e2te s&#8217;applique directement sur la r\u00e8gle de jaugeage, de votre cuve, r\u00e9servoir, attendre 10 secondes.Ressortez votre jauge et v\u00e9rifier la couleur de la p\u00e2te d\u00e9tectrice d&#8217;eau : Si elle vire rouge, c&#8217;est qu&#8217;il y a bien de l&#8217;eau dans votre carburant, Il est alors n\u00e9cessaire de traiter votre carburant .<\/p>\n<p>Conserver la p\u00e2te d\u00e9tectrice d&#8217;eau au sec, \u00e0 l&#8217;abri de la lumi\u00e8re et d&#8217;une trop forte exposition<\/p>\n<p>La p\u00e2te d\u00e9tectrice d&#8217;eau\u00a0est efficace avec\u00a0tous les carburants\u00a0: Essences (SP95, SP95-E10, SP98, E-85), gasoil, GNR, fioul domestique, fioul lourd, k\u00e9ros\u00e8ne<\/p>\n","protected":false},"featured_media":1315,"comment_status":"open","ping_status":"closed","template":"","meta":[],"product_brand":[],"product_cat":[38],"product_tag":[],"class_list":{"0":"post-773","1":"product","2":"type-product","3":"status-publish","4":"has-post-thumbnail","6":"product_cat-qualite-produits","8":"first","9":"instock","10":"shipping-taxable","11":"purchasable","12":"product-type-simple"},"yoast_head":"<!-- This site is optimized with the Yoast SEO plugin v25.5 - https:\/\/yoast.com\/wordpress\/plugins\/seo\/ -->\n<title>P\u00e2te d\u00e9tectrice d\u2019eau - Schengler Industrie<\/title>\n<meta name=\"robots\" content=\"index, follow, max-snippet:-1, max-image-preview:large, max-video-preview:-1\" \/>\n<link rel=\"canonical\" href=\"https:\/\/www.schenglerindustrie.com\/produit\/pate-detectrice-deau\/\" \/>\n<meta property=\"og:locale\" content=\"en_US\" \/>\n<meta property=\"og:type\" content=\"article\" \/>\n<meta property=\"og:title\" content=\"P\u00e2te d\u00e9tectrice d\u2019eau - Schengler Industrie\" \/>\n<meta property=\"og:description\" content=\"Au contact de l\u2019eau, cette p\u00e2te de couleur brune-or devient rouge brillant, ce qui en fait un indicateur d\u2019eau pr\u00e9cis et facilement identifiable m\u00eame sous des conditions de basse luminosit\u00e9.  La p\u00e2te s&#039;applique directement sur la r\u00e8gle de jaugeage, de votre cuve, r\u00e9servoir, attendre 10 secondes.Ressortez votre jauge et v\u00e9rifier la couleur de la p\u00e2te d\u00e9tectrice d&#039;eau : Si elle vire rouge, c&#039;est qu&#039;il y a bien de l&#039;eau dans votre carburant, Il est alors n\u00e9cessaire de traiter votre carburant .  Conserver la p\u00e2te d\u00e9tectrice d&#039;eau au sec, \u00e0 l&#039;abri de la lumi\u00e8re et d&#039;une trop forte exposition  La p\u00e2te d\u00e9tectrice d&#039;eau\u00a0est efficace avec\u00a0tous les carburants\u00a0: Essences (SP95, SP95-E10, SP98, E-85), gasoil, GNR, fioul domestique, fioul lourd, k\u00e9ros\u00e8ne\" \/>\n<meta property=\"og:url\" content=\"https:\/\/www.schenglerindustrie.com\/produit\/pate-detectrice-deau\/\" \/>\n<meta property=\"og:site_name\" content=\"Schengler Industrie\" \/>\n<meta property=\"article:modified_time\" content=\"2021-09-16T14:57:41+00:00\" \/>\n<meta property=\"og:image\" content=\"https:\/\/www.schenglerindustrie.com\/wp-content\/uploads\/2021\/07\/Pate-detectrice-deau-scaled.jpg\" \/>\n\t<meta property=\"og:image:width\" content=\"2560\" \/>\n\t<meta property=\"og:image:height\" content=\"1709\" \/>\n\t<meta property=\"og:image:type\" content=\"image\/jpeg\" \/>\n<meta name=\"twitter:card\" content=\"summary_large_image\" \/>\n<script type=\"application\/ld+json\" class=\"yoast-schema-graph\">{\"@context\":\"https:\/\/schema.org\",\"@graph\":[{\"@type\":\"WebPage\",\"@id\":\"https:\/\/www.schenglerindustrie.com\/produit\/pate-detectrice-deau\/\",\"url\":\"https:\/\/www.schenglerindustrie.com\/produit\/pate-detectrice-deau\/\",\"name\":\"P\u00e2te d\u00e9tectrice d\u2019eau - Schengler Industrie\",\"isPartOf\":{\"@id\":\"https:\/\/www.schenglerindustrie.com\/#website\"},\"primaryImageOfPage\":{\"@id\":\"https:\/\/www.schenglerindustrie.com\/produit\/pate-detectrice-deau\/#primaryimage\"},\"image\":{\"@id\":\"https:\/\/www.schenglerindustrie.com\/produit\/pate-detectrice-deau\/#primaryimage\"},\"thumbnailUrl\":\"https:\/\/www.schenglerindustrie.com\/wp-content\/uploads\/2021\/07\/Pate-detectrice-deau-scaled.jpg\",\"datePublished\":\"2021-07-09T08:05:42+00:00\",\"dateModified\":\"2021-09-16T14:57:41+00:00\",\"breadcrumb\":{\"@id\":\"https:\/\/www.schenglerindustrie.com\/produit\/pate-detectrice-deau\/#breadcrumb\"},\"inLanguage\":\"en-US\",\"potentialAction\":[{\"@type\":\"ReadAction\",\"target\":[\"https:\/\/www.schenglerindustrie.com\/produit\/pate-detectrice-deau\/\"]}]},{\"@type\":\"ImageObject\",\"inLanguage\":\"en-US\",\"@id\":\"https:\/\/www.schenglerindustrie.com\/produit\/pate-detectrice-deau\/#primaryimage\",\"url\":\"https:\/\/www.schenglerindustrie.com\/wp-content\/uploads\/2021\/07\/Pate-detectrice-deau-scaled.jpg\",\"contentUrl\":\"https:\/\/www.schenglerindustrie.com\/wp-content\/uploads\/2021\/07\/Pate-detectrice-deau-scaled.jpg\",\"width\":2560,\"height\":1709},{\"@type\":\"BreadcrumbList\",\"@id\":\"https:\/\/www.schenglerindustrie.com\/produit\/pate-detectrice-deau\/#breadcrumb\",\"itemListElement\":[{\"@type\":\"ListItem\",\"position\":1,\"name\":\"Accueil\",\"item\":\"https:\/\/schenglerindustrie.com\/en\/\"},{\"@type\":\"ListItem\",\"position\":2,\"name\":\"Boutique\",\"item\":\"https:\/\/schenglerindustrie.com\/en\/boutique\/\"},{\"@type\":\"ListItem\",\"position\":3,\"name\":\"P\u00e2te d\u00e9tectrice d\u2019eau\"}]},{\"@type\":\"WebSite\",\"@id\":\"https:\/\/www.schenglerindustrie.com\/#website\",\"url\":\"https:\/\/www.schenglerindustrie.com\/\",\"name\":\"Schengler Industrie\",\"description\":\"\",\"potentialAction\":[{\"@type\":\"SearchAction\",\"target\":{\"@type\":\"EntryPoint\",\"urlTemplate\":\"https:\/\/www.schenglerindustrie.com\/?s={search_term_string}\"},\"query-input\":{\"@type\":\"PropertyValueSpecification\",\"valueRequired\":true,\"valueName\":\"search_term_string\"}}],\"inLanguage\":\"en-US\"}]}<\/script>\n<!-- \/ Yoast SEO plugin. -->","yoast_head_json":{"title":"P\u00e2te d\u00e9tectrice d\u2019eau - Schengler Industrie","robots":{"index":"index","follow":"follow","max-snippet":"max-snippet:-1","max-image-preview":"max-image-preview:large","max-video-preview":"max-video-preview:-1"},"canonical":"https:\/\/www.schenglerindustrie.com\/produit\/pate-detectrice-deau\/","og_locale":"en_US","og_type":"article","og_title":"P\u00e2te d\u00e9tectrice d\u2019eau - Schengler Industrie","og_description":"Au contact de l\u2019eau, cette p\u00e2te de couleur brune-or devient rouge brillant, ce qui en fait un indicateur d\u2019eau pr\u00e9cis et facilement identifiable m\u00eame sous des conditions de basse luminosit\u00e9.  La p\u00e2te s'applique directement sur la r\u00e8gle de jaugeage, de votre cuve, r\u00e9servoir, attendre 10 secondes.Ressortez votre jauge et v\u00e9rifier la couleur de la p\u00e2te d\u00e9tectrice d'eau : Si elle vire rouge, c'est qu'il y a bien de l'eau dans votre carburant, Il est alors n\u00e9cessaire de traiter votre carburant .  Conserver la p\u00e2te d\u00e9tectrice d'eau au sec, \u00e0 l'abri de la lumi\u00e8re et d'une trop forte exposition  La p\u00e2te d\u00e9tectrice d'eau\u00a0est efficace avec\u00a0tous les carburants\u00a0: Essences (SP95, SP95-E10, SP98, E-85), gasoil, GNR, fioul domestique, fioul lourd, k\u00e9ros\u00e8ne","og_url":"https:\/\/www.schenglerindustrie.com\/produit\/pate-detectrice-deau\/","og_site_name":"Schengler Industrie","article_modified_time":"2021-09-16T14:57:41+00:00","og_image":[{"width":2560,"height":1709,"url":"https:\/\/www.schenglerindustrie.com\/wp-content\/uploads\/2021\/07\/Pate-detectrice-deau-scaled.jpg","type":"image\/jpeg"}],"twitter_card":"summary_large_image","schema":{"@context":"https:\/\/schema.org","@graph":[{"@type":"WebPage","@id":"https:\/\/www.schenglerindustrie.com\/produit\/pate-detectrice-deau\/","url":"https:\/\/www.schenglerindustrie.com\/produit\/pate-detectrice-deau\/","name":"P\u00e2te d\u00e9tectrice d\u2019eau - Schengler Industrie","isPartOf":{"@id":"https:\/\/www.schenglerindustrie.com\/#website"},"primaryImageOfPage":{"@id":"https:\/\/www.schenglerindustrie.com\/produit\/pate-detectrice-deau\/#primaryimage"},"image":{"@id":"https:\/\/www.schenglerindustrie.com\/produit\/pate-detectrice-deau\/#primaryimage"},"thumbnailUrl":"https:\/\/www.schenglerindustrie.com\/wp-content\/uploads\/2021\/07\/Pate-detectrice-deau-scaled.jpg","datePublished":"2021-07-09T08:05:42+00:00","dateModified":"2021-09-16T14:57:41+00:00","breadcrumb":{"@id":"https:\/\/www.schenglerindustrie.com\/produit\/pate-detectrice-deau\/#breadcrumb"},"inLanguage":"en-US","potentialAction":[{"@type":"ReadAction","target":["https:\/\/www.schenglerindustrie.com\/produit\/pate-detectrice-deau\/"]}]},{"@type":"ImageObject","inLanguage":"en-US","@id":"https:\/\/www.schenglerindustrie.com\/produit\/pate-detectrice-deau\/#primaryimage","url":"https:\/\/www.schenglerindustrie.com\/wp-content\/uploads\/2021\/07\/Pate-detectrice-deau-scaled.jpg","contentUrl":"https:\/\/www.schenglerindustrie.com\/wp-content\/uploads\/2021\/07\/Pate-detectrice-deau-scaled.jpg","width":2560,"height":1709},{"@type":"BreadcrumbList","@id":"https:\/\/www.schenglerindustrie.com\/produit\/pate-detectrice-deau\/#breadcrumb","itemListElement":[{"@type":"ListItem","position":1,"name":"Accueil","item":"https:\/\/schenglerindustrie.com\/en\/"},{"@type":"ListItem","position":2,"name":"Boutique","item":"https:\/\/schenglerindustrie.com\/en\/boutique\/"},{"@type":"ListItem","position":3,"name":"P\u00e2te d\u00e9tectrice d\u2019eau"}]},{"@type":"WebSite","@id":"https:\/\/www.schenglerindustrie.com\/#website","url":"https:\/\/www.schenglerindustrie.com\/","name":"Schengler Industrie","description":"","potentialAction":[{"@type":"SearchAction","target":{"@type":"EntryPoint","urlTemplate":"https:\/\/www.schenglerindustrie.com\/?s={search_term_string}"},"query-input":{"@type":"PropertyValueSpecification","valueRequired":true,"valueName":"search_term_string"}}],"inLanguage":"en-US"}]}},"_links":{"self":[{"href":"https:\/\/www.schenglerindustrie.com\/en\/wp-json\/wp\/v2\/product\/773","targetHints":{"allow":["GET"]}}],"collection":[{"href":"https:\/\/www.schenglerindustrie.com\/en\/wp-json\/wp\/v2\/product"}],"about":[{"href":"https:\/\/www.schenglerindustrie.com\/en\/wp-json\/wp\/v2\/types\/product"}],"replies":[{"embeddable":true,"href":"https:\/\/www.schenglerindustrie.com\/en\/wp-json\/wp\/v2\/comments?post=773"}],"wp:featuredmedia":[{"embeddable":true,"href":"https:\/\/www.schenglerindustrie.com\/en\/wp-json\/wp\/v2\/media\/1315"}],"wp:attachment":[{"href":"https:\/\/www.schenglerindustrie.com\/en\/wp-json\/wp\/v2\/media?parent=773"}],"wp:term":[{"taxonomy":"product_brand","embeddable":true,"href":"https:\/\/www.schenglerindustrie.com\/en\/wp-json\/wp\/v2\/product_brand?post=773"},{"taxonomy":"product_cat","embeddable":true,"href":"https:\/\/www.schenglerindustrie.com\/en\/wp-json\/wp\/v2\/product_cat?post=773"},{"taxonomy":"product_tag","embeddable":true,"href":"https:\/\/www.schenglerindustrie.com\/en\/wp-json\/wp\/v2\/product_tag?post=773"}],"curies":[{"name":"wp","href":"https:\/\/api.w.org\/{rel}","templated":true}]}}