{"id":771,"date":"2021-07-09T10:03:44","date_gmt":"2021-07-09T08:03:44","guid":{"rendered":"https:\/\/www.schenglerindustrie.com\/?post_type=product&#038;p=771"},"modified":"2021-09-16T17:00:27","modified_gmt":"2021-09-16T15:00:27","slug":"table-astm","status":"publish","type":"product","link":"https:\/\/www.schenglerindustrie.com\/en\/produit\/table-astm\/","title":{"rendered":"Table ASTM"},"content":{"rendered":"","protected":false},"excerpt":{"rendered":"<p><u>Table ASTM 53B<\/u><\/p>\n<p>Sert \u00e0 d\u00e9terminer, pour les produits p\u00e9troliers raffin\u00e9s, la masse volumique \u00e0 15\u00b0C, directement \u00e0 partir de la masse volumique observ\u00e9e \u00e0 la temp\u00e9rature du produit mesur\u00e9, \u00e0 l\u2019aide d\u2019un densim\u00e8tre pour produits p\u00e9troliers (\u00e9talonn\u00e9 \u00e0 15\u00b0C).<\/p>\n<p><u>Table ASTM 54B<\/u><\/p>\n<p>Sert \u00e0 obtenir, pour les produits p\u00e9troliers raffin\u00e9s, le facteur de conversion des volumes et des masses volumiques en fonction de la masse volumique \u00e0 15\u00b0C.<\/p>\n<p>&nbsp;<\/p>\n<p>Calculateur de densit\u00e9<\/p>\n<p>Sert pour l\u2019Avgas et le Jet A1.<\/p>\n<p>Mettre les valeurs donn\u00e9es par l\u2019hydrom\u00e8tre et la temp\u00e9rature ext\u00e9rieure, l\u2019une en face de l\u2019autre sur l\u2019\u00e9chelle du produit mesur\u00e9 et lire la densit\u00e9 corrig\u00e9e \u00e0 15\u00b0C en face de la fl\u00e8che.<\/p>\n","protected":false},"featured_media":1319,"comment_status":"open","ping_status":"closed","template":"","meta":[],"product_brand":[],"product_cat":[38],"product_tag":[],"class_list":{"0":"post-771","1":"product","2":"type-product","3":"status-publish","4":"has-post-thumbnail","6":"product_cat-qualite-produits","8":"first","9":"instock","10":"shipping-taxable","11":"purchasable","12":"product-type-simple"},"yoast_head":"<!-- This site is optimized with the Yoast SEO plugin v25.5 - https:\/\/yoast.com\/wordpress\/plugins\/seo\/ -->\n<title>Table ASTM - Schengler Industrie<\/title>\n<meta name=\"robots\" content=\"index, follow, max-snippet:-1, max-image-preview:large, max-video-preview:-1\" \/>\n<link rel=\"canonical\" href=\"https:\/\/www.schenglerindustrie.com\/produit\/table-astm\/\" \/>\n<meta property=\"og:locale\" content=\"en_US\" \/>\n<meta property=\"og:type\" content=\"article\" \/>\n<meta property=\"og:title\" content=\"Table ASTM - Schengler Industrie\" \/>\n<meta property=\"og:description\" content=\"Table ASTM 53B  Sert \u00e0 d\u00e9terminer, pour les produits p\u00e9troliers raffin\u00e9s, la masse volumique \u00e0 15\u00b0C, directement \u00e0 partir de la masse volumique observ\u00e9e \u00e0 la temp\u00e9rature du produit mesur\u00e9, \u00e0 l\u2019aide d\u2019un densim\u00e8tre pour produits p\u00e9troliers (\u00e9talonn\u00e9 \u00e0 15\u00b0C).  Table ASTM 54B  Sert \u00e0 obtenir, pour les produits p\u00e9troliers raffin\u00e9s, le facteur de conversion des volumes et des masses volumiques en fonction de la masse volumique \u00e0 15\u00b0C.  &nbsp;  Calculateur de densit\u00e9  Sert pour l\u2019Avgas et le Jet A1.  Mettre les valeurs donn\u00e9es par l\u2019hydrom\u00e8tre et la temp\u00e9rature ext\u00e9rieure, l\u2019une en face de l\u2019autre sur l\u2019\u00e9chelle du produit mesur\u00e9 et lire la densit\u00e9 corrig\u00e9e \u00e0 15\u00b0C en face de la fl\u00e8che.\" \/>\n<meta property=\"og:url\" content=\"https:\/\/www.schenglerindustrie.com\/produit\/table-astm\/\" \/>\n<meta property=\"og:site_name\" content=\"Schengler Industrie\" \/>\n<meta property=\"article:modified_time\" content=\"2021-09-16T15:00:27+00:00\" \/>\n<meta property=\"og:image\" content=\"https:\/\/www.schenglerindustrie.com\/wp-content\/uploads\/2021\/07\/Table-ASTM-scaled.jpg\" \/>\n\t<meta property=\"og:image:width\" content=\"2560\" \/>\n\t<meta property=\"og:image:height\" content=\"1709\" \/>\n\t<meta property=\"og:image:type\" content=\"image\/jpeg\" \/>\n<meta name=\"twitter:card\" content=\"summary_large_image\" \/>\n<script type=\"application\/ld+json\" class=\"yoast-schema-graph\">{\"@context\":\"https:\/\/schema.org\",\"@graph\":[{\"@type\":\"WebPage\",\"@id\":\"https:\/\/www.schenglerindustrie.com\/produit\/table-astm\/\",\"url\":\"https:\/\/www.schenglerindustrie.com\/produit\/table-astm\/\",\"name\":\"Table ASTM - Schengler Industrie\",\"isPartOf\":{\"@id\":\"https:\/\/www.schenglerindustrie.com\/#website\"},\"primaryImageOfPage\":{\"@id\":\"https:\/\/www.schenglerindustrie.com\/produit\/table-astm\/#primaryimage\"},\"image\":{\"@id\":\"https:\/\/www.schenglerindustrie.com\/produit\/table-astm\/#primaryimage\"},\"thumbnailUrl\":\"https:\/\/www.schenglerindustrie.com\/wp-content\/uploads\/2021\/07\/Table-ASTM-scaled.jpg\",\"datePublished\":\"2021-07-09T08:03:44+00:00\",\"dateModified\":\"2021-09-16T15:00:27+00:00\",\"breadcrumb\":{\"@id\":\"https:\/\/www.schenglerindustrie.com\/produit\/table-astm\/#breadcrumb\"},\"inLanguage\":\"en-US\",\"potentialAction\":[{\"@type\":\"ReadAction\",\"target\":[\"https:\/\/www.schenglerindustrie.com\/produit\/table-astm\/\"]}]},{\"@type\":\"ImageObject\",\"inLanguage\":\"en-US\",\"@id\":\"https:\/\/www.schenglerindustrie.com\/produit\/table-astm\/#primaryimage\",\"url\":\"https:\/\/www.schenglerindustrie.com\/wp-content\/uploads\/2021\/07\/Table-ASTM-scaled.jpg\",\"contentUrl\":\"https:\/\/www.schenglerindustrie.com\/wp-content\/uploads\/2021\/07\/Table-ASTM-scaled.jpg\",\"width\":2560,\"height\":1709},{\"@type\":\"BreadcrumbList\",\"@id\":\"https:\/\/www.schenglerindustrie.com\/produit\/table-astm\/#breadcrumb\",\"itemListElement\":[{\"@type\":\"ListItem\",\"position\":1,\"name\":\"Accueil\",\"item\":\"https:\/\/schenglerindustrie.com\/en\/\"},{\"@type\":\"ListItem\",\"position\":2,\"name\":\"Boutique\",\"item\":\"https:\/\/schenglerindustrie.com\/en\/boutique\/\"},{\"@type\":\"ListItem\",\"position\":3,\"name\":\"Table ASTM\"}]},{\"@type\":\"WebSite\",\"@id\":\"https:\/\/www.schenglerindustrie.com\/#website\",\"url\":\"https:\/\/www.schenglerindustrie.com\/\",\"name\":\"Schengler Industrie\",\"description\":\"\",\"potentialAction\":[{\"@type\":\"SearchAction\",\"target\":{\"@type\":\"EntryPoint\",\"urlTemplate\":\"https:\/\/www.schenglerindustrie.com\/?s={search_term_string}\"},\"query-input\":{\"@type\":\"PropertyValueSpecification\",\"valueRequired\":true,\"valueName\":\"search_term_string\"}}],\"inLanguage\":\"en-US\"}]}<\/script>\n<!-- \/ Yoast SEO plugin. -->","yoast_head_json":{"title":"Table ASTM - Schengler Industrie","robots":{"index":"index","follow":"follow","max-snippet":"max-snippet:-1","max-image-preview":"max-image-preview:large","max-video-preview":"max-video-preview:-1"},"canonical":"https:\/\/www.schenglerindustrie.com\/produit\/table-astm\/","og_locale":"en_US","og_type":"article","og_title":"Table ASTM - Schengler Industrie","og_description":"Table ASTM 53B  Sert \u00e0 d\u00e9terminer, pour les produits p\u00e9troliers raffin\u00e9s, la masse volumique \u00e0 15\u00b0C, directement \u00e0 partir de la masse volumique observ\u00e9e \u00e0 la temp\u00e9rature du produit mesur\u00e9, \u00e0 l\u2019aide d\u2019un densim\u00e8tre pour produits p\u00e9troliers (\u00e9talonn\u00e9 \u00e0 15\u00b0C).  Table ASTM 54B  Sert \u00e0 obtenir, pour les produits p\u00e9troliers raffin\u00e9s, le facteur de conversion des volumes et des masses volumiques en fonction de la masse volumique \u00e0 15\u00b0C.  &nbsp;  Calculateur de densit\u00e9  Sert pour l\u2019Avgas et le Jet A1.  Mettre les valeurs donn\u00e9es par l\u2019hydrom\u00e8tre et la temp\u00e9rature ext\u00e9rieure, l\u2019une en face de l\u2019autre sur l\u2019\u00e9chelle du produit mesur\u00e9 et lire la densit\u00e9 corrig\u00e9e \u00e0 15\u00b0C en face de la fl\u00e8che.","og_url":"https:\/\/www.schenglerindustrie.com\/produit\/table-astm\/","og_site_name":"Schengler Industrie","article_modified_time":"2021-09-16T15:00:27+00:00","og_image":[{"width":2560,"height":1709,"url":"https:\/\/www.schenglerindustrie.com\/wp-content\/uploads\/2021\/07\/Table-ASTM-scaled.jpg","type":"image\/jpeg"}],"twitter_card":"summary_large_image","schema":{"@context":"https:\/\/schema.org","@graph":[{"@type":"WebPage","@id":"https:\/\/www.schenglerindustrie.com\/produit\/table-astm\/","url":"https:\/\/www.schenglerindustrie.com\/produit\/table-astm\/","name":"Table ASTM - Schengler Industrie","isPartOf":{"@id":"https:\/\/www.schenglerindustrie.com\/#website"},"primaryImageOfPage":{"@id":"https:\/\/www.schenglerindustrie.com\/produit\/table-astm\/#primaryimage"},"image":{"@id":"https:\/\/www.schenglerindustrie.com\/produit\/table-astm\/#primaryimage"},"thumbnailUrl":"https:\/\/www.schenglerindustrie.com\/wp-content\/uploads\/2021\/07\/Table-ASTM-scaled.jpg","datePublished":"2021-07-09T08:03:44+00:00","dateModified":"2021-09-16T15:00:27+00:00","breadcrumb":{"@id":"https:\/\/www.schenglerindustrie.com\/produit\/table-astm\/#breadcrumb"},"inLanguage":"en-US","potentialAction":[{"@type":"ReadAction","target":["https:\/\/www.schenglerindustrie.com\/produit\/table-astm\/"]}]},{"@type":"ImageObject","inLanguage":"en-US","@id":"https:\/\/www.schenglerindustrie.com\/produit\/table-astm\/#primaryimage","url":"https:\/\/www.schenglerindustrie.com\/wp-content\/uploads\/2021\/07\/Table-ASTM-scaled.jpg","contentUrl":"https:\/\/www.schenglerindustrie.com\/wp-content\/uploads\/2021\/07\/Table-ASTM-scaled.jpg","width":2560,"height":1709},{"@type":"BreadcrumbList","@id":"https:\/\/www.schenglerindustrie.com\/produit\/table-astm\/#breadcrumb","itemListElement":[{"@type":"ListItem","position":1,"name":"Accueil","item":"https:\/\/schenglerindustrie.com\/en\/"},{"@type":"ListItem","position":2,"name":"Boutique","item":"https:\/\/schenglerindustrie.com\/en\/boutique\/"},{"@type":"ListItem","position":3,"name":"Table ASTM"}]},{"@type":"WebSite","@id":"https:\/\/www.schenglerindustrie.com\/#website","url":"https:\/\/www.schenglerindustrie.com\/","name":"Schengler Industrie","description":"","potentialAction":[{"@type":"SearchAction","target":{"@type":"EntryPoint","urlTemplate":"https:\/\/www.schenglerindustrie.com\/?s={search_term_string}"},"query-input":{"@type":"PropertyValueSpecification","valueRequired":true,"valueName":"search_term_string"}}],"inLanguage":"en-US"}]}},"_links":{"self":[{"href":"https:\/\/www.schenglerindustrie.com\/en\/wp-json\/wp\/v2\/product\/771","targetHints":{"allow":["GET"]}}],"collection":[{"href":"https:\/\/www.schenglerindustrie.com\/en\/wp-json\/wp\/v2\/product"}],"about":[{"href":"https:\/\/www.schenglerindustrie.com\/en\/wp-json\/wp\/v2\/types\/product"}],"replies":[{"embeddable":true,"href":"https:\/\/www.schenglerindustrie.com\/en\/wp-json\/wp\/v2\/comments?post=771"}],"wp:featuredmedia":[{"embeddable":true,"href":"https:\/\/www.schenglerindustrie.com\/en\/wp-json\/wp\/v2\/media\/1319"}],"wp:attachment":[{"href":"https:\/\/www.schenglerindustrie.com\/en\/wp-json\/wp\/v2\/media?parent=771"}],"wp:term":[{"taxonomy":"product_brand","embeddable":true,"href":"https:\/\/www.schenglerindustrie.com\/en\/wp-json\/wp\/v2\/product_brand?post=771"},{"taxonomy":"product_cat","embeddable":true,"href":"https:\/\/www.schenglerindustrie.com\/en\/wp-json\/wp\/v2\/product_cat?post=771"},{"taxonomy":"product_tag","embeddable":true,"href":"https:\/\/www.schenglerindustrie.com\/en\/wp-json\/wp\/v2\/product_tag?post=771"}],"curies":[{"name":"wp","href":"https:\/\/api.w.org\/{rel}","templated":true}]}}