{"id":769,"date":"2021-07-09T09:58:20","date_gmt":"2021-07-09T07:58:20","guid":{"rendered":"https:\/\/www.schenglerindustrie.com\/?post_type=product&#038;p=769"},"modified":"2021-09-16T17:03:06","modified_gmt":"2021-09-16T15:03:06","slug":"thermometre-normalise","status":"publish","type":"product","link":"https:\/\/www.schenglerindustrie.com\/en\/produit\/thermometre-normalise\/","title":{"rendered":"Thermom\u00e8tre normalis\u00e9"},"content":{"rendered":"","protected":false},"excerpt":{"rendered":"<p>Plage de temp\u00e9rature\u00a0: -20\u00b0C \u00e0 +120\u00b0C<\/p>\n<p>Graduation\u00a0: 0.2\u00b0C<\/p>\n<p>Liquide teint\u00e9 bleu<\/p>\n<p>Curseur 3 positions<\/p>\n<p>Norme ASTM 12C\/IP64C<\/p>\n<p>Instrument num\u00e9rot\u00e9<\/p>\n<p>Certificat d\u2019\u00e9talonnage usine<\/p>\n<p>Diff\u00e9rents mod\u00e8les\u00a0:<\/p>\n<ul>\n<li>thermom\u00e8tre ASTM 12C -20\u00b0C +102\u00b0C\u00a0 2\u00b0C<\/li>\n<li>thermom\u00e8tre -10\u00b0C +60\u00b0C \u00e0 15\u00b0C -0.50\u00b0C<\/li>\n<li>thermom\u00e8tre -10\u00b0C +60\u00b0C\u00a0 \u00e0 15\u00b0C\u00a0 -0.50\u00b0C avec cage de protection inox<\/li>\n<li>\u2026<\/li>\n<\/ul>\n","protected":false},"featured_media":1323,"comment_status":"open","ping_status":"closed","template":"","meta":[],"product_brand":[],"product_cat":[38],"product_tag":[],"class_list":{"0":"post-769","1":"product","2":"type-product","3":"status-publish","4":"has-post-thumbnail","6":"product_cat-qualite-produits","8":"first","9":"instock","10":"shipping-taxable","11":"purchasable","12":"product-type-simple"},"yoast_head":"<!-- This site is optimized with the Yoast SEO plugin v25.5 - https:\/\/yoast.com\/wordpress\/plugins\/seo\/ -->\n<title>Thermom\u00e8tre normalis\u00e9 - Schengler Industrie<\/title>\n<meta name=\"robots\" content=\"index, follow, max-snippet:-1, max-image-preview:large, max-video-preview:-1\" \/>\n<link rel=\"canonical\" href=\"https:\/\/www.schenglerindustrie.com\/produit\/thermometre-normalise\/\" \/>\n<meta property=\"og:locale\" content=\"en_US\" \/>\n<meta property=\"og:type\" content=\"article\" \/>\n<meta property=\"og:title\" content=\"Thermom\u00e8tre normalis\u00e9 - Schengler Industrie\" \/>\n<meta property=\"og:description\" content=\"Plage de temp\u00e9rature\u00a0: -20\u00b0C \u00e0 +120\u00b0C  Graduation\u00a0: 0.2\u00b0C  Liquide teint\u00e9 bleu  Curseur 3 positions  Norme ASTM 12C\/IP64C  Instrument num\u00e9rot\u00e9  Certificat d\u2019\u00e9talonnage usine  Diff\u00e9rents mod\u00e8les\u00a0:   thermom\u00e8tre ASTM 12C -20\u00b0C +102\u00b0C\u00a0 2\u00b0C  thermom\u00e8tre -10\u00b0C +60\u00b0C \u00e0 15\u00b0C -0.50\u00b0C  thermom\u00e8tre -10\u00b0C +60\u00b0C\u00a0 \u00e0 15\u00b0C\u00a0 -0.50\u00b0C avec cage de protection inox  \u2026\" \/>\n<meta property=\"og:url\" content=\"https:\/\/www.schenglerindustrie.com\/produit\/thermometre-normalise\/\" \/>\n<meta property=\"og:site_name\" content=\"Schengler Industrie\" \/>\n<meta property=\"article:modified_time\" content=\"2021-09-16T15:03:06+00:00\" \/>\n<meta property=\"og:image\" content=\"https:\/\/www.schenglerindustrie.com\/wp-content\/uploads\/2021\/07\/thermometre-normalise-scaled.jpg\" \/>\n\t<meta property=\"og:image:width\" content=\"2560\" \/>\n\t<meta property=\"og:image:height\" content=\"1709\" \/>\n\t<meta property=\"og:image:type\" content=\"image\/jpeg\" \/>\n<meta name=\"twitter:card\" content=\"summary_large_image\" \/>\n<script type=\"application\/ld+json\" class=\"yoast-schema-graph\">{\"@context\":\"https:\/\/schema.org\",\"@graph\":[{\"@type\":\"WebPage\",\"@id\":\"https:\/\/www.schenglerindustrie.com\/produit\/thermometre-normalise\/\",\"url\":\"https:\/\/www.schenglerindustrie.com\/produit\/thermometre-normalise\/\",\"name\":\"Thermom\u00e8tre normalis\u00e9 - Schengler Industrie\",\"isPartOf\":{\"@id\":\"https:\/\/www.schenglerindustrie.com\/#website\"},\"primaryImageOfPage\":{\"@id\":\"https:\/\/www.schenglerindustrie.com\/produit\/thermometre-normalise\/#primaryimage\"},\"image\":{\"@id\":\"https:\/\/www.schenglerindustrie.com\/produit\/thermometre-normalise\/#primaryimage\"},\"thumbnailUrl\":\"https:\/\/www.schenglerindustrie.com\/wp-content\/uploads\/2021\/07\/thermometre-normalise-scaled.jpg\",\"datePublished\":\"2021-07-09T07:58:20+00:00\",\"dateModified\":\"2021-09-16T15:03:06+00:00\",\"breadcrumb\":{\"@id\":\"https:\/\/www.schenglerindustrie.com\/produit\/thermometre-normalise\/#breadcrumb\"},\"inLanguage\":\"en-US\",\"potentialAction\":[{\"@type\":\"ReadAction\",\"target\":[\"https:\/\/www.schenglerindustrie.com\/produit\/thermometre-normalise\/\"]}]},{\"@type\":\"ImageObject\",\"inLanguage\":\"en-US\",\"@id\":\"https:\/\/www.schenglerindustrie.com\/produit\/thermometre-normalise\/#primaryimage\",\"url\":\"https:\/\/www.schenglerindustrie.com\/wp-content\/uploads\/2021\/07\/thermometre-normalise-scaled.jpg\",\"contentUrl\":\"https:\/\/www.schenglerindustrie.com\/wp-content\/uploads\/2021\/07\/thermometre-normalise-scaled.jpg\",\"width\":2560,\"height\":1709},{\"@type\":\"BreadcrumbList\",\"@id\":\"https:\/\/www.schenglerindustrie.com\/produit\/thermometre-normalise\/#breadcrumb\",\"itemListElement\":[{\"@type\":\"ListItem\",\"position\":1,\"name\":\"Accueil\",\"item\":\"https:\/\/schenglerindustrie.com\/en\/\"},{\"@type\":\"ListItem\",\"position\":2,\"name\":\"Boutique\",\"item\":\"https:\/\/schenglerindustrie.com\/en\/boutique\/\"},{\"@type\":\"ListItem\",\"position\":3,\"name\":\"Thermom\u00e8tre normalis\u00e9\"}]},{\"@type\":\"WebSite\",\"@id\":\"https:\/\/www.schenglerindustrie.com\/#website\",\"url\":\"https:\/\/www.schenglerindustrie.com\/\",\"name\":\"Schengler Industrie\",\"description\":\"\",\"potentialAction\":[{\"@type\":\"SearchAction\",\"target\":{\"@type\":\"EntryPoint\",\"urlTemplate\":\"https:\/\/www.schenglerindustrie.com\/?s={search_term_string}\"},\"query-input\":{\"@type\":\"PropertyValueSpecification\",\"valueRequired\":true,\"valueName\":\"search_term_string\"}}],\"inLanguage\":\"en-US\"}]}<\/script>\n<!-- \/ Yoast SEO plugin. -->","yoast_head_json":{"title":"Thermom\u00e8tre normalis\u00e9 - Schengler Industrie","robots":{"index":"index","follow":"follow","max-snippet":"max-snippet:-1","max-image-preview":"max-image-preview:large","max-video-preview":"max-video-preview:-1"},"canonical":"https:\/\/www.schenglerindustrie.com\/produit\/thermometre-normalise\/","og_locale":"en_US","og_type":"article","og_title":"Thermom\u00e8tre normalis\u00e9 - Schengler Industrie","og_description":"Plage de temp\u00e9rature\u00a0: -20\u00b0C \u00e0 +120\u00b0C  Graduation\u00a0: 0.2\u00b0C  Liquide teint\u00e9 bleu  Curseur 3 positions  Norme ASTM 12C\/IP64C  Instrument num\u00e9rot\u00e9  Certificat d\u2019\u00e9talonnage usine  Diff\u00e9rents mod\u00e8les\u00a0:   thermom\u00e8tre ASTM 12C -20\u00b0C +102\u00b0C\u00a0 2\u00b0C  thermom\u00e8tre -10\u00b0C +60\u00b0C \u00e0 15\u00b0C -0.50\u00b0C  thermom\u00e8tre -10\u00b0C +60\u00b0C\u00a0 \u00e0 15\u00b0C\u00a0 -0.50\u00b0C avec cage de protection inox  \u2026","og_url":"https:\/\/www.schenglerindustrie.com\/produit\/thermometre-normalise\/","og_site_name":"Schengler Industrie","article_modified_time":"2021-09-16T15:03:06+00:00","og_image":[{"width":2560,"height":1709,"url":"https:\/\/www.schenglerindustrie.com\/wp-content\/uploads\/2021\/07\/thermometre-normalise-scaled.jpg","type":"image\/jpeg"}],"twitter_card":"summary_large_image","schema":{"@context":"https:\/\/schema.org","@graph":[{"@type":"WebPage","@id":"https:\/\/www.schenglerindustrie.com\/produit\/thermometre-normalise\/","url":"https:\/\/www.schenglerindustrie.com\/produit\/thermometre-normalise\/","name":"Thermom\u00e8tre normalis\u00e9 - Schengler Industrie","isPartOf":{"@id":"https:\/\/www.schenglerindustrie.com\/#website"},"primaryImageOfPage":{"@id":"https:\/\/www.schenglerindustrie.com\/produit\/thermometre-normalise\/#primaryimage"},"image":{"@id":"https:\/\/www.schenglerindustrie.com\/produit\/thermometre-normalise\/#primaryimage"},"thumbnailUrl":"https:\/\/www.schenglerindustrie.com\/wp-content\/uploads\/2021\/07\/thermometre-normalise-scaled.jpg","datePublished":"2021-07-09T07:58:20+00:00","dateModified":"2021-09-16T15:03:06+00:00","breadcrumb":{"@id":"https:\/\/www.schenglerindustrie.com\/produit\/thermometre-normalise\/#breadcrumb"},"inLanguage":"en-US","potentialAction":[{"@type":"ReadAction","target":["https:\/\/www.schenglerindustrie.com\/produit\/thermometre-normalise\/"]}]},{"@type":"ImageObject","inLanguage":"en-US","@id":"https:\/\/www.schenglerindustrie.com\/produit\/thermometre-normalise\/#primaryimage","url":"https:\/\/www.schenglerindustrie.com\/wp-content\/uploads\/2021\/07\/thermometre-normalise-scaled.jpg","contentUrl":"https:\/\/www.schenglerindustrie.com\/wp-content\/uploads\/2021\/07\/thermometre-normalise-scaled.jpg","width":2560,"height":1709},{"@type":"BreadcrumbList","@id":"https:\/\/www.schenglerindustrie.com\/produit\/thermometre-normalise\/#breadcrumb","itemListElement":[{"@type":"ListItem","position":1,"name":"Accueil","item":"https:\/\/schenglerindustrie.com\/en\/"},{"@type":"ListItem","position":2,"name":"Boutique","item":"https:\/\/schenglerindustrie.com\/en\/boutique\/"},{"@type":"ListItem","position":3,"name":"Thermom\u00e8tre normalis\u00e9"}]},{"@type":"WebSite","@id":"https:\/\/www.schenglerindustrie.com\/#website","url":"https:\/\/www.schenglerindustrie.com\/","name":"Schengler Industrie","description":"","potentialAction":[{"@type":"SearchAction","target":{"@type":"EntryPoint","urlTemplate":"https:\/\/www.schenglerindustrie.com\/?s={search_term_string}"},"query-input":{"@type":"PropertyValueSpecification","valueRequired":true,"valueName":"search_term_string"}}],"inLanguage":"en-US"}]}},"_links":{"self":[{"href":"https:\/\/www.schenglerindustrie.com\/en\/wp-json\/wp\/v2\/product\/769","targetHints":{"allow":["GET"]}}],"collection":[{"href":"https:\/\/www.schenglerindustrie.com\/en\/wp-json\/wp\/v2\/product"}],"about":[{"href":"https:\/\/www.schenglerindustrie.com\/en\/wp-json\/wp\/v2\/types\/product"}],"replies":[{"embeddable":true,"href":"https:\/\/www.schenglerindustrie.com\/en\/wp-json\/wp\/v2\/comments?post=769"}],"wp:featuredmedia":[{"embeddable":true,"href":"https:\/\/www.schenglerindustrie.com\/en\/wp-json\/wp\/v2\/media\/1323"}],"wp:attachment":[{"href":"https:\/\/www.schenglerindustrie.com\/en\/wp-json\/wp\/v2\/media?parent=769"}],"wp:term":[{"taxonomy":"product_brand","embeddable":true,"href":"https:\/\/www.schenglerindustrie.com\/en\/wp-json\/wp\/v2\/product_brand?post=769"},{"taxonomy":"product_cat","embeddable":true,"href":"https:\/\/www.schenglerindustrie.com\/en\/wp-json\/wp\/v2\/product_cat?post=769"},{"taxonomy":"product_tag","embeddable":true,"href":"https:\/\/www.schenglerindustrie.com\/en\/wp-json\/wp\/v2\/product_tag?post=769"}],"curies":[{"name":"wp","href":"https:\/\/api.w.org\/{rel}","templated":true}]}}