{"id":767,"date":"2021-07-09T09:57:43","date_gmt":"2021-07-09T07:57:43","guid":{"rendered":"https:\/\/www.schenglerindustrie.com\/?post_type=product&#038;p=767"},"modified":"2021-09-17T15:53:17","modified_gmt":"2021-09-17T13:53:17","slug":"ampoule-24v5w","status":"publish","type":"product","link":"https:\/\/www.schenglerindustrie.com\/en\/produit\/ampoule-24v5w\/","title":{"rendered":"Ampoule 24V5W"},"content":{"rendered":"","protected":false},"excerpt":{"rendered":"<p><strong>Ampoule 24V 5W BA15S pour camions (PL) :<\/strong><\/p>\n<ul>\n<li>Application poids-lourds : pour feux arri\u00e8res, \u00e9claireurs de plaque, plafonnier<\/li>\n<li>Eclairage int\u00e9rieur et signalisation<\/li>\n<li>Lampe sph\u00e9rique<\/li>\n<li>R5W BA15S<\/li>\n<li>Culot BA15s<\/li>\n<\/ul>\n<p>&nbsp;<\/p>\n<p>Diff\u00e9rents mod\u00e8les\u00a0: nous consulter<\/p>\n","protected":false},"featured_media":1329,"comment_status":"open","ping_status":"closed","template":"","meta":[],"product_brand":[],"product_cat":[37],"product_tag":[],"class_list":{"0":"post-767","1":"product","2":"type-product","3":"status-publish","4":"has-post-thumbnail","6":"product_cat-electrique","8":"first","9":"instock","10":"shipping-taxable","11":"purchasable","12":"product-type-simple"},"yoast_head":"<!-- This site is optimized with the Yoast SEO plugin v25.5 - https:\/\/yoast.com\/wordpress\/plugins\/seo\/ -->\n<title>Ampoule 24V5W - Schengler Industrie<\/title>\n<meta name=\"robots\" content=\"index, follow, max-snippet:-1, max-image-preview:large, max-video-preview:-1\" \/>\n<link rel=\"canonical\" href=\"https:\/\/www.schenglerindustrie.com\/produit\/ampoule-24v5w\/\" \/>\n<meta property=\"og:locale\" content=\"en_US\" \/>\n<meta property=\"og:type\" content=\"article\" \/>\n<meta property=\"og:title\" content=\"Ampoule 24V5W - Schengler Industrie\" \/>\n<meta property=\"og:description\" content=\"Ampoule 24V 5W BA15S pour camions (PL) :   Application poids-lourds : pour feux arri\u00e8res, \u00e9claireurs de plaque, plafonnier  Eclairage int\u00e9rieur et signalisation  Lampe sph\u00e9rique  R5W BA15S  Culot BA15s  &nbsp;  Diff\u00e9rents mod\u00e8les\u00a0: nous consulter\" \/>\n<meta property=\"og:url\" content=\"https:\/\/www.schenglerindustrie.com\/produit\/ampoule-24v5w\/\" \/>\n<meta property=\"og:site_name\" content=\"Schengler Industrie\" \/>\n<meta property=\"article:modified_time\" content=\"2021-09-17T13:53:17+00:00\" \/>\n<meta property=\"og:image\" content=\"https:\/\/www.schenglerindustrie.com\/wp-content\/uploads\/2021\/07\/shopping.png\" \/>\n\t<meta property=\"og:image:width\" content=\"166\" \/>\n\t<meta property=\"og:image:height\" content=\"147\" \/>\n\t<meta property=\"og:image:type\" content=\"image\/png\" \/>\n<meta name=\"twitter:card\" content=\"summary_large_image\" \/>\n<script type=\"application\/ld+json\" class=\"yoast-schema-graph\">{\"@context\":\"https:\/\/schema.org\",\"@graph\":[{\"@type\":\"WebPage\",\"@id\":\"https:\/\/www.schenglerindustrie.com\/produit\/ampoule-24v5w\/\",\"url\":\"https:\/\/www.schenglerindustrie.com\/produit\/ampoule-24v5w\/\",\"name\":\"Ampoule 24V5W - Schengler Industrie\",\"isPartOf\":{\"@id\":\"https:\/\/www.schenglerindustrie.com\/#website\"},\"primaryImageOfPage\":{\"@id\":\"https:\/\/www.schenglerindustrie.com\/produit\/ampoule-24v5w\/#primaryimage\"},\"image\":{\"@id\":\"https:\/\/www.schenglerindustrie.com\/produit\/ampoule-24v5w\/#primaryimage\"},\"thumbnailUrl\":\"https:\/\/www.schenglerindustrie.com\/wp-content\/uploads\/2021\/07\/shopping.png\",\"datePublished\":\"2021-07-09T07:57:43+00:00\",\"dateModified\":\"2021-09-17T13:53:17+00:00\",\"breadcrumb\":{\"@id\":\"https:\/\/www.schenglerindustrie.com\/produit\/ampoule-24v5w\/#breadcrumb\"},\"inLanguage\":\"en-US\",\"potentialAction\":[{\"@type\":\"ReadAction\",\"target\":[\"https:\/\/www.schenglerindustrie.com\/produit\/ampoule-24v5w\/\"]}]},{\"@type\":\"ImageObject\",\"inLanguage\":\"en-US\",\"@id\":\"https:\/\/www.schenglerindustrie.com\/produit\/ampoule-24v5w\/#primaryimage\",\"url\":\"https:\/\/www.schenglerindustrie.com\/wp-content\/uploads\/2021\/07\/shopping.png\",\"contentUrl\":\"https:\/\/www.schenglerindustrie.com\/wp-content\/uploads\/2021\/07\/shopping.png\",\"width\":166,\"height\":147},{\"@type\":\"BreadcrumbList\",\"@id\":\"https:\/\/www.schenglerindustrie.com\/produit\/ampoule-24v5w\/#breadcrumb\",\"itemListElement\":[{\"@type\":\"ListItem\",\"position\":1,\"name\":\"Accueil\",\"item\":\"https:\/\/schenglerindustrie.com\/en\/\"},{\"@type\":\"ListItem\",\"position\":2,\"name\":\"Boutique\",\"item\":\"https:\/\/schenglerindustrie.com\/en\/boutique\/\"},{\"@type\":\"ListItem\",\"position\":3,\"name\":\"Ampoule 24V5W\"}]},{\"@type\":\"WebSite\",\"@id\":\"https:\/\/www.schenglerindustrie.com\/#website\",\"url\":\"https:\/\/www.schenglerindustrie.com\/\",\"name\":\"Schengler Industrie\",\"description\":\"\",\"potentialAction\":[{\"@type\":\"SearchAction\",\"target\":{\"@type\":\"EntryPoint\",\"urlTemplate\":\"https:\/\/www.schenglerindustrie.com\/?s={search_term_string}\"},\"query-input\":{\"@type\":\"PropertyValueSpecification\",\"valueRequired\":true,\"valueName\":\"search_term_string\"}}],\"inLanguage\":\"en-US\"}]}<\/script>\n<!-- \/ Yoast SEO plugin. -->","yoast_head_json":{"title":"Ampoule 24V5W - Schengler Industrie","robots":{"index":"index","follow":"follow","max-snippet":"max-snippet:-1","max-image-preview":"max-image-preview:large","max-video-preview":"max-video-preview:-1"},"canonical":"https:\/\/www.schenglerindustrie.com\/produit\/ampoule-24v5w\/","og_locale":"en_US","og_type":"article","og_title":"Ampoule 24V5W - Schengler Industrie","og_description":"Ampoule 24V 5W BA15S pour camions (PL) :   Application poids-lourds : pour feux arri\u00e8res, \u00e9claireurs de plaque, plafonnier  Eclairage int\u00e9rieur et signalisation  Lampe sph\u00e9rique  R5W BA15S  Culot BA15s  &nbsp;  Diff\u00e9rents mod\u00e8les\u00a0: nous consulter","og_url":"https:\/\/www.schenglerindustrie.com\/produit\/ampoule-24v5w\/","og_site_name":"Schengler Industrie","article_modified_time":"2021-09-17T13:53:17+00:00","og_image":[{"width":166,"height":147,"url":"https:\/\/www.schenglerindustrie.com\/wp-content\/uploads\/2021\/07\/shopping.png","type":"image\/png"}],"twitter_card":"summary_large_image","schema":{"@context":"https:\/\/schema.org","@graph":[{"@type":"WebPage","@id":"https:\/\/www.schenglerindustrie.com\/produit\/ampoule-24v5w\/","url":"https:\/\/www.schenglerindustrie.com\/produit\/ampoule-24v5w\/","name":"Ampoule 24V5W - Schengler Industrie","isPartOf":{"@id":"https:\/\/www.schenglerindustrie.com\/#website"},"primaryImageOfPage":{"@id":"https:\/\/www.schenglerindustrie.com\/produit\/ampoule-24v5w\/#primaryimage"},"image":{"@id":"https:\/\/www.schenglerindustrie.com\/produit\/ampoule-24v5w\/#primaryimage"},"thumbnailUrl":"https:\/\/www.schenglerindustrie.com\/wp-content\/uploads\/2021\/07\/shopping.png","datePublished":"2021-07-09T07:57:43+00:00","dateModified":"2021-09-17T13:53:17+00:00","breadcrumb":{"@id":"https:\/\/www.schenglerindustrie.com\/produit\/ampoule-24v5w\/#breadcrumb"},"inLanguage":"en-US","potentialAction":[{"@type":"ReadAction","target":["https:\/\/www.schenglerindustrie.com\/produit\/ampoule-24v5w\/"]}]},{"@type":"ImageObject","inLanguage":"en-US","@id":"https:\/\/www.schenglerindustrie.com\/produit\/ampoule-24v5w\/#primaryimage","url":"https:\/\/www.schenglerindustrie.com\/wp-content\/uploads\/2021\/07\/shopping.png","contentUrl":"https:\/\/www.schenglerindustrie.com\/wp-content\/uploads\/2021\/07\/shopping.png","width":166,"height":147},{"@type":"BreadcrumbList","@id":"https:\/\/www.schenglerindustrie.com\/produit\/ampoule-24v5w\/#breadcrumb","itemListElement":[{"@type":"ListItem","position":1,"name":"Accueil","item":"https:\/\/schenglerindustrie.com\/en\/"},{"@type":"ListItem","position":2,"name":"Boutique","item":"https:\/\/schenglerindustrie.com\/en\/boutique\/"},{"@type":"ListItem","position":3,"name":"Ampoule 24V5W"}]},{"@type":"WebSite","@id":"https:\/\/www.schenglerindustrie.com\/#website","url":"https:\/\/www.schenglerindustrie.com\/","name":"Schengler Industrie","description":"","potentialAction":[{"@type":"SearchAction","target":{"@type":"EntryPoint","urlTemplate":"https:\/\/www.schenglerindustrie.com\/?s={search_term_string}"},"query-input":{"@type":"PropertyValueSpecification","valueRequired":true,"valueName":"search_term_string"}}],"inLanguage":"en-US"}]}},"_links":{"self":[{"href":"https:\/\/www.schenglerindustrie.com\/en\/wp-json\/wp\/v2\/product\/767","targetHints":{"allow":["GET"]}}],"collection":[{"href":"https:\/\/www.schenglerindustrie.com\/en\/wp-json\/wp\/v2\/product"}],"about":[{"href":"https:\/\/www.schenglerindustrie.com\/en\/wp-json\/wp\/v2\/types\/product"}],"replies":[{"embeddable":true,"href":"https:\/\/www.schenglerindustrie.com\/en\/wp-json\/wp\/v2\/comments?post=767"}],"wp:featuredmedia":[{"embeddable":true,"href":"https:\/\/www.schenglerindustrie.com\/en\/wp-json\/wp\/v2\/media\/1329"}],"wp:attachment":[{"href":"https:\/\/www.schenglerindustrie.com\/en\/wp-json\/wp\/v2\/media?parent=767"}],"wp:term":[{"taxonomy":"product_brand","embeddable":true,"href":"https:\/\/www.schenglerindustrie.com\/en\/wp-json\/wp\/v2\/product_brand?post=767"},{"taxonomy":"product_cat","embeddable":true,"href":"https:\/\/www.schenglerindustrie.com\/en\/wp-json\/wp\/v2\/product_cat?post=767"},{"taxonomy":"product_tag","embeddable":true,"href":"https:\/\/www.schenglerindustrie.com\/en\/wp-json\/wp\/v2\/product_tag?post=767"}],"curies":[{"name":"wp","href":"https:\/\/api.w.org\/{rel}","templated":true}]}}