{"id":756,"date":"2021-07-09T09:48:01","date_gmt":"2021-07-09T07:48:01","guid":{"rendered":"https:\/\/www.schenglerindustrie.com\/?post_type=product&#038;p=756"},"modified":"2021-09-20T15:16:20","modified_gmt":"2021-09-20T13:16:20","slug":"coffret-electrique","status":"publish","type":"product","link":"https:\/\/www.schenglerindustrie.com\/en\/produit\/coffret-electrique\/","title":{"rendered":"Coffret \u00e9lectrique"},"content":{"rendered":"","protected":false},"excerpt":{"rendered":"<p>Coffret IP66 en acier<\/p>\n<p>Le coffret comprend : bo\u00eetier et plaque de montage de porte, syst\u00e8me de verrouillage simple,<\/p>\n<p>plaque pour presse-\u00e9toupe, joint d&#8217;\u00e9tanch\u00e9it\u00e9 et accessoires de fixation.<\/p>\n<p>Rev\u00eatement \u00e9poxy polyester<\/p>\n<p>Couleur : RAL7032<\/p>\n<p>Degr\u00e9 de protection : IP66<\/p>\n<p>Contre les impacts m\u00e9caniques : IK10<\/p>\n<p>Epaisseur : bo\u00eetier et porte en t\u00f4le d&#8217;acier 1,2 mm ou 1,5 mm<\/p>\n<p>Plaque de montage : acier zingu\u00e9 1,5 mm ou 2 mm<\/p>\n<p>Coffrets disponibles en IP ou ATEX.<\/p>\n<p>Diff\u00e9rents mod\u00e8les\u00a0: nous consulter<\/p>\n","protected":false},"featured_media":1351,"comment_status":"open","ping_status":"closed","template":"","meta":[],"product_brand":[],"product_cat":[37],"product_tag":[],"class_list":{"0":"post-756","1":"product","2":"type-product","3":"status-publish","4":"has-post-thumbnail","6":"product_cat-electrique","8":"first","9":"instock","10":"shipping-taxable","11":"purchasable","12":"product-type-simple"},"yoast_head":"<!-- This site is optimized with the Yoast SEO plugin v25.5 - https:\/\/yoast.com\/wordpress\/plugins\/seo\/ -->\n<title>Coffret \u00e9lectrique - Schengler Industrie<\/title>\n<meta name=\"robots\" content=\"index, follow, max-snippet:-1, max-image-preview:large, max-video-preview:-1\" \/>\n<link rel=\"canonical\" href=\"https:\/\/www.schenglerindustrie.com\/produit\/coffret-electrique\/\" \/>\n<meta property=\"og:locale\" content=\"en_US\" \/>\n<meta property=\"og:type\" content=\"article\" \/>\n<meta property=\"og:title\" content=\"Coffret \u00e9lectrique - Schengler Industrie\" \/>\n<meta property=\"og:description\" content=\"Coffret IP66 en acier  Le coffret comprend : bo\u00eetier et plaque de montage de porte, syst\u00e8me de verrouillage simple,  plaque pour presse-\u00e9toupe, joint d&#039;\u00e9tanch\u00e9it\u00e9 et accessoires de fixation.  Rev\u00eatement \u00e9poxy polyester  Couleur : RAL7032  Degr\u00e9 de protection : IP66  Contre les impacts m\u00e9caniques : IK10  Epaisseur : bo\u00eetier et porte en t\u00f4le d&#039;acier 1,2 mm ou 1,5 mm  Plaque de montage : acier zingu\u00e9 1,5 mm ou 2 mm  Coffrets disponibles en IP ou ATEX.  Diff\u00e9rents mod\u00e8les\u00a0: nous consulter\" \/>\n<meta property=\"og:url\" content=\"https:\/\/www.schenglerindustrie.com\/produit\/coffret-electrique\/\" \/>\n<meta property=\"og:site_name\" content=\"Schengler Industrie\" \/>\n<meta property=\"article:modified_time\" content=\"2021-09-20T13:16:20+00:00\" \/>\n<meta property=\"og:image\" content=\"https:\/\/www.schenglerindustrie.com\/wp-content\/uploads\/2021\/07\/coffret-electrique.png\" \/>\n\t<meta property=\"og:image:width\" content=\"166\" \/>\n\t<meta property=\"og:image:height\" content=\"123\" \/>\n\t<meta property=\"og:image:type\" content=\"image\/png\" \/>\n<meta name=\"twitter:card\" content=\"summary_large_image\" \/>\n<script type=\"application\/ld+json\" class=\"yoast-schema-graph\">{\"@context\":\"https:\/\/schema.org\",\"@graph\":[{\"@type\":\"WebPage\",\"@id\":\"https:\/\/www.schenglerindustrie.com\/produit\/coffret-electrique\/\",\"url\":\"https:\/\/www.schenglerindustrie.com\/produit\/coffret-electrique\/\",\"name\":\"Coffret \u00e9lectrique - Schengler Industrie\",\"isPartOf\":{\"@id\":\"https:\/\/www.schenglerindustrie.com\/#website\"},\"primaryImageOfPage\":{\"@id\":\"https:\/\/www.schenglerindustrie.com\/produit\/coffret-electrique\/#primaryimage\"},\"image\":{\"@id\":\"https:\/\/www.schenglerindustrie.com\/produit\/coffret-electrique\/#primaryimage\"},\"thumbnailUrl\":\"https:\/\/www.schenglerindustrie.com\/wp-content\/uploads\/2021\/07\/coffret-electrique.png\",\"datePublished\":\"2021-07-09T07:48:01+00:00\",\"dateModified\":\"2021-09-20T13:16:20+00:00\",\"breadcrumb\":{\"@id\":\"https:\/\/www.schenglerindustrie.com\/produit\/coffret-electrique\/#breadcrumb\"},\"inLanguage\":\"en-US\",\"potentialAction\":[{\"@type\":\"ReadAction\",\"target\":[\"https:\/\/www.schenglerindustrie.com\/produit\/coffret-electrique\/\"]}]},{\"@type\":\"ImageObject\",\"inLanguage\":\"en-US\",\"@id\":\"https:\/\/www.schenglerindustrie.com\/produit\/coffret-electrique\/#primaryimage\",\"url\":\"https:\/\/www.schenglerindustrie.com\/wp-content\/uploads\/2021\/07\/coffret-electrique.png\",\"contentUrl\":\"https:\/\/www.schenglerindustrie.com\/wp-content\/uploads\/2021\/07\/coffret-electrique.png\",\"width\":166,\"height\":123},{\"@type\":\"BreadcrumbList\",\"@id\":\"https:\/\/www.schenglerindustrie.com\/produit\/coffret-electrique\/#breadcrumb\",\"itemListElement\":[{\"@type\":\"ListItem\",\"position\":1,\"name\":\"Accueil\",\"item\":\"https:\/\/schenglerindustrie.com\/en\/\"},{\"@type\":\"ListItem\",\"position\":2,\"name\":\"Boutique\",\"item\":\"https:\/\/schenglerindustrie.com\/en\/boutique\/\"},{\"@type\":\"ListItem\",\"position\":3,\"name\":\"Coffret \u00e9lectrique\"}]},{\"@type\":\"WebSite\",\"@id\":\"https:\/\/www.schenglerindustrie.com\/#website\",\"url\":\"https:\/\/www.schenglerindustrie.com\/\",\"name\":\"Schengler Industrie\",\"description\":\"\",\"potentialAction\":[{\"@type\":\"SearchAction\",\"target\":{\"@type\":\"EntryPoint\",\"urlTemplate\":\"https:\/\/www.schenglerindustrie.com\/?s={search_term_string}\"},\"query-input\":{\"@type\":\"PropertyValueSpecification\",\"valueRequired\":true,\"valueName\":\"search_term_string\"}}],\"inLanguage\":\"en-US\"}]}<\/script>\n<!-- \/ Yoast SEO plugin. -->","yoast_head_json":{"title":"Coffret \u00e9lectrique - Schengler Industrie","robots":{"index":"index","follow":"follow","max-snippet":"max-snippet:-1","max-image-preview":"max-image-preview:large","max-video-preview":"max-video-preview:-1"},"canonical":"https:\/\/www.schenglerindustrie.com\/produit\/coffret-electrique\/","og_locale":"en_US","og_type":"article","og_title":"Coffret \u00e9lectrique - Schengler Industrie","og_description":"Coffret IP66 en acier  Le coffret comprend : bo\u00eetier et plaque de montage de porte, syst\u00e8me de verrouillage simple,  plaque pour presse-\u00e9toupe, joint d'\u00e9tanch\u00e9it\u00e9 et accessoires de fixation.  Rev\u00eatement \u00e9poxy polyester  Couleur : RAL7032  Degr\u00e9 de protection : IP66  Contre les impacts m\u00e9caniques : IK10  Epaisseur : bo\u00eetier et porte en t\u00f4le d'acier 1,2 mm ou 1,5 mm  Plaque de montage : acier zingu\u00e9 1,5 mm ou 2 mm  Coffrets disponibles en IP ou ATEX.  Diff\u00e9rents mod\u00e8les\u00a0: nous consulter","og_url":"https:\/\/www.schenglerindustrie.com\/produit\/coffret-electrique\/","og_site_name":"Schengler Industrie","article_modified_time":"2021-09-20T13:16:20+00:00","og_image":[{"width":166,"height":123,"url":"https:\/\/www.schenglerindustrie.com\/wp-content\/uploads\/2021\/07\/coffret-electrique.png","type":"image\/png"}],"twitter_card":"summary_large_image","schema":{"@context":"https:\/\/schema.org","@graph":[{"@type":"WebPage","@id":"https:\/\/www.schenglerindustrie.com\/produit\/coffret-electrique\/","url":"https:\/\/www.schenglerindustrie.com\/produit\/coffret-electrique\/","name":"Coffret \u00e9lectrique - Schengler Industrie","isPartOf":{"@id":"https:\/\/www.schenglerindustrie.com\/#website"},"primaryImageOfPage":{"@id":"https:\/\/www.schenglerindustrie.com\/produit\/coffret-electrique\/#primaryimage"},"image":{"@id":"https:\/\/www.schenglerindustrie.com\/produit\/coffret-electrique\/#primaryimage"},"thumbnailUrl":"https:\/\/www.schenglerindustrie.com\/wp-content\/uploads\/2021\/07\/coffret-electrique.png","datePublished":"2021-07-09T07:48:01+00:00","dateModified":"2021-09-20T13:16:20+00:00","breadcrumb":{"@id":"https:\/\/www.schenglerindustrie.com\/produit\/coffret-electrique\/#breadcrumb"},"inLanguage":"en-US","potentialAction":[{"@type":"ReadAction","target":["https:\/\/www.schenglerindustrie.com\/produit\/coffret-electrique\/"]}]},{"@type":"ImageObject","inLanguage":"en-US","@id":"https:\/\/www.schenglerindustrie.com\/produit\/coffret-electrique\/#primaryimage","url":"https:\/\/www.schenglerindustrie.com\/wp-content\/uploads\/2021\/07\/coffret-electrique.png","contentUrl":"https:\/\/www.schenglerindustrie.com\/wp-content\/uploads\/2021\/07\/coffret-electrique.png","width":166,"height":123},{"@type":"BreadcrumbList","@id":"https:\/\/www.schenglerindustrie.com\/produit\/coffret-electrique\/#breadcrumb","itemListElement":[{"@type":"ListItem","position":1,"name":"Accueil","item":"https:\/\/schenglerindustrie.com\/en\/"},{"@type":"ListItem","position":2,"name":"Boutique","item":"https:\/\/schenglerindustrie.com\/en\/boutique\/"},{"@type":"ListItem","position":3,"name":"Coffret \u00e9lectrique"}]},{"@type":"WebSite","@id":"https:\/\/www.schenglerindustrie.com\/#website","url":"https:\/\/www.schenglerindustrie.com\/","name":"Schengler Industrie","description":"","potentialAction":[{"@type":"SearchAction","target":{"@type":"EntryPoint","urlTemplate":"https:\/\/www.schenglerindustrie.com\/?s={search_term_string}"},"query-input":{"@type":"PropertyValueSpecification","valueRequired":true,"valueName":"search_term_string"}}],"inLanguage":"en-US"}]}},"_links":{"self":[{"href":"https:\/\/www.schenglerindustrie.com\/en\/wp-json\/wp\/v2\/product\/756","targetHints":{"allow":["GET"]}}],"collection":[{"href":"https:\/\/www.schenglerindustrie.com\/en\/wp-json\/wp\/v2\/product"}],"about":[{"href":"https:\/\/www.schenglerindustrie.com\/en\/wp-json\/wp\/v2\/types\/product"}],"replies":[{"embeddable":true,"href":"https:\/\/www.schenglerindustrie.com\/en\/wp-json\/wp\/v2\/comments?post=756"}],"wp:featuredmedia":[{"embeddable":true,"href":"https:\/\/www.schenglerindustrie.com\/en\/wp-json\/wp\/v2\/media\/1351"}],"wp:attachment":[{"href":"https:\/\/www.schenglerindustrie.com\/en\/wp-json\/wp\/v2\/media?parent=756"}],"wp:term":[{"taxonomy":"product_brand","embeddable":true,"href":"https:\/\/www.schenglerindustrie.com\/en\/wp-json\/wp\/v2\/product_brand?post=756"},{"taxonomy":"product_cat","embeddable":true,"href":"https:\/\/www.schenglerindustrie.com\/en\/wp-json\/wp\/v2\/product_cat?post=756"},{"taxonomy":"product_tag","embeddable":true,"href":"https:\/\/www.schenglerindustrie.com\/en\/wp-json\/wp\/v2\/product_tag?post=756"}],"curies":[{"name":"wp","href":"https:\/\/api.w.org\/{rel}","templated":true}]}}