{"id":754,"date":"2021-07-09T09:47:28","date_gmt":"2021-07-09T07:47:28","guid":{"rendered":"https:\/\/www.schenglerindustrie.com\/?post_type=product&#038;p=754"},"modified":"2021-09-20T15:24:13","modified_gmt":"2021-09-20T13:24:13","slug":"capteur-de-proximite","status":"publish","type":"product","link":"https:\/\/www.schenglerindustrie.com\/en\/produit\/capteur-de-proximite\/","title":{"rendered":"Capteur de proximit\u00e9"},"content":{"rendered":"","protected":false},"excerpt":{"rendered":"<p>Autre d\u00e9nomination\u00a0: interrupteur de position suivant norme EN 60947-5-1<\/p>\n<p>Bo\u00eetier m\u00e9tallique<\/p>\n<p>Contact inverseur \u00e0 double rupture<\/p>\n<p>Actionneur\u00a0: tige ressort avec embout plastique<\/p>\n<p>Pointe plastique r\u00e9sistant \u00e0 l\u2019abrasion<\/p>\n<p>Tige ressort orientable dans tous sens<\/p>\n","protected":false},"featured_media":1359,"comment_status":"open","ping_status":"closed","template":"","meta":[],"product_brand":[],"product_cat":[37],"product_tag":[],"class_list":{"0":"post-754","1":"product","2":"type-product","3":"status-publish","4":"has-post-thumbnail","6":"product_cat-electrique","8":"first","9":"instock","10":"shipping-taxable","11":"purchasable","12":"product-type-simple"},"yoast_head":"<!-- This site is optimized with the Yoast SEO plugin v25.5 - https:\/\/yoast.com\/wordpress\/plugins\/seo\/ -->\n<title>Capteur de proximit\u00e9 - Schengler Industrie<\/title>\n<meta name=\"robots\" content=\"index, follow, max-snippet:-1, max-image-preview:large, max-video-preview:-1\" \/>\n<link rel=\"canonical\" href=\"https:\/\/www.schenglerindustrie.com\/produit\/capteur-de-proximite\/\" \/>\n<meta property=\"og:locale\" content=\"en_US\" \/>\n<meta property=\"og:type\" content=\"article\" \/>\n<meta property=\"og:title\" content=\"Capteur de proximit\u00e9 - Schengler Industrie\" \/>\n<meta property=\"og:description\" content=\"Autre d\u00e9nomination\u00a0: interrupteur de position suivant norme EN 60947-5-1  Bo\u00eetier m\u00e9tallique  Contact inverseur \u00e0 double rupture  Actionneur\u00a0: tige ressort avec embout plastique  Pointe plastique r\u00e9sistant \u00e0 l\u2019abrasion  Tige ressort orientable dans tous sens\" \/>\n<meta property=\"og:url\" content=\"https:\/\/www.schenglerindustrie.com\/produit\/capteur-de-proximite\/\" \/>\n<meta property=\"og:site_name\" content=\"Schengler Industrie\" \/>\n<meta property=\"article:modified_time\" content=\"2021-09-20T13:24:13+00:00\" \/>\n<meta property=\"og:image\" content=\"https:\/\/www.schenglerindustrie.com\/wp-content\/uploads\/2021\/07\/capteur-proximite.png\" \/>\n\t<meta property=\"og:image:width\" content=\"166\" \/>\n\t<meta property=\"og:image:height\" content=\"163\" \/>\n\t<meta property=\"og:image:type\" content=\"image\/png\" \/>\n<meta name=\"twitter:card\" content=\"summary_large_image\" \/>\n<script type=\"application\/ld+json\" class=\"yoast-schema-graph\">{\"@context\":\"https:\/\/schema.org\",\"@graph\":[{\"@type\":\"WebPage\",\"@id\":\"https:\/\/www.schenglerindustrie.com\/produit\/capteur-de-proximite\/\",\"url\":\"https:\/\/www.schenglerindustrie.com\/produit\/capteur-de-proximite\/\",\"name\":\"Capteur de proximit\u00e9 - Schengler Industrie\",\"isPartOf\":{\"@id\":\"https:\/\/www.schenglerindustrie.com\/#website\"},\"primaryImageOfPage\":{\"@id\":\"https:\/\/www.schenglerindustrie.com\/produit\/capteur-de-proximite\/#primaryimage\"},\"image\":{\"@id\":\"https:\/\/www.schenglerindustrie.com\/produit\/capteur-de-proximite\/#primaryimage\"},\"thumbnailUrl\":\"https:\/\/www.schenglerindustrie.com\/wp-content\/uploads\/2021\/07\/capteur-proximite.png\",\"datePublished\":\"2021-07-09T07:47:28+00:00\",\"dateModified\":\"2021-09-20T13:24:13+00:00\",\"breadcrumb\":{\"@id\":\"https:\/\/www.schenglerindustrie.com\/produit\/capteur-de-proximite\/#breadcrumb\"},\"inLanguage\":\"en-US\",\"potentialAction\":[{\"@type\":\"ReadAction\",\"target\":[\"https:\/\/www.schenglerindustrie.com\/produit\/capteur-de-proximite\/\"]}]},{\"@type\":\"ImageObject\",\"inLanguage\":\"en-US\",\"@id\":\"https:\/\/www.schenglerindustrie.com\/produit\/capteur-de-proximite\/#primaryimage\",\"url\":\"https:\/\/www.schenglerindustrie.com\/wp-content\/uploads\/2021\/07\/capteur-proximite.png\",\"contentUrl\":\"https:\/\/www.schenglerindustrie.com\/wp-content\/uploads\/2021\/07\/capteur-proximite.png\",\"width\":166,\"height\":163},{\"@type\":\"BreadcrumbList\",\"@id\":\"https:\/\/www.schenglerindustrie.com\/produit\/capteur-de-proximite\/#breadcrumb\",\"itemListElement\":[{\"@type\":\"ListItem\",\"position\":1,\"name\":\"Accueil\",\"item\":\"https:\/\/schenglerindustrie.com\/en\/\"},{\"@type\":\"ListItem\",\"position\":2,\"name\":\"Boutique\",\"item\":\"https:\/\/schenglerindustrie.com\/en\/boutique\/\"},{\"@type\":\"ListItem\",\"position\":3,\"name\":\"Capteur de proximit\u00e9\"}]},{\"@type\":\"WebSite\",\"@id\":\"https:\/\/www.schenglerindustrie.com\/#website\",\"url\":\"https:\/\/www.schenglerindustrie.com\/\",\"name\":\"Schengler Industrie\",\"description\":\"\",\"potentialAction\":[{\"@type\":\"SearchAction\",\"target\":{\"@type\":\"EntryPoint\",\"urlTemplate\":\"https:\/\/www.schenglerindustrie.com\/?s={search_term_string}\"},\"query-input\":{\"@type\":\"PropertyValueSpecification\",\"valueRequired\":true,\"valueName\":\"search_term_string\"}}],\"inLanguage\":\"en-US\"}]}<\/script>\n<!-- \/ Yoast SEO plugin. -->","yoast_head_json":{"title":"Capteur de proximit\u00e9 - Schengler Industrie","robots":{"index":"index","follow":"follow","max-snippet":"max-snippet:-1","max-image-preview":"max-image-preview:large","max-video-preview":"max-video-preview:-1"},"canonical":"https:\/\/www.schenglerindustrie.com\/produit\/capteur-de-proximite\/","og_locale":"en_US","og_type":"article","og_title":"Capteur de proximit\u00e9 - Schengler Industrie","og_description":"Autre d\u00e9nomination\u00a0: interrupteur de position suivant norme EN 60947-5-1  Bo\u00eetier m\u00e9tallique  Contact inverseur \u00e0 double rupture  Actionneur\u00a0: tige ressort avec embout plastique  Pointe plastique r\u00e9sistant \u00e0 l\u2019abrasion  Tige ressort orientable dans tous sens","og_url":"https:\/\/www.schenglerindustrie.com\/produit\/capteur-de-proximite\/","og_site_name":"Schengler Industrie","article_modified_time":"2021-09-20T13:24:13+00:00","og_image":[{"width":166,"height":163,"url":"https:\/\/www.schenglerindustrie.com\/wp-content\/uploads\/2021\/07\/capteur-proximite.png","type":"image\/png"}],"twitter_card":"summary_large_image","schema":{"@context":"https:\/\/schema.org","@graph":[{"@type":"WebPage","@id":"https:\/\/www.schenglerindustrie.com\/produit\/capteur-de-proximite\/","url":"https:\/\/www.schenglerindustrie.com\/produit\/capteur-de-proximite\/","name":"Capteur de proximit\u00e9 - Schengler Industrie","isPartOf":{"@id":"https:\/\/www.schenglerindustrie.com\/#website"},"primaryImageOfPage":{"@id":"https:\/\/www.schenglerindustrie.com\/produit\/capteur-de-proximite\/#primaryimage"},"image":{"@id":"https:\/\/www.schenglerindustrie.com\/produit\/capteur-de-proximite\/#primaryimage"},"thumbnailUrl":"https:\/\/www.schenglerindustrie.com\/wp-content\/uploads\/2021\/07\/capteur-proximite.png","datePublished":"2021-07-09T07:47:28+00:00","dateModified":"2021-09-20T13:24:13+00:00","breadcrumb":{"@id":"https:\/\/www.schenglerindustrie.com\/produit\/capteur-de-proximite\/#breadcrumb"},"inLanguage":"en-US","potentialAction":[{"@type":"ReadAction","target":["https:\/\/www.schenglerindustrie.com\/produit\/capteur-de-proximite\/"]}]},{"@type":"ImageObject","inLanguage":"en-US","@id":"https:\/\/www.schenglerindustrie.com\/produit\/capteur-de-proximite\/#primaryimage","url":"https:\/\/www.schenglerindustrie.com\/wp-content\/uploads\/2021\/07\/capteur-proximite.png","contentUrl":"https:\/\/www.schenglerindustrie.com\/wp-content\/uploads\/2021\/07\/capteur-proximite.png","width":166,"height":163},{"@type":"BreadcrumbList","@id":"https:\/\/www.schenglerindustrie.com\/produit\/capteur-de-proximite\/#breadcrumb","itemListElement":[{"@type":"ListItem","position":1,"name":"Accueil","item":"https:\/\/schenglerindustrie.com\/en\/"},{"@type":"ListItem","position":2,"name":"Boutique","item":"https:\/\/schenglerindustrie.com\/en\/boutique\/"},{"@type":"ListItem","position":3,"name":"Capteur de proximit\u00e9"}]},{"@type":"WebSite","@id":"https:\/\/www.schenglerindustrie.com\/#website","url":"https:\/\/www.schenglerindustrie.com\/","name":"Schengler Industrie","description":"","potentialAction":[{"@type":"SearchAction","target":{"@type":"EntryPoint","urlTemplate":"https:\/\/www.schenglerindustrie.com\/?s={search_term_string}"},"query-input":{"@type":"PropertyValueSpecification","valueRequired":true,"valueName":"search_term_string"}}],"inLanguage":"en-US"}]}},"_links":{"self":[{"href":"https:\/\/www.schenglerindustrie.com\/en\/wp-json\/wp\/v2\/product\/754","targetHints":{"allow":["GET"]}}],"collection":[{"href":"https:\/\/www.schenglerindustrie.com\/en\/wp-json\/wp\/v2\/product"}],"about":[{"href":"https:\/\/www.schenglerindustrie.com\/en\/wp-json\/wp\/v2\/types\/product"}],"replies":[{"embeddable":true,"href":"https:\/\/www.schenglerindustrie.com\/en\/wp-json\/wp\/v2\/comments?post=754"}],"wp:featuredmedia":[{"embeddable":true,"href":"https:\/\/www.schenglerindustrie.com\/en\/wp-json\/wp\/v2\/media\/1359"}],"wp:attachment":[{"href":"https:\/\/www.schenglerindustrie.com\/en\/wp-json\/wp\/v2\/media?parent=754"}],"wp:term":[{"taxonomy":"product_brand","embeddable":true,"href":"https:\/\/www.schenglerindustrie.com\/en\/wp-json\/wp\/v2\/product_brand?post=754"},{"taxonomy":"product_cat","embeddable":true,"href":"https:\/\/www.schenglerindustrie.com\/en\/wp-json\/wp\/v2\/product_cat?post=754"},{"taxonomy":"product_tag","embeddable":true,"href":"https:\/\/www.schenglerindustrie.com\/en\/wp-json\/wp\/v2\/product_tag?post=754"}],"curies":[{"name":"wp","href":"https:\/\/api.w.org\/{rel}","templated":true}]}}