{"id":752,"date":"2021-07-09T09:46:48","date_gmt":"2021-07-09T07:46:48","guid":{"rendered":"https:\/\/www.schenglerindustrie.com\/?post_type=product&#038;p=752"},"modified":"2021-09-20T15:28:01","modified_gmt":"2021-09-20T13:28:01","slug":"bouton-arret-durgence","status":"publish","type":"product","link":"https:\/\/www.schenglerindustrie.com\/en\/produit\/bouton-arret-durgence\/","title":{"rendered":"Bouton arr\u00eat d&#8217;urgence"},"content":{"rendered":"","protected":false},"excerpt":{"rendered":"<p>Coffret coup de poing<\/p>\n<p>D\u00e9verrouillage par cl\u00e9<\/p>\n<p>Equip\u00e9 d&#8217;un contact NF, et d&#8217;un contact NOde pouvoirs de coupure 6A\/230 Vac, 4,5A\/400 Vac, 1A\/48Vcc, 1,5A\/24 Vcc<\/p>\n<p>Diff\u00e9rents mod\u00e8les\u00a0: nous consulter<\/p>\n","protected":false},"featured_media":1247,"comment_status":"open","ping_status":"closed","template":"","meta":[],"product_brand":[],"product_cat":[37],"product_tag":[],"class_list":{"0":"post-752","1":"product","2":"type-product","3":"status-publish","4":"has-post-thumbnail","6":"product_cat-electrique","8":"first","9":"instock","10":"shipping-taxable","11":"purchasable","12":"product-type-simple"},"yoast_head":"<!-- This site is optimized with the Yoast SEO plugin v25.5 - https:\/\/yoast.com\/wordpress\/plugins\/seo\/ -->\n<title>Bouton arr\u00eat d&#039;urgence - Schengler Industrie<\/title>\n<meta name=\"robots\" content=\"index, follow, max-snippet:-1, max-image-preview:large, max-video-preview:-1\" \/>\n<link rel=\"canonical\" href=\"https:\/\/www.schenglerindustrie.com\/produit\/bouton-arret-durgence\/\" \/>\n<meta property=\"og:locale\" content=\"en_US\" \/>\n<meta property=\"og:type\" content=\"article\" \/>\n<meta property=\"og:title\" content=\"Bouton arr\u00eat d&#039;urgence - Schengler Industrie\" \/>\n<meta property=\"og:description\" content=\"Coffret coup de poing  D\u00e9verrouillage par cl\u00e9  Equip\u00e9 d&#039;un contact NF, et d&#039;un contact NOde pouvoirs de coupure 6A\/230 Vac, 4,5A\/400 Vac, 1A\/48Vcc, 1,5A\/24 Vcc  Diff\u00e9rents mod\u00e8les\u00a0: nous consulter\" \/>\n<meta property=\"og:url\" content=\"https:\/\/www.schenglerindustrie.com\/produit\/bouton-arret-durgence\/\" \/>\n<meta property=\"og:site_name\" content=\"Schengler Industrie\" \/>\n<meta property=\"article:modified_time\" content=\"2021-09-20T13:28:01+00:00\" \/>\n<meta property=\"og:image\" content=\"https:\/\/www.schenglerindustrie.com\/wp-content\/uploads\/2021\/07\/Pieces-Schengler-Photographe-Marine-Monteils-003-scaled.jpg\" \/>\n\t<meta property=\"og:image:width\" content=\"2560\" \/>\n\t<meta property=\"og:image:height\" content=\"1709\" \/>\n\t<meta property=\"og:image:type\" content=\"image\/jpeg\" \/>\n<meta name=\"twitter:card\" content=\"summary_large_image\" \/>\n<script type=\"application\/ld+json\" class=\"yoast-schema-graph\">{\"@context\":\"https:\/\/schema.org\",\"@graph\":[{\"@type\":\"WebPage\",\"@id\":\"https:\/\/www.schenglerindustrie.com\/produit\/bouton-arret-durgence\/\",\"url\":\"https:\/\/www.schenglerindustrie.com\/produit\/bouton-arret-durgence\/\",\"name\":\"Bouton arr\u00eat d'urgence - Schengler Industrie\",\"isPartOf\":{\"@id\":\"https:\/\/www.schenglerindustrie.com\/#website\"},\"primaryImageOfPage\":{\"@id\":\"https:\/\/www.schenglerindustrie.com\/produit\/bouton-arret-durgence\/#primaryimage\"},\"image\":{\"@id\":\"https:\/\/www.schenglerindustrie.com\/produit\/bouton-arret-durgence\/#primaryimage\"},\"thumbnailUrl\":\"https:\/\/www.schenglerindustrie.com\/wp-content\/uploads\/2021\/07\/Pieces-Schengler-Photographe-Marine-Monteils-003-scaled.jpg\",\"datePublished\":\"2021-07-09T07:46:48+00:00\",\"dateModified\":\"2021-09-20T13:28:01+00:00\",\"breadcrumb\":{\"@id\":\"https:\/\/www.schenglerindustrie.com\/produit\/bouton-arret-durgence\/#breadcrumb\"},\"inLanguage\":\"en-US\",\"potentialAction\":[{\"@type\":\"ReadAction\",\"target\":[\"https:\/\/www.schenglerindustrie.com\/produit\/bouton-arret-durgence\/\"]}]},{\"@type\":\"ImageObject\",\"inLanguage\":\"en-US\",\"@id\":\"https:\/\/www.schenglerindustrie.com\/produit\/bouton-arret-durgence\/#primaryimage\",\"url\":\"https:\/\/www.schenglerindustrie.com\/wp-content\/uploads\/2021\/07\/Pieces-Schengler-Photographe-Marine-Monteils-003-scaled.jpg\",\"contentUrl\":\"https:\/\/www.schenglerindustrie.com\/wp-content\/uploads\/2021\/07\/Pieces-Schengler-Photographe-Marine-Monteils-003-scaled.jpg\",\"width\":2560,\"height\":1709},{\"@type\":\"BreadcrumbList\",\"@id\":\"https:\/\/www.schenglerindustrie.com\/produit\/bouton-arret-durgence\/#breadcrumb\",\"itemListElement\":[{\"@type\":\"ListItem\",\"position\":1,\"name\":\"Accueil\",\"item\":\"https:\/\/schenglerindustrie.com\/en\/\"},{\"@type\":\"ListItem\",\"position\":2,\"name\":\"Boutique\",\"item\":\"https:\/\/schenglerindustrie.com\/en\/boutique\/\"},{\"@type\":\"ListItem\",\"position\":3,\"name\":\"Bouton arr\u00eat d&rsquo;urgence\"}]},{\"@type\":\"WebSite\",\"@id\":\"https:\/\/www.schenglerindustrie.com\/#website\",\"url\":\"https:\/\/www.schenglerindustrie.com\/\",\"name\":\"Schengler Industrie\",\"description\":\"\",\"potentialAction\":[{\"@type\":\"SearchAction\",\"target\":{\"@type\":\"EntryPoint\",\"urlTemplate\":\"https:\/\/www.schenglerindustrie.com\/?s={search_term_string}\"},\"query-input\":{\"@type\":\"PropertyValueSpecification\",\"valueRequired\":true,\"valueName\":\"search_term_string\"}}],\"inLanguage\":\"en-US\"}]}<\/script>\n<!-- \/ Yoast SEO plugin. -->","yoast_head_json":{"title":"Bouton arr\u00eat d'urgence - Schengler Industrie","robots":{"index":"index","follow":"follow","max-snippet":"max-snippet:-1","max-image-preview":"max-image-preview:large","max-video-preview":"max-video-preview:-1"},"canonical":"https:\/\/www.schenglerindustrie.com\/produit\/bouton-arret-durgence\/","og_locale":"en_US","og_type":"article","og_title":"Bouton arr\u00eat d'urgence - Schengler Industrie","og_description":"Coffret coup de poing  D\u00e9verrouillage par cl\u00e9  Equip\u00e9 d'un contact NF, et d'un contact NOde pouvoirs de coupure 6A\/230 Vac, 4,5A\/400 Vac, 1A\/48Vcc, 1,5A\/24 Vcc  Diff\u00e9rents mod\u00e8les\u00a0: nous consulter","og_url":"https:\/\/www.schenglerindustrie.com\/produit\/bouton-arret-durgence\/","og_site_name":"Schengler Industrie","article_modified_time":"2021-09-20T13:28:01+00:00","og_image":[{"width":2560,"height":1709,"url":"https:\/\/www.schenglerindustrie.com\/wp-content\/uploads\/2021\/07\/Pieces-Schengler-Photographe-Marine-Monteils-003-scaled.jpg","type":"image\/jpeg"}],"twitter_card":"summary_large_image","schema":{"@context":"https:\/\/schema.org","@graph":[{"@type":"WebPage","@id":"https:\/\/www.schenglerindustrie.com\/produit\/bouton-arret-durgence\/","url":"https:\/\/www.schenglerindustrie.com\/produit\/bouton-arret-durgence\/","name":"Bouton arr\u00eat d'urgence - Schengler Industrie","isPartOf":{"@id":"https:\/\/www.schenglerindustrie.com\/#website"},"primaryImageOfPage":{"@id":"https:\/\/www.schenglerindustrie.com\/produit\/bouton-arret-durgence\/#primaryimage"},"image":{"@id":"https:\/\/www.schenglerindustrie.com\/produit\/bouton-arret-durgence\/#primaryimage"},"thumbnailUrl":"https:\/\/www.schenglerindustrie.com\/wp-content\/uploads\/2021\/07\/Pieces-Schengler-Photographe-Marine-Monteils-003-scaled.jpg","datePublished":"2021-07-09T07:46:48+00:00","dateModified":"2021-09-20T13:28:01+00:00","breadcrumb":{"@id":"https:\/\/www.schenglerindustrie.com\/produit\/bouton-arret-durgence\/#breadcrumb"},"inLanguage":"en-US","potentialAction":[{"@type":"ReadAction","target":["https:\/\/www.schenglerindustrie.com\/produit\/bouton-arret-durgence\/"]}]},{"@type":"ImageObject","inLanguage":"en-US","@id":"https:\/\/www.schenglerindustrie.com\/produit\/bouton-arret-durgence\/#primaryimage","url":"https:\/\/www.schenglerindustrie.com\/wp-content\/uploads\/2021\/07\/Pieces-Schengler-Photographe-Marine-Monteils-003-scaled.jpg","contentUrl":"https:\/\/www.schenglerindustrie.com\/wp-content\/uploads\/2021\/07\/Pieces-Schengler-Photographe-Marine-Monteils-003-scaled.jpg","width":2560,"height":1709},{"@type":"BreadcrumbList","@id":"https:\/\/www.schenglerindustrie.com\/produit\/bouton-arret-durgence\/#breadcrumb","itemListElement":[{"@type":"ListItem","position":1,"name":"Accueil","item":"https:\/\/schenglerindustrie.com\/en\/"},{"@type":"ListItem","position":2,"name":"Boutique","item":"https:\/\/schenglerindustrie.com\/en\/boutique\/"},{"@type":"ListItem","position":3,"name":"Bouton arr\u00eat d&rsquo;urgence"}]},{"@type":"WebSite","@id":"https:\/\/www.schenglerindustrie.com\/#website","url":"https:\/\/www.schenglerindustrie.com\/","name":"Schengler Industrie","description":"","potentialAction":[{"@type":"SearchAction","target":{"@type":"EntryPoint","urlTemplate":"https:\/\/www.schenglerindustrie.com\/?s={search_term_string}"},"query-input":{"@type":"PropertyValueSpecification","valueRequired":true,"valueName":"search_term_string"}}],"inLanguage":"en-US"}]}},"_links":{"self":[{"href":"https:\/\/www.schenglerindustrie.com\/en\/wp-json\/wp\/v2\/product\/752","targetHints":{"allow":["GET"]}}],"collection":[{"href":"https:\/\/www.schenglerindustrie.com\/en\/wp-json\/wp\/v2\/product"}],"about":[{"href":"https:\/\/www.schenglerindustrie.com\/en\/wp-json\/wp\/v2\/types\/product"}],"replies":[{"embeddable":true,"href":"https:\/\/www.schenglerindustrie.com\/en\/wp-json\/wp\/v2\/comments?post=752"}],"wp:featuredmedia":[{"embeddable":true,"href":"https:\/\/www.schenglerindustrie.com\/en\/wp-json\/wp\/v2\/media\/1247"}],"wp:attachment":[{"href":"https:\/\/www.schenglerindustrie.com\/en\/wp-json\/wp\/v2\/media?parent=752"}],"wp:term":[{"taxonomy":"product_brand","embeddable":true,"href":"https:\/\/www.schenglerindustrie.com\/en\/wp-json\/wp\/v2\/product_brand?post=752"},{"taxonomy":"product_cat","embeddable":true,"href":"https:\/\/www.schenglerindustrie.com\/en\/wp-json\/wp\/v2\/product_cat?post=752"},{"taxonomy":"product_tag","embeddable":true,"href":"https:\/\/www.schenglerindustrie.com\/en\/wp-json\/wp\/v2\/product_tag?post=752"}],"curies":[{"name":"wp","href":"https:\/\/api.w.org\/{rel}","templated":true}]}}