{"id":751,"date":"2021-07-09T09:46:29","date_gmt":"2021-07-09T07:46:29","guid":{"rendered":"https:\/\/www.schenglerindustrie.com\/?post_type=product&#038;p=751"},"modified":"2021-09-20T15:33:11","modified_gmt":"2021-09-20T13:33:11","slug":"boitier-de-derivation","status":"publish","type":"product","link":"https:\/\/www.schenglerindustrie.com\/en\/produit\/boitier-de-derivation\/","title":{"rendered":"Bo\u00eetier de d\u00e9rivation"},"content":{"rendered":"","protected":false},"excerpt":{"rendered":"<p>Bo\u00eetier \u00e9tanche ou ATEX<\/p>\n<p>Diff\u00e9rentes dimensions \/ forme carr\u00e9e &#8211; rectangulaire<\/p>\n<p>Diff\u00e9rents mod\u00e8les\u00a0: nous consulter<\/p>\n","protected":false},"featured_media":1367,"comment_status":"open","ping_status":"closed","template":"","meta":[],"product_brand":[],"product_cat":[37],"product_tag":[],"class_list":{"0":"post-751","1":"product","2":"type-product","3":"status-publish","4":"has-post-thumbnail","6":"product_cat-electrique","8":"first","9":"instock","10":"shipping-taxable","11":"purchasable","12":"product-type-simple"},"yoast_head":"<!-- This site is optimized with the Yoast SEO plugin v25.5 - https:\/\/yoast.com\/wordpress\/plugins\/seo\/ -->\n<title>Bo\u00eetier de d\u00e9rivation - Schengler Industrie<\/title>\n<meta name=\"robots\" content=\"index, follow, max-snippet:-1, max-image-preview:large, max-video-preview:-1\" \/>\n<link rel=\"canonical\" href=\"https:\/\/www.schenglerindustrie.com\/produit\/boitier-de-derivation\/\" \/>\n<meta property=\"og:locale\" content=\"en_US\" \/>\n<meta property=\"og:type\" content=\"article\" \/>\n<meta property=\"og:title\" content=\"Bo\u00eetier de d\u00e9rivation - Schengler Industrie\" \/>\n<meta property=\"og:description\" content=\"Bo\u00eetier \u00e9tanche ou ATEX  Diff\u00e9rentes dimensions \/ forme carr\u00e9e - rectangulaire  Diff\u00e9rents mod\u00e8les\u00a0: nous consulter\" \/>\n<meta property=\"og:url\" content=\"https:\/\/www.schenglerindustrie.com\/produit\/boitier-de-derivation\/\" \/>\n<meta property=\"og:site_name\" content=\"Schengler Industrie\" \/>\n<meta property=\"article:modified_time\" content=\"2021-09-20T13:33:11+00:00\" \/>\n<meta property=\"og:image\" content=\"https:\/\/www.schenglerindustrie.com\/wp-content\/uploads\/2021\/07\/boitier-derivation.png\" \/>\n\t<meta property=\"og:image:width\" content=\"166\" \/>\n\t<meta property=\"og:image:height\" content=\"163\" \/>\n\t<meta property=\"og:image:type\" content=\"image\/png\" \/>\n<meta name=\"twitter:card\" content=\"summary_large_image\" \/>\n<script type=\"application\/ld+json\" class=\"yoast-schema-graph\">{\"@context\":\"https:\/\/schema.org\",\"@graph\":[{\"@type\":\"WebPage\",\"@id\":\"https:\/\/www.schenglerindustrie.com\/produit\/boitier-de-derivation\/\",\"url\":\"https:\/\/www.schenglerindustrie.com\/produit\/boitier-de-derivation\/\",\"name\":\"Bo\u00eetier de d\u00e9rivation - Schengler Industrie\",\"isPartOf\":{\"@id\":\"https:\/\/www.schenglerindustrie.com\/#website\"},\"primaryImageOfPage\":{\"@id\":\"https:\/\/www.schenglerindustrie.com\/produit\/boitier-de-derivation\/#primaryimage\"},\"image\":{\"@id\":\"https:\/\/www.schenglerindustrie.com\/produit\/boitier-de-derivation\/#primaryimage\"},\"thumbnailUrl\":\"https:\/\/www.schenglerindustrie.com\/wp-content\/uploads\/2021\/07\/boitier-derivation.png\",\"datePublished\":\"2021-07-09T07:46:29+00:00\",\"dateModified\":\"2021-09-20T13:33:11+00:00\",\"breadcrumb\":{\"@id\":\"https:\/\/www.schenglerindustrie.com\/produit\/boitier-de-derivation\/#breadcrumb\"},\"inLanguage\":\"en-US\",\"potentialAction\":[{\"@type\":\"ReadAction\",\"target\":[\"https:\/\/www.schenglerindustrie.com\/produit\/boitier-de-derivation\/\"]}]},{\"@type\":\"ImageObject\",\"inLanguage\":\"en-US\",\"@id\":\"https:\/\/www.schenglerindustrie.com\/produit\/boitier-de-derivation\/#primaryimage\",\"url\":\"https:\/\/www.schenglerindustrie.com\/wp-content\/uploads\/2021\/07\/boitier-derivation.png\",\"contentUrl\":\"https:\/\/www.schenglerindustrie.com\/wp-content\/uploads\/2021\/07\/boitier-derivation.png\",\"width\":166,\"height\":163},{\"@type\":\"BreadcrumbList\",\"@id\":\"https:\/\/www.schenglerindustrie.com\/produit\/boitier-de-derivation\/#breadcrumb\",\"itemListElement\":[{\"@type\":\"ListItem\",\"position\":1,\"name\":\"Accueil\",\"item\":\"https:\/\/schenglerindustrie.com\/en\/\"},{\"@type\":\"ListItem\",\"position\":2,\"name\":\"Boutique\",\"item\":\"https:\/\/schenglerindustrie.com\/en\/boutique\/\"},{\"@type\":\"ListItem\",\"position\":3,\"name\":\"Bo\u00eetier de d\u00e9rivation\"}]},{\"@type\":\"WebSite\",\"@id\":\"https:\/\/www.schenglerindustrie.com\/#website\",\"url\":\"https:\/\/www.schenglerindustrie.com\/\",\"name\":\"Schengler Industrie\",\"description\":\"\",\"potentialAction\":[{\"@type\":\"SearchAction\",\"target\":{\"@type\":\"EntryPoint\",\"urlTemplate\":\"https:\/\/www.schenglerindustrie.com\/?s={search_term_string}\"},\"query-input\":{\"@type\":\"PropertyValueSpecification\",\"valueRequired\":true,\"valueName\":\"search_term_string\"}}],\"inLanguage\":\"en-US\"}]}<\/script>\n<!-- \/ Yoast SEO plugin. -->","yoast_head_json":{"title":"Bo\u00eetier de d\u00e9rivation - Schengler Industrie","robots":{"index":"index","follow":"follow","max-snippet":"max-snippet:-1","max-image-preview":"max-image-preview:large","max-video-preview":"max-video-preview:-1"},"canonical":"https:\/\/www.schenglerindustrie.com\/produit\/boitier-de-derivation\/","og_locale":"en_US","og_type":"article","og_title":"Bo\u00eetier de d\u00e9rivation - Schengler Industrie","og_description":"Bo\u00eetier \u00e9tanche ou ATEX  Diff\u00e9rentes dimensions \/ forme carr\u00e9e - rectangulaire  Diff\u00e9rents mod\u00e8les\u00a0: nous consulter","og_url":"https:\/\/www.schenglerindustrie.com\/produit\/boitier-de-derivation\/","og_site_name":"Schengler Industrie","article_modified_time":"2021-09-20T13:33:11+00:00","og_image":[{"width":166,"height":163,"url":"https:\/\/www.schenglerindustrie.com\/wp-content\/uploads\/2021\/07\/boitier-derivation.png","type":"image\/png"}],"twitter_card":"summary_large_image","schema":{"@context":"https:\/\/schema.org","@graph":[{"@type":"WebPage","@id":"https:\/\/www.schenglerindustrie.com\/produit\/boitier-de-derivation\/","url":"https:\/\/www.schenglerindustrie.com\/produit\/boitier-de-derivation\/","name":"Bo\u00eetier de d\u00e9rivation - Schengler Industrie","isPartOf":{"@id":"https:\/\/www.schenglerindustrie.com\/#website"},"primaryImageOfPage":{"@id":"https:\/\/www.schenglerindustrie.com\/produit\/boitier-de-derivation\/#primaryimage"},"image":{"@id":"https:\/\/www.schenglerindustrie.com\/produit\/boitier-de-derivation\/#primaryimage"},"thumbnailUrl":"https:\/\/www.schenglerindustrie.com\/wp-content\/uploads\/2021\/07\/boitier-derivation.png","datePublished":"2021-07-09T07:46:29+00:00","dateModified":"2021-09-20T13:33:11+00:00","breadcrumb":{"@id":"https:\/\/www.schenglerindustrie.com\/produit\/boitier-de-derivation\/#breadcrumb"},"inLanguage":"en-US","potentialAction":[{"@type":"ReadAction","target":["https:\/\/www.schenglerindustrie.com\/produit\/boitier-de-derivation\/"]}]},{"@type":"ImageObject","inLanguage":"en-US","@id":"https:\/\/www.schenglerindustrie.com\/produit\/boitier-de-derivation\/#primaryimage","url":"https:\/\/www.schenglerindustrie.com\/wp-content\/uploads\/2021\/07\/boitier-derivation.png","contentUrl":"https:\/\/www.schenglerindustrie.com\/wp-content\/uploads\/2021\/07\/boitier-derivation.png","width":166,"height":163},{"@type":"BreadcrumbList","@id":"https:\/\/www.schenglerindustrie.com\/produit\/boitier-de-derivation\/#breadcrumb","itemListElement":[{"@type":"ListItem","position":1,"name":"Accueil","item":"https:\/\/schenglerindustrie.com\/en\/"},{"@type":"ListItem","position":2,"name":"Boutique","item":"https:\/\/schenglerindustrie.com\/en\/boutique\/"},{"@type":"ListItem","position":3,"name":"Bo\u00eetier de d\u00e9rivation"}]},{"@type":"WebSite","@id":"https:\/\/www.schenglerindustrie.com\/#website","url":"https:\/\/www.schenglerindustrie.com\/","name":"Schengler Industrie","description":"","potentialAction":[{"@type":"SearchAction","target":{"@type":"EntryPoint","urlTemplate":"https:\/\/www.schenglerindustrie.com\/?s={search_term_string}"},"query-input":{"@type":"PropertyValueSpecification","valueRequired":true,"valueName":"search_term_string"}}],"inLanguage":"en-US"}]}},"_links":{"self":[{"href":"https:\/\/www.schenglerindustrie.com\/en\/wp-json\/wp\/v2\/product\/751","targetHints":{"allow":["GET"]}}],"collection":[{"href":"https:\/\/www.schenglerindustrie.com\/en\/wp-json\/wp\/v2\/product"}],"about":[{"href":"https:\/\/www.schenglerindustrie.com\/en\/wp-json\/wp\/v2\/types\/product"}],"replies":[{"embeddable":true,"href":"https:\/\/www.schenglerindustrie.com\/en\/wp-json\/wp\/v2\/comments?post=751"}],"wp:featuredmedia":[{"embeddable":true,"href":"https:\/\/www.schenglerindustrie.com\/en\/wp-json\/wp\/v2\/media\/1367"}],"wp:attachment":[{"href":"https:\/\/www.schenglerindustrie.com\/en\/wp-json\/wp\/v2\/media?parent=751"}],"wp:term":[{"taxonomy":"product_brand","embeddable":true,"href":"https:\/\/www.schenglerindustrie.com\/en\/wp-json\/wp\/v2\/product_brand?post=751"},{"taxonomy":"product_cat","embeddable":true,"href":"https:\/\/www.schenglerindustrie.com\/en\/wp-json\/wp\/v2\/product_cat?post=751"},{"taxonomy":"product_tag","embeddable":true,"href":"https:\/\/www.schenglerindustrie.com\/en\/wp-json\/wp\/v2\/product_tag?post=751"}],"curies":[{"name":"wp","href":"https:\/\/api.w.org\/{rel}","templated":true}]}}