{"id":740,"date":"2021-07-08T23:41:18","date_gmt":"2021-07-08T21:41:18","guid":{"rendered":"https:\/\/www.schenglerindustrie.com\/?post_type=product&#038;p=740"},"modified":"2021-09-20T16:13:43","modified_gmt":"2021-09-20T14:13:43","slug":"accrocheur-aviation-64348","status":"publish","type":"product","link":"https:\/\/www.schenglerindustrie.com\/en\/produit\/accrocheur-aviation-64348\/","title":{"rendered":"Accrocheur aviation 64348"},"content":{"rendered":"<p><img fetchpriority=\"high\" decoding=\"async\" class=\"alignnone size-medium wp-image-1385\" src=\"https:\/\/www.schenglerindustrie.com\/wp-content\/uploads\/2021\/07\/Accrocheur-aviation64348-occasion-300x200.jpg\" alt=\"\" width=\"300\" height=\"200\" srcset=\"https:\/\/www.schenglerindustrie.com\/wp-content\/uploads\/2021\/07\/Accrocheur-aviation64348-occasion-300x200.jpg 300w, https:\/\/www.schenglerindustrie.com\/wp-content\/uploads\/2021\/07\/Accrocheur-aviation64348-occasion-1024x683.jpg 1024w, https:\/\/www.schenglerindustrie.com\/wp-content\/uploads\/2021\/07\/Accrocheur-aviation64348-occasion-768x513.jpg 768w, https:\/\/www.schenglerindustrie.com\/wp-content\/uploads\/2021\/07\/Accrocheur-aviation64348-occasion-1536x1025.jpg 1536w, https:\/\/www.schenglerindustrie.com\/wp-content\/uploads\/2021\/07\/Accrocheur-aviation64348-occasion-2048x1367.jpg 2048w, https:\/\/www.schenglerindustrie.com\/wp-content\/uploads\/2021\/07\/Accrocheur-aviation64348-occasion-600x400.jpg 600w\" sizes=\"(max-width: 300px) 100vw, 300px\" \/><\/p>\n","protected":false},"excerpt":{"rendered":"<p>L&#8217;accrocheur d&#8217;aile Carter 64348 sert \u00e0 se connecter \u00e0 la prise avion pour distribuer et\/ou reprendre le carburant aviation en toute s\u00e9curit\u00e9 avec syst\u00e8me de verrouillage m\u00e9canique en s\u00e9curit\u00e9 positive<\/p>\n<p>Diff\u00e9rents mod\u00e8les\u00a0: nous consulter<\/p>\n<p><strong>Options possibles : dont le volant d\u2019accrochage \/ double r\u00e9gulation \/ soupape casse-vide \/ tamis diff\u00e9rents\u2026<\/strong><\/p>\n<p><strong>Pi\u00e8ces d\u00e9tach\u00e9es\u00a0: nous consulter<\/strong><\/p>\n","protected":false},"featured_media":1383,"comment_status":"open","ping_status":"closed","template":"","meta":[],"product_brand":[],"product_cat":[36],"product_tag":[],"class_list":{"0":"post-740","1":"product","2":"type-product","3":"status-publish","4":"has-post-thumbnail","6":"product_cat-distribution","8":"first","9":"instock","10":"shipping-taxable","11":"purchasable","12":"product-type-simple"},"yoast_head":"<!-- This site is optimized with the Yoast SEO plugin v25.5 - https:\/\/yoast.com\/wordpress\/plugins\/seo\/ -->\n<title>Accrocheur aviation 64348 - Schengler Industrie<\/title>\n<meta name=\"robots\" content=\"index, follow, max-snippet:-1, max-image-preview:large, max-video-preview:-1\" \/>\n<link rel=\"canonical\" href=\"https:\/\/www.schenglerindustrie.com\/produit\/accrocheur-aviation-64348\/\" \/>\n<meta property=\"og:locale\" content=\"en_US\" \/>\n<meta property=\"og:type\" content=\"article\" \/>\n<meta property=\"og:title\" content=\"Accrocheur aviation 64348 - Schengler Industrie\" \/>\n<meta property=\"og:description\" content=\"L&#039;accrocheur d&#039;aile Carter 64348 sert \u00e0 se connecter \u00e0 la prise avion pour distribuer et\/ou reprendre le carburant aviation en toute s\u00e9curit\u00e9 avec syst\u00e8me de verrouillage m\u00e9canique en s\u00e9curit\u00e9 positive  Diff\u00e9rents mod\u00e8les\u00a0: nous consulter  Options possibles : dont le volant d\u2019accrochage \/ double r\u00e9gulation \/ soupape casse-vide \/ tamis diff\u00e9rents\u2026  Pi\u00e8ces d\u00e9tach\u00e9es\u00a0: nous consulter\" \/>\n<meta property=\"og:url\" content=\"https:\/\/www.schenglerindustrie.com\/produit\/accrocheur-aviation-64348\/\" \/>\n<meta property=\"og:site_name\" content=\"Schengler Industrie\" \/>\n<meta property=\"article:modified_time\" content=\"2021-09-20T14:13:43+00:00\" \/>\n<meta property=\"og:image\" content=\"https:\/\/www.schenglerindustrie.com\/wp-content\/uploads\/2021\/07\/accrocheur-daile-carter-64348-cf4u7k.jpg\" \/>\n\t<meta property=\"og:image:width\" content=\"388\" \/>\n\t<meta property=\"og:image:height\" content=\"388\" \/>\n\t<meta property=\"og:image:type\" content=\"image\/jpeg\" \/>\n<meta name=\"twitter:card\" content=\"summary_large_image\" \/>\n<script type=\"application\/ld+json\" class=\"yoast-schema-graph\">{\"@context\":\"https:\/\/schema.org\",\"@graph\":[{\"@type\":\"WebPage\",\"@id\":\"https:\/\/www.schenglerindustrie.com\/produit\/accrocheur-aviation-64348\/\",\"url\":\"https:\/\/www.schenglerindustrie.com\/produit\/accrocheur-aviation-64348\/\",\"name\":\"Accrocheur aviation 64348 - Schengler Industrie\",\"isPartOf\":{\"@id\":\"https:\/\/www.schenglerindustrie.com\/#website\"},\"primaryImageOfPage\":{\"@id\":\"https:\/\/www.schenglerindustrie.com\/produit\/accrocheur-aviation-64348\/#primaryimage\"},\"image\":{\"@id\":\"https:\/\/www.schenglerindustrie.com\/produit\/accrocheur-aviation-64348\/#primaryimage\"},\"thumbnailUrl\":\"https:\/\/www.schenglerindustrie.com\/wp-content\/uploads\/2021\/07\/accrocheur-daile-carter-64348-cf4u7k.jpg\",\"datePublished\":\"2021-07-08T21:41:18+00:00\",\"dateModified\":\"2021-09-20T14:13:43+00:00\",\"breadcrumb\":{\"@id\":\"https:\/\/www.schenglerindustrie.com\/produit\/accrocheur-aviation-64348\/#breadcrumb\"},\"inLanguage\":\"en-US\",\"potentialAction\":[{\"@type\":\"ReadAction\",\"target\":[\"https:\/\/www.schenglerindustrie.com\/produit\/accrocheur-aviation-64348\/\"]}]},{\"@type\":\"ImageObject\",\"inLanguage\":\"en-US\",\"@id\":\"https:\/\/www.schenglerindustrie.com\/produit\/accrocheur-aviation-64348\/#primaryimage\",\"url\":\"https:\/\/www.schenglerindustrie.com\/wp-content\/uploads\/2021\/07\/accrocheur-daile-carter-64348-cf4u7k.jpg\",\"contentUrl\":\"https:\/\/www.schenglerindustrie.com\/wp-content\/uploads\/2021\/07\/accrocheur-daile-carter-64348-cf4u7k.jpg\",\"width\":388,\"height\":388},{\"@type\":\"BreadcrumbList\",\"@id\":\"https:\/\/www.schenglerindustrie.com\/produit\/accrocheur-aviation-64348\/#breadcrumb\",\"itemListElement\":[{\"@type\":\"ListItem\",\"position\":1,\"name\":\"Accueil\",\"item\":\"https:\/\/schenglerindustrie.com\/en\/\"},{\"@type\":\"ListItem\",\"position\":2,\"name\":\"Boutique\",\"item\":\"https:\/\/schenglerindustrie.com\/en\/boutique\/\"},{\"@type\":\"ListItem\",\"position\":3,\"name\":\"Accrocheur aviation 64348\"}]},{\"@type\":\"WebSite\",\"@id\":\"https:\/\/www.schenglerindustrie.com\/#website\",\"url\":\"https:\/\/www.schenglerindustrie.com\/\",\"name\":\"Schengler Industrie\",\"description\":\"\",\"potentialAction\":[{\"@type\":\"SearchAction\",\"target\":{\"@type\":\"EntryPoint\",\"urlTemplate\":\"https:\/\/www.schenglerindustrie.com\/?s={search_term_string}\"},\"query-input\":{\"@type\":\"PropertyValueSpecification\",\"valueRequired\":true,\"valueName\":\"search_term_string\"}}],\"inLanguage\":\"en-US\"}]}<\/script>\n<!-- \/ Yoast SEO plugin. -->","yoast_head_json":{"title":"Accrocheur aviation 64348 - Schengler Industrie","robots":{"index":"index","follow":"follow","max-snippet":"max-snippet:-1","max-image-preview":"max-image-preview:large","max-video-preview":"max-video-preview:-1"},"canonical":"https:\/\/www.schenglerindustrie.com\/produit\/accrocheur-aviation-64348\/","og_locale":"en_US","og_type":"article","og_title":"Accrocheur aviation 64348 - Schengler Industrie","og_description":"L'accrocheur d'aile Carter 64348 sert \u00e0 se connecter \u00e0 la prise avion pour distribuer et\/ou reprendre le carburant aviation en toute s\u00e9curit\u00e9 avec syst\u00e8me de verrouillage m\u00e9canique en s\u00e9curit\u00e9 positive  Diff\u00e9rents mod\u00e8les\u00a0: nous consulter  Options possibles : dont le volant d\u2019accrochage \/ double r\u00e9gulation \/ soupape casse-vide \/ tamis diff\u00e9rents\u2026  Pi\u00e8ces d\u00e9tach\u00e9es\u00a0: nous consulter","og_url":"https:\/\/www.schenglerindustrie.com\/produit\/accrocheur-aviation-64348\/","og_site_name":"Schengler Industrie","article_modified_time":"2021-09-20T14:13:43+00:00","og_image":[{"width":388,"height":388,"url":"https:\/\/www.schenglerindustrie.com\/wp-content\/uploads\/2021\/07\/accrocheur-daile-carter-64348-cf4u7k.jpg","type":"image\/jpeg"}],"twitter_card":"summary_large_image","schema":{"@context":"https:\/\/schema.org","@graph":[{"@type":"WebPage","@id":"https:\/\/www.schenglerindustrie.com\/produit\/accrocheur-aviation-64348\/","url":"https:\/\/www.schenglerindustrie.com\/produit\/accrocheur-aviation-64348\/","name":"Accrocheur aviation 64348 - Schengler Industrie","isPartOf":{"@id":"https:\/\/www.schenglerindustrie.com\/#website"},"primaryImageOfPage":{"@id":"https:\/\/www.schenglerindustrie.com\/produit\/accrocheur-aviation-64348\/#primaryimage"},"image":{"@id":"https:\/\/www.schenglerindustrie.com\/produit\/accrocheur-aviation-64348\/#primaryimage"},"thumbnailUrl":"https:\/\/www.schenglerindustrie.com\/wp-content\/uploads\/2021\/07\/accrocheur-daile-carter-64348-cf4u7k.jpg","datePublished":"2021-07-08T21:41:18+00:00","dateModified":"2021-09-20T14:13:43+00:00","breadcrumb":{"@id":"https:\/\/www.schenglerindustrie.com\/produit\/accrocheur-aviation-64348\/#breadcrumb"},"inLanguage":"en-US","potentialAction":[{"@type":"ReadAction","target":["https:\/\/www.schenglerindustrie.com\/produit\/accrocheur-aviation-64348\/"]}]},{"@type":"ImageObject","inLanguage":"en-US","@id":"https:\/\/www.schenglerindustrie.com\/produit\/accrocheur-aviation-64348\/#primaryimage","url":"https:\/\/www.schenglerindustrie.com\/wp-content\/uploads\/2021\/07\/accrocheur-daile-carter-64348-cf4u7k.jpg","contentUrl":"https:\/\/www.schenglerindustrie.com\/wp-content\/uploads\/2021\/07\/accrocheur-daile-carter-64348-cf4u7k.jpg","width":388,"height":388},{"@type":"BreadcrumbList","@id":"https:\/\/www.schenglerindustrie.com\/produit\/accrocheur-aviation-64348\/#breadcrumb","itemListElement":[{"@type":"ListItem","position":1,"name":"Accueil","item":"https:\/\/schenglerindustrie.com\/en\/"},{"@type":"ListItem","position":2,"name":"Boutique","item":"https:\/\/schenglerindustrie.com\/en\/boutique\/"},{"@type":"ListItem","position":3,"name":"Accrocheur aviation 64348"}]},{"@type":"WebSite","@id":"https:\/\/www.schenglerindustrie.com\/#website","url":"https:\/\/www.schenglerindustrie.com\/","name":"Schengler Industrie","description":"","potentialAction":[{"@type":"SearchAction","target":{"@type":"EntryPoint","urlTemplate":"https:\/\/www.schenglerindustrie.com\/?s={search_term_string}"},"query-input":{"@type":"PropertyValueSpecification","valueRequired":true,"valueName":"search_term_string"}}],"inLanguage":"en-US"}]}},"_links":{"self":[{"href":"https:\/\/www.schenglerindustrie.com\/en\/wp-json\/wp\/v2\/product\/740","targetHints":{"allow":["GET"]}}],"collection":[{"href":"https:\/\/www.schenglerindustrie.com\/en\/wp-json\/wp\/v2\/product"}],"about":[{"href":"https:\/\/www.schenglerindustrie.com\/en\/wp-json\/wp\/v2\/types\/product"}],"replies":[{"embeddable":true,"href":"https:\/\/www.schenglerindustrie.com\/en\/wp-json\/wp\/v2\/comments?post=740"}],"wp:featuredmedia":[{"embeddable":true,"href":"https:\/\/www.schenglerindustrie.com\/en\/wp-json\/wp\/v2\/media\/1383"}],"wp:attachment":[{"href":"https:\/\/www.schenglerindustrie.com\/en\/wp-json\/wp\/v2\/media?parent=740"}],"wp:term":[{"taxonomy":"product_brand","embeddable":true,"href":"https:\/\/www.schenglerindustrie.com\/en\/wp-json\/wp\/v2\/product_brand?post=740"},{"taxonomy":"product_cat","embeddable":true,"href":"https:\/\/www.schenglerindustrie.com\/en\/wp-json\/wp\/v2\/product_cat?post=740"},{"taxonomy":"product_tag","embeddable":true,"href":"https:\/\/www.schenglerindustrie.com\/en\/wp-json\/wp\/v2\/product_tag?post=740"}],"curies":[{"name":"wp","href":"https:\/\/api.w.org\/{rel}","templated":true}]}}