{"id":738,"date":"2021-07-08T23:40:44","date_gmt":"2021-07-08T21:40:44","guid":{"rendered":"https:\/\/www.schenglerindustrie.com\/?post_type=product&#038;p=738"},"modified":"2021-09-21T15:07:44","modified_gmt":"2021-09-21T13:07:44","slug":"vanne-boisseau-spherique-manuelle","status":"publish","type":"product","link":"https:\/\/www.schenglerindustrie.com\/en\/produit\/vanne-boisseau-spherique-manuelle\/","title":{"rendered":"Vanne boisseau sph\u00e9rique manuelle"},"content":{"rendered":"","protected":false},"excerpt":{"rendered":"<p>Manoeuvre manuelle par quart de tour<\/p>\n<p>Raccordement flasque bilat\u00e9ral selon norme DIN 28460<\/p>\n<p>Mati\u00e8re\u00a0: corps aluminium \u2013 sph\u00e8re inox \u2013 joints nitrile<\/p>\n<p>Disponible en diff\u00e9rents diam\u00e8tre\u00a0: DN 50 \u00e0 100<\/p>\n<p>Diff\u00e9rents mod\u00e8les\u00a0: nous consulter<\/p>\n","protected":false},"featured_media":1391,"comment_status":"open","ping_status":"closed","template":"","meta":[],"product_brand":[],"product_cat":[36],"product_tag":[],"class_list":{"0":"post-738","1":"product","2":"type-product","3":"status-publish","4":"has-post-thumbnail","6":"product_cat-distribution","8":"first","9":"instock","10":"shipping-taxable","11":"purchasable","12":"product-type-simple"},"yoast_head":"<!-- This site is optimized with the Yoast SEO plugin v25.5 - https:\/\/yoast.com\/wordpress\/plugins\/seo\/ -->\n<title>Vanne boisseau sph\u00e9rique manuelle - Schengler Industrie<\/title>\n<meta name=\"robots\" content=\"index, follow, max-snippet:-1, max-image-preview:large, max-video-preview:-1\" \/>\n<link rel=\"canonical\" href=\"https:\/\/www.schenglerindustrie.com\/produit\/vanne-boisseau-spherique-manuelle\/\" \/>\n<meta property=\"og:locale\" content=\"en_US\" \/>\n<meta property=\"og:type\" content=\"article\" \/>\n<meta property=\"og:title\" content=\"Vanne boisseau sph\u00e9rique manuelle - Schengler Industrie\" \/>\n<meta property=\"og:description\" content=\"Manoeuvre manuelle par quart de tour  Raccordement flasque bilat\u00e9ral selon norme DIN 28460  Mati\u00e8re\u00a0: corps aluminium \u2013 sph\u00e8re inox \u2013 joints nitrile  Disponible en diff\u00e9rents diam\u00e8tre\u00a0: DN 50 \u00e0 100  Diff\u00e9rents mod\u00e8les\u00a0: nous consulter\" \/>\n<meta property=\"og:url\" content=\"https:\/\/www.schenglerindustrie.com\/produit\/vanne-boisseau-spherique-manuelle\/\" \/>\n<meta property=\"og:site_name\" content=\"Schengler Industrie\" \/>\n<meta property=\"article:modified_time\" content=\"2021-09-21T13:07:44+00:00\" \/>\n<meta property=\"og:image\" content=\"https:\/\/www.schenglerindustrie.com\/wp-content\/uploads\/2021\/07\/Vanne-boisseau-spherique-manuelle-scaled.jpg\" \/>\n\t<meta property=\"og:image:width\" content=\"2560\" \/>\n\t<meta property=\"og:image:height\" content=\"1709\" \/>\n\t<meta property=\"og:image:type\" content=\"image\/jpeg\" \/>\n<meta name=\"twitter:card\" content=\"summary_large_image\" \/>\n<script type=\"application\/ld+json\" class=\"yoast-schema-graph\">{\"@context\":\"https:\/\/schema.org\",\"@graph\":[{\"@type\":\"WebPage\",\"@id\":\"https:\/\/www.schenglerindustrie.com\/produit\/vanne-boisseau-spherique-manuelle\/\",\"url\":\"https:\/\/www.schenglerindustrie.com\/produit\/vanne-boisseau-spherique-manuelle\/\",\"name\":\"Vanne boisseau sph\u00e9rique manuelle - Schengler Industrie\",\"isPartOf\":{\"@id\":\"https:\/\/www.schenglerindustrie.com\/#website\"},\"primaryImageOfPage\":{\"@id\":\"https:\/\/www.schenglerindustrie.com\/produit\/vanne-boisseau-spherique-manuelle\/#primaryimage\"},\"image\":{\"@id\":\"https:\/\/www.schenglerindustrie.com\/produit\/vanne-boisseau-spherique-manuelle\/#primaryimage\"},\"thumbnailUrl\":\"https:\/\/www.schenglerindustrie.com\/wp-content\/uploads\/2021\/07\/Vanne-boisseau-spherique-manuelle-scaled.jpg\",\"datePublished\":\"2021-07-08T21:40:44+00:00\",\"dateModified\":\"2021-09-21T13:07:44+00:00\",\"breadcrumb\":{\"@id\":\"https:\/\/www.schenglerindustrie.com\/produit\/vanne-boisseau-spherique-manuelle\/#breadcrumb\"},\"inLanguage\":\"en-US\",\"potentialAction\":[{\"@type\":\"ReadAction\",\"target\":[\"https:\/\/www.schenglerindustrie.com\/produit\/vanne-boisseau-spherique-manuelle\/\"]}]},{\"@type\":\"ImageObject\",\"inLanguage\":\"en-US\",\"@id\":\"https:\/\/www.schenglerindustrie.com\/produit\/vanne-boisseau-spherique-manuelle\/#primaryimage\",\"url\":\"https:\/\/www.schenglerindustrie.com\/wp-content\/uploads\/2021\/07\/Vanne-boisseau-spherique-manuelle-scaled.jpg\",\"contentUrl\":\"https:\/\/www.schenglerindustrie.com\/wp-content\/uploads\/2021\/07\/Vanne-boisseau-spherique-manuelle-scaled.jpg\",\"width\":2560,\"height\":1709},{\"@type\":\"BreadcrumbList\",\"@id\":\"https:\/\/www.schenglerindustrie.com\/produit\/vanne-boisseau-spherique-manuelle\/#breadcrumb\",\"itemListElement\":[{\"@type\":\"ListItem\",\"position\":1,\"name\":\"Accueil\",\"item\":\"https:\/\/schenglerindustrie.com\/en\/\"},{\"@type\":\"ListItem\",\"position\":2,\"name\":\"Boutique\",\"item\":\"https:\/\/schenglerindustrie.com\/en\/boutique\/\"},{\"@type\":\"ListItem\",\"position\":3,\"name\":\"Vanne boisseau sph\u00e9rique manuelle\"}]},{\"@type\":\"WebSite\",\"@id\":\"https:\/\/www.schenglerindustrie.com\/#website\",\"url\":\"https:\/\/www.schenglerindustrie.com\/\",\"name\":\"Schengler Industrie\",\"description\":\"\",\"potentialAction\":[{\"@type\":\"SearchAction\",\"target\":{\"@type\":\"EntryPoint\",\"urlTemplate\":\"https:\/\/www.schenglerindustrie.com\/?s={search_term_string}\"},\"query-input\":{\"@type\":\"PropertyValueSpecification\",\"valueRequired\":true,\"valueName\":\"search_term_string\"}}],\"inLanguage\":\"en-US\"}]}<\/script>\n<!-- \/ Yoast SEO plugin. -->","yoast_head_json":{"title":"Vanne boisseau sph\u00e9rique manuelle - Schengler Industrie","robots":{"index":"index","follow":"follow","max-snippet":"max-snippet:-1","max-image-preview":"max-image-preview:large","max-video-preview":"max-video-preview:-1"},"canonical":"https:\/\/www.schenglerindustrie.com\/produit\/vanne-boisseau-spherique-manuelle\/","og_locale":"en_US","og_type":"article","og_title":"Vanne boisseau sph\u00e9rique manuelle - Schengler Industrie","og_description":"Manoeuvre manuelle par quart de tour  Raccordement flasque bilat\u00e9ral selon norme DIN 28460  Mati\u00e8re\u00a0: corps aluminium \u2013 sph\u00e8re inox \u2013 joints nitrile  Disponible en diff\u00e9rents diam\u00e8tre\u00a0: DN 50 \u00e0 100  Diff\u00e9rents mod\u00e8les\u00a0: nous consulter","og_url":"https:\/\/www.schenglerindustrie.com\/produit\/vanne-boisseau-spherique-manuelle\/","og_site_name":"Schengler Industrie","article_modified_time":"2021-09-21T13:07:44+00:00","og_image":[{"width":2560,"height":1709,"url":"https:\/\/www.schenglerindustrie.com\/wp-content\/uploads\/2021\/07\/Vanne-boisseau-spherique-manuelle-scaled.jpg","type":"image\/jpeg"}],"twitter_card":"summary_large_image","schema":{"@context":"https:\/\/schema.org","@graph":[{"@type":"WebPage","@id":"https:\/\/www.schenglerindustrie.com\/produit\/vanne-boisseau-spherique-manuelle\/","url":"https:\/\/www.schenglerindustrie.com\/produit\/vanne-boisseau-spherique-manuelle\/","name":"Vanne boisseau sph\u00e9rique manuelle - Schengler Industrie","isPartOf":{"@id":"https:\/\/www.schenglerindustrie.com\/#website"},"primaryImageOfPage":{"@id":"https:\/\/www.schenglerindustrie.com\/produit\/vanne-boisseau-spherique-manuelle\/#primaryimage"},"image":{"@id":"https:\/\/www.schenglerindustrie.com\/produit\/vanne-boisseau-spherique-manuelle\/#primaryimage"},"thumbnailUrl":"https:\/\/www.schenglerindustrie.com\/wp-content\/uploads\/2021\/07\/Vanne-boisseau-spherique-manuelle-scaled.jpg","datePublished":"2021-07-08T21:40:44+00:00","dateModified":"2021-09-21T13:07:44+00:00","breadcrumb":{"@id":"https:\/\/www.schenglerindustrie.com\/produit\/vanne-boisseau-spherique-manuelle\/#breadcrumb"},"inLanguage":"en-US","potentialAction":[{"@type":"ReadAction","target":["https:\/\/www.schenglerindustrie.com\/produit\/vanne-boisseau-spherique-manuelle\/"]}]},{"@type":"ImageObject","inLanguage":"en-US","@id":"https:\/\/www.schenglerindustrie.com\/produit\/vanne-boisseau-spherique-manuelle\/#primaryimage","url":"https:\/\/www.schenglerindustrie.com\/wp-content\/uploads\/2021\/07\/Vanne-boisseau-spherique-manuelle-scaled.jpg","contentUrl":"https:\/\/www.schenglerindustrie.com\/wp-content\/uploads\/2021\/07\/Vanne-boisseau-spherique-manuelle-scaled.jpg","width":2560,"height":1709},{"@type":"BreadcrumbList","@id":"https:\/\/www.schenglerindustrie.com\/produit\/vanne-boisseau-spherique-manuelle\/#breadcrumb","itemListElement":[{"@type":"ListItem","position":1,"name":"Accueil","item":"https:\/\/schenglerindustrie.com\/en\/"},{"@type":"ListItem","position":2,"name":"Boutique","item":"https:\/\/schenglerindustrie.com\/en\/boutique\/"},{"@type":"ListItem","position":3,"name":"Vanne boisseau sph\u00e9rique manuelle"}]},{"@type":"WebSite","@id":"https:\/\/www.schenglerindustrie.com\/#website","url":"https:\/\/www.schenglerindustrie.com\/","name":"Schengler Industrie","description":"","potentialAction":[{"@type":"SearchAction","target":{"@type":"EntryPoint","urlTemplate":"https:\/\/www.schenglerindustrie.com\/?s={search_term_string}"},"query-input":{"@type":"PropertyValueSpecification","valueRequired":true,"valueName":"search_term_string"}}],"inLanguage":"en-US"}]}},"_links":{"self":[{"href":"https:\/\/www.schenglerindustrie.com\/en\/wp-json\/wp\/v2\/product\/738","targetHints":{"allow":["GET"]}}],"collection":[{"href":"https:\/\/www.schenglerindustrie.com\/en\/wp-json\/wp\/v2\/product"}],"about":[{"href":"https:\/\/www.schenglerindustrie.com\/en\/wp-json\/wp\/v2\/types\/product"}],"replies":[{"embeddable":true,"href":"https:\/\/www.schenglerindustrie.com\/en\/wp-json\/wp\/v2\/comments?post=738"}],"wp:featuredmedia":[{"embeddable":true,"href":"https:\/\/www.schenglerindustrie.com\/en\/wp-json\/wp\/v2\/media\/1391"}],"wp:attachment":[{"href":"https:\/\/www.schenglerindustrie.com\/en\/wp-json\/wp\/v2\/media?parent=738"}],"wp:term":[{"taxonomy":"product_brand","embeddable":true,"href":"https:\/\/www.schenglerindustrie.com\/en\/wp-json\/wp\/v2\/product_brand?post=738"},{"taxonomy":"product_cat","embeddable":true,"href":"https:\/\/www.schenglerindustrie.com\/en\/wp-json\/wp\/v2\/product_cat?post=738"},{"taxonomy":"product_tag","embeddable":true,"href":"https:\/\/www.schenglerindustrie.com\/en\/wp-json\/wp\/v2\/product_tag?post=738"}],"curies":[{"name":"wp","href":"https:\/\/api.w.org\/{rel}","templated":true}]}}