{"id":733,"date":"2021-07-08T23:38:57","date_gmt":"2021-07-08T21:38:57","guid":{"rendered":"https:\/\/www.schenglerindustrie.com\/?post_type=product&#038;p=733"},"modified":"2021-09-21T15:28:49","modified_gmt":"2021-09-21T13:28:49","slug":"poignee-homme-mort","status":"publish","type":"product","link":"https:\/\/www.schenglerindustrie.com\/en\/produit\/poignee-homme-mort\/","title":{"rendered":"Poign\u00e9e homme mort"},"content":{"rendered":"","protected":false},"excerpt":{"rendered":"<p>Poign\u00e9e ergonomique qui assure un maintien id\u00e9al pour une tenue prolong\u00e9e.<\/p>\n<p>La course de d\u00e9tection de la manette assure une amplitude de manipulation \u00e9tudi\u00e9e pour les utilisateurs.<\/p>\n<p>L\u2019action de pression de la manette agit sur un contacteur magn\u00e9tique permettant, via l\u2019unit\u00e9 de traitement de l\u2019information de signaler la pr\u00e9sence active de l\u2019op\u00e9rateur.<\/p>\n<p>La poign\u00e9e est livr\u00e9e \u00e9quip\u00e9e d\u2019un c\u00e2ble spiral\u00e9.<\/p>\n<p>Sa classification\u00a0: IP 65\u00a0: totalement prot\u00e9g\u00e9e contre les poussi\u00e8res et contre les jets d\u2019eau de toutes directions \u00e0 la lance.<\/p>\n<p><u>Dimensions\u00a0:<\/u><\/p>\n<p>Hauteur\u00a0: 180 mm<\/p>\n<p>Largeur poign\u00e9e\u00a0: 30 mm<\/p>\n<p>C\u00e2ble spiral\u00e9 5 ml (d\u00e9pli\u00e9 30ml)-2*1mm2<\/p>\n<p><u>Mati\u00e8re\u00a0:<\/u> aluminium<\/p>\n<p><strong>Autres mod\u00e8les disponibles.<\/strong><\/p>\n","protected":false},"featured_media":1405,"comment_status":"open","ping_status":"closed","template":"","meta":[],"product_brand":[],"product_cat":[36],"product_tag":[],"class_list":{"0":"post-733","1":"product","2":"type-product","3":"status-publish","4":"has-post-thumbnail","6":"product_cat-distribution","8":"first","9":"instock","10":"shipping-taxable","11":"purchasable","12":"product-type-simple"},"yoast_head":"<!-- This site is optimized with the Yoast SEO plugin v25.5 - https:\/\/yoast.com\/wordpress\/plugins\/seo\/ -->\n<title>Poign\u00e9e homme mort - Schengler Industrie<\/title>\n<meta name=\"robots\" content=\"index, follow, max-snippet:-1, max-image-preview:large, max-video-preview:-1\" \/>\n<link rel=\"canonical\" href=\"https:\/\/www.schenglerindustrie.com\/produit\/poignee-homme-mort\/\" \/>\n<meta property=\"og:locale\" content=\"en_US\" \/>\n<meta property=\"og:type\" content=\"article\" \/>\n<meta property=\"og:title\" content=\"Poign\u00e9e homme mort - Schengler Industrie\" \/>\n<meta property=\"og:description\" content=\"Poign\u00e9e ergonomique qui assure un maintien id\u00e9al pour une tenue prolong\u00e9e.  La course de d\u00e9tection de la manette assure une amplitude de manipulation \u00e9tudi\u00e9e pour les utilisateurs.  L\u2019action de pression de la manette agit sur un contacteur magn\u00e9tique permettant, via l\u2019unit\u00e9 de traitement de l\u2019information de signaler la pr\u00e9sence active de l\u2019op\u00e9rateur.  La poign\u00e9e est livr\u00e9e \u00e9quip\u00e9e d\u2019un c\u00e2ble spiral\u00e9.  Sa classification\u00a0: IP 65\u00a0: totalement prot\u00e9g\u00e9e contre les poussi\u00e8res et contre les jets d\u2019eau de toutes directions \u00e0 la lance.  Dimensions\u00a0:  Hauteur\u00a0: 180 mm  Largeur poign\u00e9e\u00a0: 30 mm  C\u00e2ble spiral\u00e9 5 ml (d\u00e9pli\u00e9 30ml)-2*1mm2  Mati\u00e8re\u00a0: aluminium  Autres mod\u00e8les disponibles.\" \/>\n<meta property=\"og:url\" content=\"https:\/\/www.schenglerindustrie.com\/produit\/poignee-homme-mort\/\" \/>\n<meta property=\"og:site_name\" content=\"Schengler Industrie\" \/>\n<meta property=\"article:modified_time\" content=\"2021-09-21T13:28:49+00:00\" \/>\n<meta property=\"og:image\" content=\"https:\/\/www.schenglerindustrie.com\/wp-content\/uploads\/2021\/07\/Poignee-homme-mort-cable-scaled.jpg\" \/>\n\t<meta property=\"og:image:width\" content=\"2560\" \/>\n\t<meta property=\"og:image:height\" content=\"1708\" \/>\n\t<meta property=\"og:image:type\" content=\"image\/jpeg\" \/>\n<meta name=\"twitter:card\" content=\"summary_large_image\" \/>\n<script type=\"application\/ld+json\" class=\"yoast-schema-graph\">{\"@context\":\"https:\/\/schema.org\",\"@graph\":[{\"@type\":\"WebPage\",\"@id\":\"https:\/\/www.schenglerindustrie.com\/produit\/poignee-homme-mort\/\",\"url\":\"https:\/\/www.schenglerindustrie.com\/produit\/poignee-homme-mort\/\",\"name\":\"Poign\u00e9e homme mort - Schengler Industrie\",\"isPartOf\":{\"@id\":\"https:\/\/www.schenglerindustrie.com\/#website\"},\"primaryImageOfPage\":{\"@id\":\"https:\/\/www.schenglerindustrie.com\/produit\/poignee-homme-mort\/#primaryimage\"},\"image\":{\"@id\":\"https:\/\/www.schenglerindustrie.com\/produit\/poignee-homme-mort\/#primaryimage\"},\"thumbnailUrl\":\"https:\/\/www.schenglerindustrie.com\/wp-content\/uploads\/2021\/07\/Poignee-homme-mort-cable-scaled.jpg\",\"datePublished\":\"2021-07-08T21:38:57+00:00\",\"dateModified\":\"2021-09-21T13:28:49+00:00\",\"breadcrumb\":{\"@id\":\"https:\/\/www.schenglerindustrie.com\/produit\/poignee-homme-mort\/#breadcrumb\"},\"inLanguage\":\"en-US\",\"potentialAction\":[{\"@type\":\"ReadAction\",\"target\":[\"https:\/\/www.schenglerindustrie.com\/produit\/poignee-homme-mort\/\"]}]},{\"@type\":\"ImageObject\",\"inLanguage\":\"en-US\",\"@id\":\"https:\/\/www.schenglerindustrie.com\/produit\/poignee-homme-mort\/#primaryimage\",\"url\":\"https:\/\/www.schenglerindustrie.com\/wp-content\/uploads\/2021\/07\/Poignee-homme-mort-cable-scaled.jpg\",\"contentUrl\":\"https:\/\/www.schenglerindustrie.com\/wp-content\/uploads\/2021\/07\/Poignee-homme-mort-cable-scaled.jpg\",\"width\":2560,\"height\":1708},{\"@type\":\"BreadcrumbList\",\"@id\":\"https:\/\/www.schenglerindustrie.com\/produit\/poignee-homme-mort\/#breadcrumb\",\"itemListElement\":[{\"@type\":\"ListItem\",\"position\":1,\"name\":\"Accueil\",\"item\":\"https:\/\/schenglerindustrie.com\/en\/\"},{\"@type\":\"ListItem\",\"position\":2,\"name\":\"Boutique\",\"item\":\"https:\/\/schenglerindustrie.com\/en\/boutique\/\"},{\"@type\":\"ListItem\",\"position\":3,\"name\":\"Poign\u00e9e homme mort\"}]},{\"@type\":\"WebSite\",\"@id\":\"https:\/\/www.schenglerindustrie.com\/#website\",\"url\":\"https:\/\/www.schenglerindustrie.com\/\",\"name\":\"Schengler Industrie\",\"description\":\"\",\"potentialAction\":[{\"@type\":\"SearchAction\",\"target\":{\"@type\":\"EntryPoint\",\"urlTemplate\":\"https:\/\/www.schenglerindustrie.com\/?s={search_term_string}\"},\"query-input\":{\"@type\":\"PropertyValueSpecification\",\"valueRequired\":true,\"valueName\":\"search_term_string\"}}],\"inLanguage\":\"en-US\"}]}<\/script>\n<!-- \/ Yoast SEO plugin. -->","yoast_head_json":{"title":"Poign\u00e9e homme mort - Schengler Industrie","robots":{"index":"index","follow":"follow","max-snippet":"max-snippet:-1","max-image-preview":"max-image-preview:large","max-video-preview":"max-video-preview:-1"},"canonical":"https:\/\/www.schenglerindustrie.com\/produit\/poignee-homme-mort\/","og_locale":"en_US","og_type":"article","og_title":"Poign\u00e9e homme mort - Schengler Industrie","og_description":"Poign\u00e9e ergonomique qui assure un maintien id\u00e9al pour une tenue prolong\u00e9e.  La course de d\u00e9tection de la manette assure une amplitude de manipulation \u00e9tudi\u00e9e pour les utilisateurs.  L\u2019action de pression de la manette agit sur un contacteur magn\u00e9tique permettant, via l\u2019unit\u00e9 de traitement de l\u2019information de signaler la pr\u00e9sence active de l\u2019op\u00e9rateur.  La poign\u00e9e est livr\u00e9e \u00e9quip\u00e9e d\u2019un c\u00e2ble spiral\u00e9.  Sa classification\u00a0: IP 65\u00a0: totalement prot\u00e9g\u00e9e contre les poussi\u00e8res et contre les jets d\u2019eau de toutes directions \u00e0 la lance.  Dimensions\u00a0:  Hauteur\u00a0: 180 mm  Largeur poign\u00e9e\u00a0: 30 mm  C\u00e2ble spiral\u00e9 5 ml (d\u00e9pli\u00e9 30ml)-2*1mm2  Mati\u00e8re\u00a0: aluminium  Autres mod\u00e8les disponibles.","og_url":"https:\/\/www.schenglerindustrie.com\/produit\/poignee-homme-mort\/","og_site_name":"Schengler Industrie","article_modified_time":"2021-09-21T13:28:49+00:00","og_image":[{"width":2560,"height":1708,"url":"https:\/\/www.schenglerindustrie.com\/wp-content\/uploads\/2021\/07\/Poignee-homme-mort-cable-scaled.jpg","type":"image\/jpeg"}],"twitter_card":"summary_large_image","schema":{"@context":"https:\/\/schema.org","@graph":[{"@type":"WebPage","@id":"https:\/\/www.schenglerindustrie.com\/produit\/poignee-homme-mort\/","url":"https:\/\/www.schenglerindustrie.com\/produit\/poignee-homme-mort\/","name":"Poign\u00e9e homme mort - Schengler Industrie","isPartOf":{"@id":"https:\/\/www.schenglerindustrie.com\/#website"},"primaryImageOfPage":{"@id":"https:\/\/www.schenglerindustrie.com\/produit\/poignee-homme-mort\/#primaryimage"},"image":{"@id":"https:\/\/www.schenglerindustrie.com\/produit\/poignee-homme-mort\/#primaryimage"},"thumbnailUrl":"https:\/\/www.schenglerindustrie.com\/wp-content\/uploads\/2021\/07\/Poignee-homme-mort-cable-scaled.jpg","datePublished":"2021-07-08T21:38:57+00:00","dateModified":"2021-09-21T13:28:49+00:00","breadcrumb":{"@id":"https:\/\/www.schenglerindustrie.com\/produit\/poignee-homme-mort\/#breadcrumb"},"inLanguage":"en-US","potentialAction":[{"@type":"ReadAction","target":["https:\/\/www.schenglerindustrie.com\/produit\/poignee-homme-mort\/"]}]},{"@type":"ImageObject","inLanguage":"en-US","@id":"https:\/\/www.schenglerindustrie.com\/produit\/poignee-homme-mort\/#primaryimage","url":"https:\/\/www.schenglerindustrie.com\/wp-content\/uploads\/2021\/07\/Poignee-homme-mort-cable-scaled.jpg","contentUrl":"https:\/\/www.schenglerindustrie.com\/wp-content\/uploads\/2021\/07\/Poignee-homme-mort-cable-scaled.jpg","width":2560,"height":1708},{"@type":"BreadcrumbList","@id":"https:\/\/www.schenglerindustrie.com\/produit\/poignee-homme-mort\/#breadcrumb","itemListElement":[{"@type":"ListItem","position":1,"name":"Accueil","item":"https:\/\/schenglerindustrie.com\/en\/"},{"@type":"ListItem","position":2,"name":"Boutique","item":"https:\/\/schenglerindustrie.com\/en\/boutique\/"},{"@type":"ListItem","position":3,"name":"Poign\u00e9e homme mort"}]},{"@type":"WebSite","@id":"https:\/\/www.schenglerindustrie.com\/#website","url":"https:\/\/www.schenglerindustrie.com\/","name":"Schengler Industrie","description":"","potentialAction":[{"@type":"SearchAction","target":{"@type":"EntryPoint","urlTemplate":"https:\/\/www.schenglerindustrie.com\/?s={search_term_string}"},"query-input":{"@type":"PropertyValueSpecification","valueRequired":true,"valueName":"search_term_string"}}],"inLanguage":"en-US"}]}},"_links":{"self":[{"href":"https:\/\/www.schenglerindustrie.com\/en\/wp-json\/wp\/v2\/product\/733","targetHints":{"allow":["GET"]}}],"collection":[{"href":"https:\/\/www.schenglerindustrie.com\/en\/wp-json\/wp\/v2\/product"}],"about":[{"href":"https:\/\/www.schenglerindustrie.com\/en\/wp-json\/wp\/v2\/types\/product"}],"replies":[{"embeddable":true,"href":"https:\/\/www.schenglerindustrie.com\/en\/wp-json\/wp\/v2\/comments?post=733"}],"wp:featuredmedia":[{"embeddable":true,"href":"https:\/\/www.schenglerindustrie.com\/en\/wp-json\/wp\/v2\/media\/1405"}],"wp:attachment":[{"href":"https:\/\/www.schenglerindustrie.com\/en\/wp-json\/wp\/v2\/media?parent=733"}],"wp:term":[{"taxonomy":"product_brand","embeddable":true,"href":"https:\/\/www.schenglerindustrie.com\/en\/wp-json\/wp\/v2\/product_brand?post=733"},{"taxonomy":"product_cat","embeddable":true,"href":"https:\/\/www.schenglerindustrie.com\/en\/wp-json\/wp\/v2\/product_cat?post=733"},{"taxonomy":"product_tag","embeddable":true,"href":"https:\/\/www.schenglerindustrie.com\/en\/wp-json\/wp\/v2\/product_tag?post=733"}],"curies":[{"name":"wp","href":"https:\/\/api.w.org\/{rel}","templated":true}]}}