{"id":730,"date":"2021-07-08T23:37:52","date_gmt":"2021-07-08T21:37:52","guid":{"rendered":"https:\/\/www.schenglerindustrie.com\/?post_type=product&#038;p=730"},"modified":"2021-09-21T15:32:24","modified_gmt":"2021-09-21T13:32:24","slug":"joint-viton-plat-torique","status":"publish","type":"product","link":"https:\/\/www.schenglerindustrie.com\/en\/produit\/joint-viton-plat-torique\/","title":{"rendered":"Joint viton plat, torique"},"content":{"rendered":"","protected":false},"excerpt":{"rendered":"<p>Joints \u00e0 la demande r\u00e9sistants au carburant aviation<\/p>\n<p>Mod\u00e8le\u00a0: plats \/ toriques\u2026<\/p>\n<p>Mati\u00e8re\u00a0: Viton<\/p>\n<p>Diam\u00e8tres\u00a0: suivant demande (joints de trou d\u2019homme, de corps de filtre\u2026)<\/p>\n","protected":false},"featured_media":1411,"comment_status":"open","ping_status":"closed","template":"","meta":[],"product_brand":[],"product_cat":[36],"product_tag":[],"class_list":{"0":"post-730","1":"product","2":"type-product","3":"status-publish","4":"has-post-thumbnail","6":"product_cat-distribution","8":"first","9":"instock","10":"shipping-taxable","11":"purchasable","12":"product-type-simple"},"yoast_head":"<!-- This site is optimized with the Yoast SEO plugin v25.5 - https:\/\/yoast.com\/wordpress\/plugins\/seo\/ -->\n<title>Joint viton plat, torique - Schengler Industrie<\/title>\n<meta name=\"robots\" content=\"index, follow, max-snippet:-1, max-image-preview:large, max-video-preview:-1\" \/>\n<link rel=\"canonical\" href=\"https:\/\/schenglerindustrie.com\/produit\/joint-viton-plat-torique\/\" \/>\n<meta property=\"og:locale\" content=\"en_US\" \/>\n<meta property=\"og:type\" content=\"article\" \/>\n<meta property=\"og:title\" content=\"Joint viton plat, torique - Schengler Industrie\" \/>\n<meta property=\"og:description\" content=\"Joints \u00e0 la demande r\u00e9sistants au carburant aviation  Mod\u00e8le\u00a0: plats \/ toriques\u2026  Mati\u00e8re\u00a0: Viton  Diam\u00e8tres\u00a0: suivant demande (joints de trou d\u2019homme, de corps de filtre\u2026)\" \/>\n<meta property=\"og:url\" content=\"https:\/\/schenglerindustrie.com\/produit\/joint-viton-plat-torique\/\" \/>\n<meta property=\"og:site_name\" content=\"Schengler Industrie\" \/>\n<meta property=\"article:modified_time\" content=\"2021-09-21T13:32:24+00:00\" \/>\n<meta property=\"og:image\" content=\"https:\/\/schenglerindustrie.com\/wp-content\/uploads\/2021\/07\/Joints-viton-plat-torique.jpg\" \/>\n\t<meta property=\"og:image:width\" content=\"2048\" \/>\n\t<meta property=\"og:image:height\" content=\"1536\" \/>\n\t<meta property=\"og:image:type\" content=\"image\/jpeg\" \/>\n<meta name=\"twitter:card\" content=\"summary_large_image\" \/>\n<script type=\"application\/ld+json\" class=\"yoast-schema-graph\">{\"@context\":\"https:\/\/schema.org\",\"@graph\":[{\"@type\":\"WebPage\",\"@id\":\"https:\/\/schenglerindustrie.com\/produit\/joint-viton-plat-torique\/\",\"url\":\"https:\/\/schenglerindustrie.com\/produit\/joint-viton-plat-torique\/\",\"name\":\"Joint viton plat, torique - Schengler Industrie\",\"isPartOf\":{\"@id\":\"https:\/\/www.schenglerindustrie.com\/#website\"},\"primaryImageOfPage\":{\"@id\":\"https:\/\/schenglerindustrie.com\/produit\/joint-viton-plat-torique\/#primaryimage\"},\"image\":{\"@id\":\"https:\/\/schenglerindustrie.com\/produit\/joint-viton-plat-torique\/#primaryimage\"},\"thumbnailUrl\":\"https:\/\/www.schenglerindustrie.com\/wp-content\/uploads\/2021\/07\/Joints-viton-plat-torique.jpg\",\"datePublished\":\"2021-07-08T21:37:52+00:00\",\"dateModified\":\"2021-09-21T13:32:24+00:00\",\"breadcrumb\":{\"@id\":\"https:\/\/schenglerindustrie.com\/produit\/joint-viton-plat-torique\/#breadcrumb\"},\"inLanguage\":\"en-US\",\"potentialAction\":[{\"@type\":\"ReadAction\",\"target\":[\"https:\/\/schenglerindustrie.com\/produit\/joint-viton-plat-torique\/\"]}]},{\"@type\":\"ImageObject\",\"inLanguage\":\"en-US\",\"@id\":\"https:\/\/schenglerindustrie.com\/produit\/joint-viton-plat-torique\/#primaryimage\",\"url\":\"https:\/\/www.schenglerindustrie.com\/wp-content\/uploads\/2021\/07\/Joints-viton-plat-torique.jpg\",\"contentUrl\":\"https:\/\/www.schenglerindustrie.com\/wp-content\/uploads\/2021\/07\/Joints-viton-plat-torique.jpg\",\"width\":2048,\"height\":1536},{\"@type\":\"BreadcrumbList\",\"@id\":\"https:\/\/schenglerindustrie.com\/produit\/joint-viton-plat-torique\/#breadcrumb\",\"itemListElement\":[{\"@type\":\"ListItem\",\"position\":1,\"name\":\"Accueil\",\"item\":\"https:\/\/schenglerindustrie.com\/en\/\"},{\"@type\":\"ListItem\",\"position\":2,\"name\":\"Boutique\",\"item\":\"https:\/\/schenglerindustrie.com\/en\/boutique\/\"},{\"@type\":\"ListItem\",\"position\":3,\"name\":\"Joint viton plat, torique\"}]},{\"@type\":\"WebSite\",\"@id\":\"https:\/\/www.schenglerindustrie.com\/#website\",\"url\":\"https:\/\/www.schenglerindustrie.com\/\",\"name\":\"Schengler Industrie\",\"description\":\"\",\"potentialAction\":[{\"@type\":\"SearchAction\",\"target\":{\"@type\":\"EntryPoint\",\"urlTemplate\":\"https:\/\/www.schenglerindustrie.com\/?s={search_term_string}\"},\"query-input\":{\"@type\":\"PropertyValueSpecification\",\"valueRequired\":true,\"valueName\":\"search_term_string\"}}],\"inLanguage\":\"en-US\"}]}<\/script>\n<!-- \/ Yoast SEO plugin. -->","yoast_head_json":{"title":"Joint viton plat, torique - Schengler Industrie","robots":{"index":"index","follow":"follow","max-snippet":"max-snippet:-1","max-image-preview":"max-image-preview:large","max-video-preview":"max-video-preview:-1"},"canonical":"https:\/\/schenglerindustrie.com\/produit\/joint-viton-plat-torique\/","og_locale":"en_US","og_type":"article","og_title":"Joint viton plat, torique - Schengler Industrie","og_description":"Joints \u00e0 la demande r\u00e9sistants au carburant aviation  Mod\u00e8le\u00a0: plats \/ toriques\u2026  Mati\u00e8re\u00a0: Viton  Diam\u00e8tres\u00a0: suivant demande (joints de trou d\u2019homme, de corps de filtre\u2026)","og_url":"https:\/\/schenglerindustrie.com\/produit\/joint-viton-plat-torique\/","og_site_name":"Schengler Industrie","article_modified_time":"2021-09-21T13:32:24+00:00","og_image":[{"width":2048,"height":1536,"url":"https:\/\/schenglerindustrie.com\/wp-content\/uploads\/2021\/07\/Joints-viton-plat-torique.jpg","type":"image\/jpeg"}],"twitter_card":"summary_large_image","schema":{"@context":"https:\/\/schema.org","@graph":[{"@type":"WebPage","@id":"https:\/\/schenglerindustrie.com\/produit\/joint-viton-plat-torique\/","url":"https:\/\/schenglerindustrie.com\/produit\/joint-viton-plat-torique\/","name":"Joint viton plat, torique - Schengler Industrie","isPartOf":{"@id":"https:\/\/www.schenglerindustrie.com\/#website"},"primaryImageOfPage":{"@id":"https:\/\/schenglerindustrie.com\/produit\/joint-viton-plat-torique\/#primaryimage"},"image":{"@id":"https:\/\/schenglerindustrie.com\/produit\/joint-viton-plat-torique\/#primaryimage"},"thumbnailUrl":"https:\/\/www.schenglerindustrie.com\/wp-content\/uploads\/2021\/07\/Joints-viton-plat-torique.jpg","datePublished":"2021-07-08T21:37:52+00:00","dateModified":"2021-09-21T13:32:24+00:00","breadcrumb":{"@id":"https:\/\/schenglerindustrie.com\/produit\/joint-viton-plat-torique\/#breadcrumb"},"inLanguage":"en-US","potentialAction":[{"@type":"ReadAction","target":["https:\/\/schenglerindustrie.com\/produit\/joint-viton-plat-torique\/"]}]},{"@type":"ImageObject","inLanguage":"en-US","@id":"https:\/\/schenglerindustrie.com\/produit\/joint-viton-plat-torique\/#primaryimage","url":"https:\/\/www.schenglerindustrie.com\/wp-content\/uploads\/2021\/07\/Joints-viton-plat-torique.jpg","contentUrl":"https:\/\/www.schenglerindustrie.com\/wp-content\/uploads\/2021\/07\/Joints-viton-plat-torique.jpg","width":2048,"height":1536},{"@type":"BreadcrumbList","@id":"https:\/\/schenglerindustrie.com\/produit\/joint-viton-plat-torique\/#breadcrumb","itemListElement":[{"@type":"ListItem","position":1,"name":"Accueil","item":"https:\/\/schenglerindustrie.com\/en\/"},{"@type":"ListItem","position":2,"name":"Boutique","item":"https:\/\/schenglerindustrie.com\/en\/boutique\/"},{"@type":"ListItem","position":3,"name":"Joint viton plat, torique"}]},{"@type":"WebSite","@id":"https:\/\/www.schenglerindustrie.com\/#website","url":"https:\/\/www.schenglerindustrie.com\/","name":"Schengler Industrie","description":"","potentialAction":[{"@type":"SearchAction","target":{"@type":"EntryPoint","urlTemplate":"https:\/\/www.schenglerindustrie.com\/?s={search_term_string}"},"query-input":{"@type":"PropertyValueSpecification","valueRequired":true,"valueName":"search_term_string"}}],"inLanguage":"en-US"}]}},"_links":{"self":[{"href":"https:\/\/www.schenglerindustrie.com\/en\/wp-json\/wp\/v2\/product\/730","targetHints":{"allow":["GET"]}}],"collection":[{"href":"https:\/\/www.schenglerindustrie.com\/en\/wp-json\/wp\/v2\/product"}],"about":[{"href":"https:\/\/www.schenglerindustrie.com\/en\/wp-json\/wp\/v2\/types\/product"}],"replies":[{"embeddable":true,"href":"https:\/\/www.schenglerindustrie.com\/en\/wp-json\/wp\/v2\/comments?post=730"}],"wp:featuredmedia":[{"embeddable":true,"href":"https:\/\/www.schenglerindustrie.com\/en\/wp-json\/wp\/v2\/media\/1411"}],"wp:attachment":[{"href":"https:\/\/www.schenglerindustrie.com\/en\/wp-json\/wp\/v2\/media?parent=730"}],"wp:term":[{"taxonomy":"product_brand","embeddable":true,"href":"https:\/\/www.schenglerindustrie.com\/en\/wp-json\/wp\/v2\/product_brand?post=730"},{"taxonomy":"product_cat","embeddable":true,"href":"https:\/\/www.schenglerindustrie.com\/en\/wp-json\/wp\/v2\/product_cat?post=730"},{"taxonomy":"product_tag","embeddable":true,"href":"https:\/\/www.schenglerindustrie.com\/en\/wp-json\/wp\/v2\/product_tag?post=730"}],"curies":[{"name":"wp","href":"https:\/\/api.w.org\/{rel}","templated":true}]}}