{"id":720,"date":"2021-07-08T23:18:18","date_gmt":"2021-07-08T21:18:18","guid":{"rendered":"https:\/\/www.schenglerindustrie.com\/?post_type=product&#038;p=720"},"modified":"2021-09-21T15:57:02","modified_gmt":"2021-09-21T13:57:02","slug":"sabre-de-jaugeage","status":"publish","type":"product","link":"https:\/\/www.schenglerindustrie.com\/en\/produit\/sabre-de-jaugeage\/","title":{"rendered":"Sabre de jaugeage"},"content":{"rendered":"","protected":false},"excerpt":{"rendered":"<p>Certificat CEE classe II<\/p>\n<p>Dispositifs pour la mesure du vide entre le niveau du liquide et la virolle de la citerne<\/p>\n<p>R\u00e8gle en duralumin ou AU 4G<\/p>\n<p>Chiffrage en mm<\/p>\n<p>Section du support : 15 x 25 x 15 mm<\/p>\n<p>&nbsp;<\/p>\n<p>Diff\u00e9rents mod\u00e8les\u00a0: sabre d\u00e9tection vide \/ sabre d\u00e9tection de niveau\u00a0:<\/p>\n<p>*hauteur 0.50M<\/p>\n<p>*hauteur 0.60M<\/p>\n<p>*hauteur 1.00M<\/p>\n<p>*hauteur 1.50M<\/p>\n<p>*hauteur 2.00M<\/p>\n<p>*hauteur 2.50M<\/p>\n<p>*hauteur 3M<\/p>\n","protected":false},"featured_media":1431,"comment_status":"open","ping_status":"closed","template":"","meta":[],"product_brand":[],"product_cat":[35],"product_tag":[],"class_list":{"0":"post-720","1":"product","2":"type-product","3":"status-publish","4":"has-post-thumbnail","6":"product_cat-citerne","8":"first","9":"instock","10":"shipping-taxable","11":"purchasable","12":"product-type-simple"},"yoast_head":"<!-- This site is optimized with the Yoast SEO plugin v25.5 - https:\/\/yoast.com\/wordpress\/plugins\/seo\/ -->\n<title>Sabre de jaugeage - Schengler Industrie<\/title>\n<meta name=\"robots\" content=\"index, follow, max-snippet:-1, max-image-preview:large, max-video-preview:-1\" \/>\n<link rel=\"canonical\" href=\"https:\/\/www.schenglerindustrie.com\/produit\/sabre-de-jaugeage\/\" \/>\n<meta property=\"og:locale\" content=\"en_US\" \/>\n<meta property=\"og:type\" content=\"article\" \/>\n<meta property=\"og:title\" content=\"Sabre de jaugeage - Schengler Industrie\" \/>\n<meta property=\"og:description\" content=\"Certificat CEE classe II  Dispositifs pour la mesure du vide entre le niveau du liquide et la virolle de la citerne  R\u00e8gle en duralumin ou AU 4G  Chiffrage en mm  Section du support : 15 x 25 x 15 mm  &nbsp;  Diff\u00e9rents mod\u00e8les\u00a0: sabre d\u00e9tection vide \/ sabre d\u00e9tection de niveau\u00a0:  *hauteur 0.50M  *hauteur 0.60M  *hauteur 1.00M  *hauteur 1.50M  *hauteur 2.00M  *hauteur 2.50M  *hauteur 3M\" \/>\n<meta property=\"og:url\" content=\"https:\/\/www.schenglerindustrie.com\/produit\/sabre-de-jaugeage\/\" \/>\n<meta property=\"og:site_name\" content=\"Schengler Industrie\" \/>\n<meta property=\"article:modified_time\" content=\"2021-09-21T13:57:02+00:00\" \/>\n<meta property=\"og:image\" content=\"https:\/\/www.schenglerindustrie.com\/wp-content\/uploads\/2021\/07\/Sabre-jaugeage-rotated.jpg\" \/>\n\t<meta property=\"og:image:width\" content=\"1200\" \/>\n\t<meta property=\"og:image:height\" content=\"1600\" \/>\n\t<meta property=\"og:image:type\" content=\"image\/jpeg\" \/>\n<meta name=\"twitter:card\" content=\"summary_large_image\" \/>\n<script type=\"application\/ld+json\" class=\"yoast-schema-graph\">{\"@context\":\"https:\/\/schema.org\",\"@graph\":[{\"@type\":\"WebPage\",\"@id\":\"https:\/\/www.schenglerindustrie.com\/produit\/sabre-de-jaugeage\/\",\"url\":\"https:\/\/www.schenglerindustrie.com\/produit\/sabre-de-jaugeage\/\",\"name\":\"Sabre de jaugeage - Schengler Industrie\",\"isPartOf\":{\"@id\":\"https:\/\/www.schenglerindustrie.com\/#website\"},\"primaryImageOfPage\":{\"@id\":\"https:\/\/www.schenglerindustrie.com\/produit\/sabre-de-jaugeage\/#primaryimage\"},\"image\":{\"@id\":\"https:\/\/www.schenglerindustrie.com\/produit\/sabre-de-jaugeage\/#primaryimage\"},\"thumbnailUrl\":\"https:\/\/www.schenglerindustrie.com\/wp-content\/uploads\/2021\/07\/Sabre-jaugeage-rotated.jpg\",\"datePublished\":\"2021-07-08T21:18:18+00:00\",\"dateModified\":\"2021-09-21T13:57:02+00:00\",\"breadcrumb\":{\"@id\":\"https:\/\/www.schenglerindustrie.com\/produit\/sabre-de-jaugeage\/#breadcrumb\"},\"inLanguage\":\"en-US\",\"potentialAction\":[{\"@type\":\"ReadAction\",\"target\":[\"https:\/\/www.schenglerindustrie.com\/produit\/sabre-de-jaugeage\/\"]}]},{\"@type\":\"ImageObject\",\"inLanguage\":\"en-US\",\"@id\":\"https:\/\/www.schenglerindustrie.com\/produit\/sabre-de-jaugeage\/#primaryimage\",\"url\":\"https:\/\/www.schenglerindustrie.com\/wp-content\/uploads\/2021\/07\/Sabre-jaugeage-rotated.jpg\",\"contentUrl\":\"https:\/\/www.schenglerindustrie.com\/wp-content\/uploads\/2021\/07\/Sabre-jaugeage-rotated.jpg\",\"width\":1200,\"height\":1600},{\"@type\":\"BreadcrumbList\",\"@id\":\"https:\/\/www.schenglerindustrie.com\/produit\/sabre-de-jaugeage\/#breadcrumb\",\"itemListElement\":[{\"@type\":\"ListItem\",\"position\":1,\"name\":\"Accueil\",\"item\":\"https:\/\/schenglerindustrie.com\/en\/\"},{\"@type\":\"ListItem\",\"position\":2,\"name\":\"Boutique\",\"item\":\"https:\/\/schenglerindustrie.com\/en\/boutique\/\"},{\"@type\":\"ListItem\",\"position\":3,\"name\":\"Sabre de jaugeage\"}]},{\"@type\":\"WebSite\",\"@id\":\"https:\/\/www.schenglerindustrie.com\/#website\",\"url\":\"https:\/\/www.schenglerindustrie.com\/\",\"name\":\"Schengler Industrie\",\"description\":\"\",\"potentialAction\":[{\"@type\":\"SearchAction\",\"target\":{\"@type\":\"EntryPoint\",\"urlTemplate\":\"https:\/\/www.schenglerindustrie.com\/?s={search_term_string}\"},\"query-input\":{\"@type\":\"PropertyValueSpecification\",\"valueRequired\":true,\"valueName\":\"search_term_string\"}}],\"inLanguage\":\"en-US\"}]}<\/script>\n<!-- \/ Yoast SEO plugin. -->","yoast_head_json":{"title":"Sabre de jaugeage - Schengler Industrie","robots":{"index":"index","follow":"follow","max-snippet":"max-snippet:-1","max-image-preview":"max-image-preview:large","max-video-preview":"max-video-preview:-1"},"canonical":"https:\/\/www.schenglerindustrie.com\/produit\/sabre-de-jaugeage\/","og_locale":"en_US","og_type":"article","og_title":"Sabre de jaugeage - Schengler Industrie","og_description":"Certificat CEE classe II  Dispositifs pour la mesure du vide entre le niveau du liquide et la virolle de la citerne  R\u00e8gle en duralumin ou AU 4G  Chiffrage en mm  Section du support : 15 x 25 x 15 mm  &nbsp;  Diff\u00e9rents mod\u00e8les\u00a0: sabre d\u00e9tection vide \/ sabre d\u00e9tection de niveau\u00a0:  *hauteur 0.50M  *hauteur 0.60M  *hauteur 1.00M  *hauteur 1.50M  *hauteur 2.00M  *hauteur 2.50M  *hauteur 3M","og_url":"https:\/\/www.schenglerindustrie.com\/produit\/sabre-de-jaugeage\/","og_site_name":"Schengler Industrie","article_modified_time":"2021-09-21T13:57:02+00:00","og_image":[{"width":1200,"height":1600,"url":"https:\/\/www.schenglerindustrie.com\/wp-content\/uploads\/2021\/07\/Sabre-jaugeage-rotated.jpg","type":"image\/jpeg"}],"twitter_card":"summary_large_image","schema":{"@context":"https:\/\/schema.org","@graph":[{"@type":"WebPage","@id":"https:\/\/www.schenglerindustrie.com\/produit\/sabre-de-jaugeage\/","url":"https:\/\/www.schenglerindustrie.com\/produit\/sabre-de-jaugeage\/","name":"Sabre de jaugeage - Schengler Industrie","isPartOf":{"@id":"https:\/\/www.schenglerindustrie.com\/#website"},"primaryImageOfPage":{"@id":"https:\/\/www.schenglerindustrie.com\/produit\/sabre-de-jaugeage\/#primaryimage"},"image":{"@id":"https:\/\/www.schenglerindustrie.com\/produit\/sabre-de-jaugeage\/#primaryimage"},"thumbnailUrl":"https:\/\/www.schenglerindustrie.com\/wp-content\/uploads\/2021\/07\/Sabre-jaugeage-rotated.jpg","datePublished":"2021-07-08T21:18:18+00:00","dateModified":"2021-09-21T13:57:02+00:00","breadcrumb":{"@id":"https:\/\/www.schenglerindustrie.com\/produit\/sabre-de-jaugeage\/#breadcrumb"},"inLanguage":"en-US","potentialAction":[{"@type":"ReadAction","target":["https:\/\/www.schenglerindustrie.com\/produit\/sabre-de-jaugeage\/"]}]},{"@type":"ImageObject","inLanguage":"en-US","@id":"https:\/\/www.schenglerindustrie.com\/produit\/sabre-de-jaugeage\/#primaryimage","url":"https:\/\/www.schenglerindustrie.com\/wp-content\/uploads\/2021\/07\/Sabre-jaugeage-rotated.jpg","contentUrl":"https:\/\/www.schenglerindustrie.com\/wp-content\/uploads\/2021\/07\/Sabre-jaugeage-rotated.jpg","width":1200,"height":1600},{"@type":"BreadcrumbList","@id":"https:\/\/www.schenglerindustrie.com\/produit\/sabre-de-jaugeage\/#breadcrumb","itemListElement":[{"@type":"ListItem","position":1,"name":"Accueil","item":"https:\/\/schenglerindustrie.com\/en\/"},{"@type":"ListItem","position":2,"name":"Boutique","item":"https:\/\/schenglerindustrie.com\/en\/boutique\/"},{"@type":"ListItem","position":3,"name":"Sabre de jaugeage"}]},{"@type":"WebSite","@id":"https:\/\/www.schenglerindustrie.com\/#website","url":"https:\/\/www.schenglerindustrie.com\/","name":"Schengler Industrie","description":"","potentialAction":[{"@type":"SearchAction","target":{"@type":"EntryPoint","urlTemplate":"https:\/\/www.schenglerindustrie.com\/?s={search_term_string}"},"query-input":{"@type":"PropertyValueSpecification","valueRequired":true,"valueName":"search_term_string"}}],"inLanguage":"en-US"}]}},"_links":{"self":[{"href":"https:\/\/www.schenglerindustrie.com\/en\/wp-json\/wp\/v2\/product\/720","targetHints":{"allow":["GET"]}}],"collection":[{"href":"https:\/\/www.schenglerindustrie.com\/en\/wp-json\/wp\/v2\/product"}],"about":[{"href":"https:\/\/www.schenglerindustrie.com\/en\/wp-json\/wp\/v2\/types\/product"}],"replies":[{"embeddable":true,"href":"https:\/\/www.schenglerindustrie.com\/en\/wp-json\/wp\/v2\/comments?post=720"}],"wp:featuredmedia":[{"embeddable":true,"href":"https:\/\/www.schenglerindustrie.com\/en\/wp-json\/wp\/v2\/media\/1431"}],"wp:attachment":[{"href":"https:\/\/www.schenglerindustrie.com\/en\/wp-json\/wp\/v2\/media?parent=720"}],"wp:term":[{"taxonomy":"product_brand","embeddable":true,"href":"https:\/\/www.schenglerindustrie.com\/en\/wp-json\/wp\/v2\/product_brand?post=720"},{"taxonomy":"product_cat","embeddable":true,"href":"https:\/\/www.schenglerindustrie.com\/en\/wp-json\/wp\/v2\/product_cat?post=720"},{"taxonomy":"product_tag","embeddable":true,"href":"https:\/\/www.schenglerindustrie.com\/en\/wp-json\/wp\/v2\/product_tag?post=720"}],"curies":[{"name":"wp","href":"https:\/\/api.w.org\/{rel}","templated":true}]}}