{"id":719,"date":"2021-07-08T23:18:04","date_gmt":"2021-07-08T21:18:04","guid":{"rendered":"https:\/\/www.schenglerindustrie.com\/?post_type=product&#038;p=719"},"modified":"2021-09-21T15:58:56","modified_gmt":"2021-09-21T13:58:56","slug":"event-de-respiration-yak-rc","status":"publish","type":"product","link":"https:\/\/www.schenglerindustrie.com\/en\/produit\/event-de-respiration-yak-rc\/","title":{"rendered":"Event de respiration YAK RC"},"content":{"rendered":"","protected":false},"excerpt":{"rendered":"<p>Conforme aux prescriptions de la norme NF M 88\u00a0111 ainsi qu\u2019aux r\u00e8glementations pour le transport de mati\u00e8res dangereuses.<\/p>\n<p>Permet les op\u00e9rations de chargement par la bas mais \u00e9galement permet les op\u00e9rations de d\u00e9chargement.<\/p>\n<p>Assure la fonction de s\u00e9curit\u00e9 en cas de surpression accidentelle par \u00e9vacuation des gaz par le clapet tar\u00e9.<\/p>\n<p>Assure l\u2019\u00e9tanch\u00e9it\u00e9 au renversement.<\/p>\n<p>Corps\u00a0: alliage d\u2019aluminium<\/p>\n<p>Tamis pare-flamme\u00a0: acier inoxydable<\/p>\n<p>Ressorts\u00a0: acier inoxydable<\/p>\n<p>Joints\u00a0: \u00e9lastom\u00e8re fluor\u00e9<\/p>\n<p>Accessoires de montage si n\u00e9cessaire<\/p>\n","protected":false},"featured_media":1433,"comment_status":"open","ping_status":"closed","template":"","meta":[],"product_brand":[],"product_cat":[35],"product_tag":[],"class_list":{"0":"post-719","1":"product","2":"type-product","3":"status-publish","4":"has-post-thumbnail","6":"product_cat-citerne","8":"first","9":"instock","10":"shipping-taxable","11":"purchasable","12":"product-type-simple"},"yoast_head":"<!-- This site is optimized with the Yoast SEO plugin v25.5 - https:\/\/yoast.com\/wordpress\/plugins\/seo\/ -->\n<title>Event de respiration YAK RC - Schengler Industrie<\/title>\n<meta name=\"robots\" content=\"index, follow, max-snippet:-1, max-image-preview:large, max-video-preview:-1\" \/>\n<link rel=\"canonical\" href=\"https:\/\/www.schenglerindustrie.com\/produit\/event-de-respiration-yak-rc\/\" \/>\n<meta property=\"og:locale\" content=\"en_US\" \/>\n<meta property=\"og:type\" content=\"article\" \/>\n<meta property=\"og:title\" content=\"Event de respiration YAK RC - Schengler Industrie\" \/>\n<meta property=\"og:description\" content=\"Conforme aux prescriptions de la norme NF M 88\u00a0111 ainsi qu\u2019aux r\u00e8glementations pour le transport de mati\u00e8res dangereuses.  Permet les op\u00e9rations de chargement par la bas mais \u00e9galement permet les op\u00e9rations de d\u00e9chargement.  Assure la fonction de s\u00e9curit\u00e9 en cas de surpression accidentelle par \u00e9vacuation des gaz par le clapet tar\u00e9.  Assure l\u2019\u00e9tanch\u00e9it\u00e9 au renversement.  Corps\u00a0: alliage d\u2019aluminium  Tamis pare-flamme\u00a0: acier inoxydable  Ressorts\u00a0: acier inoxydable  Joints\u00a0: \u00e9lastom\u00e8re fluor\u00e9  Accessoires de montage si n\u00e9cessaire\" \/>\n<meta property=\"og:url\" content=\"https:\/\/www.schenglerindustrie.com\/produit\/event-de-respiration-yak-rc\/\" \/>\n<meta property=\"og:site_name\" content=\"Schengler Industrie\" \/>\n<meta property=\"article:modified_time\" content=\"2021-09-21T13:58:56+00:00\" \/>\n<meta property=\"og:image\" content=\"https:\/\/www.schenglerindustrie.com\/wp-content\/uploads\/2021\/07\/Soupape-scaled.jpg\" \/>\n\t<meta property=\"og:image:width\" content=\"2560\" \/>\n\t<meta property=\"og:image:height\" content=\"1709\" \/>\n\t<meta property=\"og:image:type\" content=\"image\/jpeg\" \/>\n<meta name=\"twitter:card\" content=\"summary_large_image\" \/>\n<script type=\"application\/ld+json\" class=\"yoast-schema-graph\">{\"@context\":\"https:\/\/schema.org\",\"@graph\":[{\"@type\":\"WebPage\",\"@id\":\"https:\/\/www.schenglerindustrie.com\/produit\/event-de-respiration-yak-rc\/\",\"url\":\"https:\/\/www.schenglerindustrie.com\/produit\/event-de-respiration-yak-rc\/\",\"name\":\"Event de respiration YAK RC - Schengler Industrie\",\"isPartOf\":{\"@id\":\"https:\/\/www.schenglerindustrie.com\/#website\"},\"primaryImageOfPage\":{\"@id\":\"https:\/\/www.schenglerindustrie.com\/produit\/event-de-respiration-yak-rc\/#primaryimage\"},\"image\":{\"@id\":\"https:\/\/www.schenglerindustrie.com\/produit\/event-de-respiration-yak-rc\/#primaryimage\"},\"thumbnailUrl\":\"https:\/\/www.schenglerindustrie.com\/wp-content\/uploads\/2021\/07\/Soupape-scaled.jpg\",\"datePublished\":\"2021-07-08T21:18:04+00:00\",\"dateModified\":\"2021-09-21T13:58:56+00:00\",\"breadcrumb\":{\"@id\":\"https:\/\/www.schenglerindustrie.com\/produit\/event-de-respiration-yak-rc\/#breadcrumb\"},\"inLanguage\":\"en-US\",\"potentialAction\":[{\"@type\":\"ReadAction\",\"target\":[\"https:\/\/www.schenglerindustrie.com\/produit\/event-de-respiration-yak-rc\/\"]}]},{\"@type\":\"ImageObject\",\"inLanguage\":\"en-US\",\"@id\":\"https:\/\/www.schenglerindustrie.com\/produit\/event-de-respiration-yak-rc\/#primaryimage\",\"url\":\"https:\/\/www.schenglerindustrie.com\/wp-content\/uploads\/2021\/07\/Soupape-scaled.jpg\",\"contentUrl\":\"https:\/\/www.schenglerindustrie.com\/wp-content\/uploads\/2021\/07\/Soupape-scaled.jpg\",\"width\":2560,\"height\":1709},{\"@type\":\"BreadcrumbList\",\"@id\":\"https:\/\/www.schenglerindustrie.com\/produit\/event-de-respiration-yak-rc\/#breadcrumb\",\"itemListElement\":[{\"@type\":\"ListItem\",\"position\":1,\"name\":\"Accueil\",\"item\":\"https:\/\/schenglerindustrie.com\/en\/\"},{\"@type\":\"ListItem\",\"position\":2,\"name\":\"Boutique\",\"item\":\"https:\/\/schenglerindustrie.com\/en\/boutique\/\"},{\"@type\":\"ListItem\",\"position\":3,\"name\":\"Event de respiration YAK RC\"}]},{\"@type\":\"WebSite\",\"@id\":\"https:\/\/www.schenglerindustrie.com\/#website\",\"url\":\"https:\/\/www.schenglerindustrie.com\/\",\"name\":\"Schengler Industrie\",\"description\":\"\",\"potentialAction\":[{\"@type\":\"SearchAction\",\"target\":{\"@type\":\"EntryPoint\",\"urlTemplate\":\"https:\/\/www.schenglerindustrie.com\/?s={search_term_string}\"},\"query-input\":{\"@type\":\"PropertyValueSpecification\",\"valueRequired\":true,\"valueName\":\"search_term_string\"}}],\"inLanguage\":\"en-US\"}]}<\/script>\n<!-- \/ Yoast SEO plugin. -->","yoast_head_json":{"title":"Event de respiration YAK RC - Schengler Industrie","robots":{"index":"index","follow":"follow","max-snippet":"max-snippet:-1","max-image-preview":"max-image-preview:large","max-video-preview":"max-video-preview:-1"},"canonical":"https:\/\/www.schenglerindustrie.com\/produit\/event-de-respiration-yak-rc\/","og_locale":"en_US","og_type":"article","og_title":"Event de respiration YAK RC - Schengler Industrie","og_description":"Conforme aux prescriptions de la norme NF M 88\u00a0111 ainsi qu\u2019aux r\u00e8glementations pour le transport de mati\u00e8res dangereuses.  Permet les op\u00e9rations de chargement par la bas mais \u00e9galement permet les op\u00e9rations de d\u00e9chargement.  Assure la fonction de s\u00e9curit\u00e9 en cas de surpression accidentelle par \u00e9vacuation des gaz par le clapet tar\u00e9.  Assure l\u2019\u00e9tanch\u00e9it\u00e9 au renversement.  Corps\u00a0: alliage d\u2019aluminium  Tamis pare-flamme\u00a0: acier inoxydable  Ressorts\u00a0: acier inoxydable  Joints\u00a0: \u00e9lastom\u00e8re fluor\u00e9  Accessoires de montage si n\u00e9cessaire","og_url":"https:\/\/www.schenglerindustrie.com\/produit\/event-de-respiration-yak-rc\/","og_site_name":"Schengler Industrie","article_modified_time":"2021-09-21T13:58:56+00:00","og_image":[{"width":2560,"height":1709,"url":"https:\/\/www.schenglerindustrie.com\/wp-content\/uploads\/2021\/07\/Soupape-scaled.jpg","type":"image\/jpeg"}],"twitter_card":"summary_large_image","schema":{"@context":"https:\/\/schema.org","@graph":[{"@type":"WebPage","@id":"https:\/\/www.schenglerindustrie.com\/produit\/event-de-respiration-yak-rc\/","url":"https:\/\/www.schenglerindustrie.com\/produit\/event-de-respiration-yak-rc\/","name":"Event de respiration YAK RC - Schengler Industrie","isPartOf":{"@id":"https:\/\/www.schenglerindustrie.com\/#website"},"primaryImageOfPage":{"@id":"https:\/\/www.schenglerindustrie.com\/produit\/event-de-respiration-yak-rc\/#primaryimage"},"image":{"@id":"https:\/\/www.schenglerindustrie.com\/produit\/event-de-respiration-yak-rc\/#primaryimage"},"thumbnailUrl":"https:\/\/www.schenglerindustrie.com\/wp-content\/uploads\/2021\/07\/Soupape-scaled.jpg","datePublished":"2021-07-08T21:18:04+00:00","dateModified":"2021-09-21T13:58:56+00:00","breadcrumb":{"@id":"https:\/\/www.schenglerindustrie.com\/produit\/event-de-respiration-yak-rc\/#breadcrumb"},"inLanguage":"en-US","potentialAction":[{"@type":"ReadAction","target":["https:\/\/www.schenglerindustrie.com\/produit\/event-de-respiration-yak-rc\/"]}]},{"@type":"ImageObject","inLanguage":"en-US","@id":"https:\/\/www.schenglerindustrie.com\/produit\/event-de-respiration-yak-rc\/#primaryimage","url":"https:\/\/www.schenglerindustrie.com\/wp-content\/uploads\/2021\/07\/Soupape-scaled.jpg","contentUrl":"https:\/\/www.schenglerindustrie.com\/wp-content\/uploads\/2021\/07\/Soupape-scaled.jpg","width":2560,"height":1709},{"@type":"BreadcrumbList","@id":"https:\/\/www.schenglerindustrie.com\/produit\/event-de-respiration-yak-rc\/#breadcrumb","itemListElement":[{"@type":"ListItem","position":1,"name":"Accueil","item":"https:\/\/schenglerindustrie.com\/en\/"},{"@type":"ListItem","position":2,"name":"Boutique","item":"https:\/\/schenglerindustrie.com\/en\/boutique\/"},{"@type":"ListItem","position":3,"name":"Event de respiration YAK RC"}]},{"@type":"WebSite","@id":"https:\/\/www.schenglerindustrie.com\/#website","url":"https:\/\/www.schenglerindustrie.com\/","name":"Schengler Industrie","description":"","potentialAction":[{"@type":"SearchAction","target":{"@type":"EntryPoint","urlTemplate":"https:\/\/www.schenglerindustrie.com\/?s={search_term_string}"},"query-input":{"@type":"PropertyValueSpecification","valueRequired":true,"valueName":"search_term_string"}}],"inLanguage":"en-US"}]}},"_links":{"self":[{"href":"https:\/\/www.schenglerindustrie.com\/en\/wp-json\/wp\/v2\/product\/719","targetHints":{"allow":["GET"]}}],"collection":[{"href":"https:\/\/www.schenglerindustrie.com\/en\/wp-json\/wp\/v2\/product"}],"about":[{"href":"https:\/\/www.schenglerindustrie.com\/en\/wp-json\/wp\/v2\/types\/product"}],"replies":[{"embeddable":true,"href":"https:\/\/www.schenglerindustrie.com\/en\/wp-json\/wp\/v2\/comments?post=719"}],"wp:featuredmedia":[{"embeddable":true,"href":"https:\/\/www.schenglerindustrie.com\/en\/wp-json\/wp\/v2\/media\/1433"}],"wp:attachment":[{"href":"https:\/\/www.schenglerindustrie.com\/en\/wp-json\/wp\/v2\/media?parent=719"}],"wp:term":[{"taxonomy":"product_brand","embeddable":true,"href":"https:\/\/www.schenglerindustrie.com\/en\/wp-json\/wp\/v2\/product_brand?post=719"},{"taxonomy":"product_cat","embeddable":true,"href":"https:\/\/www.schenglerindustrie.com\/en\/wp-json\/wp\/v2\/product_cat?post=719"},{"taxonomy":"product_tag","embeddable":true,"href":"https:\/\/www.schenglerindustrie.com\/en\/wp-json\/wp\/v2\/product_tag?post=719"}],"curies":[{"name":"wp","href":"https:\/\/api.w.org\/{rel}","templated":true}]}}