{"id":718,"date":"2021-07-08T23:17:51","date_gmt":"2021-07-08T21:17:51","guid":{"rendered":"https:\/\/www.schenglerindustrie.com\/?post_type=product&#038;p=718"},"modified":"2021-09-21T16:00:52","modified_gmt":"2021-09-21T14:00:52","slug":"event-de-pression-depression-yak-en","status":"publish","type":"product","link":"https:\/\/www.schenglerindustrie.com\/en\/produit\/event-de-pression-depression-yak-en\/","title":{"rendered":"Event de pression\/d\u00e9pression-Yak EN"},"content":{"rendered":"","protected":false},"excerpt":{"rendered":"<p>Produit homologu\u00e9 selon la norme europ\u00e9enne EN 14595<\/p>\n<p>Assure la respiration des compartiments des citernes transportant des hydrocarbures<\/p>\n<p>Comporte un clapet d\u2019obturation fermant le passage d\u2019\u00e9vacuation de la fonction service normale d\u00e8s que l\u2019inclinaison de la citerne atteint 90\u00b0<\/p>\n<p>Corps en alliage d\u2019aluminium<\/p>\n<p>Tamis pare-flammes\u00a0: acier inoxydable<\/p>\n<p>Ressorts\u00a0: acier inoxydable<\/p>\n<p>Joints\u00a0: \u00e9lastom\u00e8re fluor\u00e9<\/p>\n","protected":false},"featured_media":1435,"comment_status":"open","ping_status":"closed","template":"","meta":[],"product_brand":[],"product_cat":[35],"product_tag":[],"class_list":{"0":"post-718","1":"product","2":"type-product","3":"status-publish","4":"has-post-thumbnail","6":"product_cat-citerne","8":"first","9":"instock","10":"shipping-taxable","11":"purchasable","12":"product-type-simple"},"yoast_head":"<!-- This site is optimized with the Yoast SEO plugin v25.5 - https:\/\/yoast.com\/wordpress\/plugins\/seo\/ -->\n<title>Event de pression\/d\u00e9pression-Yak EN - Schengler Industrie<\/title>\n<meta name=\"robots\" content=\"index, follow, max-snippet:-1, max-image-preview:large, max-video-preview:-1\" \/>\n<link rel=\"canonical\" href=\"https:\/\/www.schenglerindustrie.com\/en\/produit\/event-de-pression-depression-yak-en\/\" \/>\n<meta property=\"og:locale\" content=\"en_US\" \/>\n<meta property=\"og:type\" content=\"article\" \/>\n<meta property=\"og:title\" content=\"Event de pression\/d\u00e9pression-Yak EN - Schengler Industrie\" \/>\n<meta property=\"og:description\" content=\"Produit homologu\u00e9 selon la norme europ\u00e9enne EN 14595  Assure la respiration des compartiments des citernes transportant des hydrocarbures  Comporte un clapet d\u2019obturation fermant le passage d\u2019\u00e9vacuation de la fonction service normale d\u00e8s que l\u2019inclinaison de la citerne atteint 90\u00b0  Corps en alliage d\u2019aluminium  Tamis pare-flammes\u00a0: acier inoxydable  Ressorts\u00a0: acier inoxydable  Joints\u00a0: \u00e9lastom\u00e8re fluor\u00e9\" \/>\n<meta property=\"og:url\" content=\"https:\/\/www.schenglerindustrie.com\/en\/produit\/event-de-pression-depression-yak-en\/\" \/>\n<meta property=\"og:site_name\" content=\"Schengler Industrie\" \/>\n<meta property=\"article:modified_time\" content=\"2021-09-21T14:00:52+00:00\" \/>\n<meta property=\"og:image\" content=\"https:\/\/www.schenglerindustrie.com\/wp-content\/uploads\/2021\/07\/Soupape-Yak-En-scaled.jpg\" \/>\n\t<meta property=\"og:image:width\" content=\"2560\" \/>\n\t<meta property=\"og:image:height\" content=\"1709\" \/>\n\t<meta property=\"og:image:type\" content=\"image\/jpeg\" \/>\n<meta name=\"twitter:card\" content=\"summary_large_image\" \/>\n<script type=\"application\/ld+json\" class=\"yoast-schema-graph\">{\"@context\":\"https:\/\/schema.org\",\"@graph\":[{\"@type\":\"WebPage\",\"@id\":\"https:\/\/www.schenglerindustrie.com\/en\/produit\/event-de-pression-depression-yak-en\/\",\"url\":\"https:\/\/www.schenglerindustrie.com\/en\/produit\/event-de-pression-depression-yak-en\/\",\"name\":\"Event de pression\/d\u00e9pression-Yak EN - Schengler Industrie\",\"isPartOf\":{\"@id\":\"https:\/\/www.schenglerindustrie.com\/#website\"},\"primaryImageOfPage\":{\"@id\":\"https:\/\/www.schenglerindustrie.com\/en\/produit\/event-de-pression-depression-yak-en\/#primaryimage\"},\"image\":{\"@id\":\"https:\/\/www.schenglerindustrie.com\/en\/produit\/event-de-pression-depression-yak-en\/#primaryimage\"},\"thumbnailUrl\":\"https:\/\/www.schenglerindustrie.com\/wp-content\/uploads\/2021\/07\/Soupape-Yak-En-scaled.jpg\",\"datePublished\":\"2021-07-08T21:17:51+00:00\",\"dateModified\":\"2021-09-21T14:00:52+00:00\",\"breadcrumb\":{\"@id\":\"https:\/\/www.schenglerindustrie.com\/en\/produit\/event-de-pression-depression-yak-en\/#breadcrumb\"},\"inLanguage\":\"en-US\",\"potentialAction\":[{\"@type\":\"ReadAction\",\"target\":[\"https:\/\/www.schenglerindustrie.com\/en\/produit\/event-de-pression-depression-yak-en\/\"]}]},{\"@type\":\"ImageObject\",\"inLanguage\":\"en-US\",\"@id\":\"https:\/\/www.schenglerindustrie.com\/en\/produit\/event-de-pression-depression-yak-en\/#primaryimage\",\"url\":\"https:\/\/www.schenglerindustrie.com\/wp-content\/uploads\/2021\/07\/Soupape-Yak-En-scaled.jpg\",\"contentUrl\":\"https:\/\/www.schenglerindustrie.com\/wp-content\/uploads\/2021\/07\/Soupape-Yak-En-scaled.jpg\",\"width\":2560,\"height\":1709},{\"@type\":\"BreadcrumbList\",\"@id\":\"https:\/\/www.schenglerindustrie.com\/en\/produit\/event-de-pression-depression-yak-en\/#breadcrumb\",\"itemListElement\":[{\"@type\":\"ListItem\",\"position\":1,\"name\":\"Accueil\",\"item\":\"https:\/\/schenglerindustrie.com\/en\/\"},{\"@type\":\"ListItem\",\"position\":2,\"name\":\"Boutique\",\"item\":\"https:\/\/schenglerindustrie.com\/en\/boutique\/\"},{\"@type\":\"ListItem\",\"position\":3,\"name\":\"Event de pression\/d\u00e9pression-Yak EN\"}]},{\"@type\":\"WebSite\",\"@id\":\"https:\/\/www.schenglerindustrie.com\/#website\",\"url\":\"https:\/\/www.schenglerindustrie.com\/\",\"name\":\"Schengler Industrie\",\"description\":\"\",\"potentialAction\":[{\"@type\":\"SearchAction\",\"target\":{\"@type\":\"EntryPoint\",\"urlTemplate\":\"https:\/\/www.schenglerindustrie.com\/?s={search_term_string}\"},\"query-input\":{\"@type\":\"PropertyValueSpecification\",\"valueRequired\":true,\"valueName\":\"search_term_string\"}}],\"inLanguage\":\"en-US\"}]}<\/script>\n<!-- \/ Yoast SEO plugin. -->","yoast_head_json":{"title":"Event de pression\/d\u00e9pression-Yak EN - Schengler Industrie","robots":{"index":"index","follow":"follow","max-snippet":"max-snippet:-1","max-image-preview":"max-image-preview:large","max-video-preview":"max-video-preview:-1"},"canonical":"https:\/\/www.schenglerindustrie.com\/en\/produit\/event-de-pression-depression-yak-en\/","og_locale":"en_US","og_type":"article","og_title":"Event de pression\/d\u00e9pression-Yak EN - Schengler Industrie","og_description":"Produit homologu\u00e9 selon la norme europ\u00e9enne EN 14595  Assure la respiration des compartiments des citernes transportant des hydrocarbures  Comporte un clapet d\u2019obturation fermant le passage d\u2019\u00e9vacuation de la fonction service normale d\u00e8s que l\u2019inclinaison de la citerne atteint 90\u00b0  Corps en alliage d\u2019aluminium  Tamis pare-flammes\u00a0: acier inoxydable  Ressorts\u00a0: acier inoxydable  Joints\u00a0: \u00e9lastom\u00e8re fluor\u00e9","og_url":"https:\/\/www.schenglerindustrie.com\/en\/produit\/event-de-pression-depression-yak-en\/","og_site_name":"Schengler Industrie","article_modified_time":"2021-09-21T14:00:52+00:00","og_image":[{"width":2560,"height":1709,"url":"https:\/\/www.schenglerindustrie.com\/wp-content\/uploads\/2021\/07\/Soupape-Yak-En-scaled.jpg","type":"image\/jpeg"}],"twitter_card":"summary_large_image","schema":{"@context":"https:\/\/schema.org","@graph":[{"@type":"WebPage","@id":"https:\/\/www.schenglerindustrie.com\/en\/produit\/event-de-pression-depression-yak-en\/","url":"https:\/\/www.schenglerindustrie.com\/en\/produit\/event-de-pression-depression-yak-en\/","name":"Event de pression\/d\u00e9pression-Yak EN - Schengler Industrie","isPartOf":{"@id":"https:\/\/www.schenglerindustrie.com\/#website"},"primaryImageOfPage":{"@id":"https:\/\/www.schenglerindustrie.com\/en\/produit\/event-de-pression-depression-yak-en\/#primaryimage"},"image":{"@id":"https:\/\/www.schenglerindustrie.com\/en\/produit\/event-de-pression-depression-yak-en\/#primaryimage"},"thumbnailUrl":"https:\/\/www.schenglerindustrie.com\/wp-content\/uploads\/2021\/07\/Soupape-Yak-En-scaled.jpg","datePublished":"2021-07-08T21:17:51+00:00","dateModified":"2021-09-21T14:00:52+00:00","breadcrumb":{"@id":"https:\/\/www.schenglerindustrie.com\/en\/produit\/event-de-pression-depression-yak-en\/#breadcrumb"},"inLanguage":"en-US","potentialAction":[{"@type":"ReadAction","target":["https:\/\/www.schenglerindustrie.com\/en\/produit\/event-de-pression-depression-yak-en\/"]}]},{"@type":"ImageObject","inLanguage":"en-US","@id":"https:\/\/www.schenglerindustrie.com\/en\/produit\/event-de-pression-depression-yak-en\/#primaryimage","url":"https:\/\/www.schenglerindustrie.com\/wp-content\/uploads\/2021\/07\/Soupape-Yak-En-scaled.jpg","contentUrl":"https:\/\/www.schenglerindustrie.com\/wp-content\/uploads\/2021\/07\/Soupape-Yak-En-scaled.jpg","width":2560,"height":1709},{"@type":"BreadcrumbList","@id":"https:\/\/www.schenglerindustrie.com\/en\/produit\/event-de-pression-depression-yak-en\/#breadcrumb","itemListElement":[{"@type":"ListItem","position":1,"name":"Accueil","item":"https:\/\/schenglerindustrie.com\/en\/"},{"@type":"ListItem","position":2,"name":"Boutique","item":"https:\/\/schenglerindustrie.com\/en\/boutique\/"},{"@type":"ListItem","position":3,"name":"Event de pression\/d\u00e9pression-Yak EN"}]},{"@type":"WebSite","@id":"https:\/\/www.schenglerindustrie.com\/#website","url":"https:\/\/www.schenglerindustrie.com\/","name":"Schengler Industrie","description":"","potentialAction":[{"@type":"SearchAction","target":{"@type":"EntryPoint","urlTemplate":"https:\/\/www.schenglerindustrie.com\/?s={search_term_string}"},"query-input":{"@type":"PropertyValueSpecification","valueRequired":true,"valueName":"search_term_string"}}],"inLanguage":"en-US"}]}},"_links":{"self":[{"href":"https:\/\/www.schenglerindustrie.com\/en\/wp-json\/wp\/v2\/product\/718","targetHints":{"allow":["GET"]}}],"collection":[{"href":"https:\/\/www.schenglerindustrie.com\/en\/wp-json\/wp\/v2\/product"}],"about":[{"href":"https:\/\/www.schenglerindustrie.com\/en\/wp-json\/wp\/v2\/types\/product"}],"replies":[{"embeddable":true,"href":"https:\/\/www.schenglerindustrie.com\/en\/wp-json\/wp\/v2\/comments?post=718"}],"wp:featuredmedia":[{"embeddable":true,"href":"https:\/\/www.schenglerindustrie.com\/en\/wp-json\/wp\/v2\/media\/1435"}],"wp:attachment":[{"href":"https:\/\/www.schenglerindustrie.com\/en\/wp-json\/wp\/v2\/media?parent=718"}],"wp:term":[{"taxonomy":"product_brand","embeddable":true,"href":"https:\/\/www.schenglerindustrie.com\/en\/wp-json\/wp\/v2\/product_brand?post=718"},{"taxonomy":"product_cat","embeddable":true,"href":"https:\/\/www.schenglerindustrie.com\/en\/wp-json\/wp\/v2\/product_cat?post=718"},{"taxonomy":"product_tag","embeddable":true,"href":"https:\/\/www.schenglerindustrie.com\/en\/wp-json\/wp\/v2\/product_tag?post=718"}],"curies":[{"name":"wp","href":"https:\/\/api.w.org\/{rel}","templated":true}]}}