{"id":714,"date":"2021-07-08T23:16:40","date_gmt":"2021-07-08T21:16:40","guid":{"rendered":"https:\/\/www.schenglerindustrie.com\/?post_type=product&#038;p=714"},"modified":"2021-09-21T16:13:41","modified_gmt":"2021-09-21T14:13:41","slug":"pige-de-jaugeage","status":"publish","type":"product","link":"https:\/\/www.schenglerindustrie.com\/en\/produit\/pige-de-jaugeage\/","title":{"rendered":"Pige de jaugeage"},"content":{"rendered":"","protected":false},"excerpt":{"rendered":"<p>Malette Pige \u00e0 ruban acier grav\u00e9 noir ou pige avec ruban laqu\u00e9 jaune avec protection polyamide<\/p>\n<p>Ruban inox possible<\/p>\n<p>Lest laiton<\/p>\n<p>Mise \u00e0 la terre<\/p>\n<p>Homologu\u00e9e CEE Classe II<\/p>\n<p>Certificat COFRAC sur demande<\/p>\n<p>Diff\u00e9rentes tailles\u00a0: 10M \u2013 20M \u2013 30M<\/p>\n","protected":false},"featured_media":1445,"comment_status":"open","ping_status":"closed","template":"","meta":[],"product_brand":[],"product_cat":[35],"product_tag":[],"class_list":{"0":"post-714","1":"product","2":"type-product","3":"status-publish","4":"has-post-thumbnail","6":"product_cat-citerne","8":"first","9":"instock","10":"shipping-taxable","11":"purchasable","12":"product-type-simple"},"yoast_head":"<!-- This site is optimized with the Yoast SEO plugin v25.5 - https:\/\/yoast.com\/wordpress\/plugins\/seo\/ -->\n<title>Pige de jaugeage - Schengler Industrie<\/title>\n<meta name=\"robots\" content=\"index, follow, max-snippet:-1, max-image-preview:large, max-video-preview:-1\" \/>\n<link rel=\"canonical\" href=\"https:\/\/www.schenglerindustrie.com\/en\/produit\/pige-de-jaugeage\/\" \/>\n<meta property=\"og:locale\" content=\"en_US\" \/>\n<meta property=\"og:type\" content=\"article\" \/>\n<meta property=\"og:title\" content=\"Pige de jaugeage - Schengler Industrie\" \/>\n<meta property=\"og:description\" content=\"Malette Pige \u00e0 ruban acier grav\u00e9 noir ou pige avec ruban laqu\u00e9 jaune avec protection polyamide  Ruban inox possible  Lest laiton  Mise \u00e0 la terre  Homologu\u00e9e CEE Classe II  Certificat COFRAC sur demande  Diff\u00e9rentes tailles\u00a0: 10M \u2013 20M \u2013 30M\" \/>\n<meta property=\"og:url\" content=\"https:\/\/www.schenglerindustrie.com\/en\/produit\/pige-de-jaugeage\/\" \/>\n<meta property=\"og:site_name\" content=\"Schengler Industrie\" \/>\n<meta property=\"article:modified_time\" content=\"2021-09-21T14:13:41+00:00\" \/>\n<meta property=\"og:image\" content=\"https:\/\/www.schenglerindustrie.com\/wp-content\/uploads\/2021\/07\/Photo-Pieces-Schengler-juin-2018-Photographe-Marine-Monteils-03_1-scaled.jpg\" \/>\n\t<meta property=\"og:image:width\" content=\"2560\" \/>\n\t<meta property=\"og:image:height\" content=\"1709\" \/>\n\t<meta property=\"og:image:type\" content=\"image\/jpeg\" \/>\n<meta name=\"twitter:card\" content=\"summary_large_image\" \/>\n<script type=\"application\/ld+json\" class=\"yoast-schema-graph\">{\"@context\":\"https:\/\/schema.org\",\"@graph\":[{\"@type\":\"WebPage\",\"@id\":\"https:\/\/www.schenglerindustrie.com\/en\/produit\/pige-de-jaugeage\/\",\"url\":\"https:\/\/www.schenglerindustrie.com\/en\/produit\/pige-de-jaugeage\/\",\"name\":\"Pige de jaugeage - Schengler Industrie\",\"isPartOf\":{\"@id\":\"https:\/\/www.schenglerindustrie.com\/#website\"},\"primaryImageOfPage\":{\"@id\":\"https:\/\/www.schenglerindustrie.com\/en\/produit\/pige-de-jaugeage\/#primaryimage\"},\"image\":{\"@id\":\"https:\/\/www.schenglerindustrie.com\/en\/produit\/pige-de-jaugeage\/#primaryimage\"},\"thumbnailUrl\":\"https:\/\/www.schenglerindustrie.com\/wp-content\/uploads\/2021\/07\/Photo-Pieces-Schengler-juin-2018-Photographe-Marine-Monteils-03_1-scaled.jpg\",\"datePublished\":\"2021-07-08T21:16:40+00:00\",\"dateModified\":\"2021-09-21T14:13:41+00:00\",\"breadcrumb\":{\"@id\":\"https:\/\/www.schenglerindustrie.com\/en\/produit\/pige-de-jaugeage\/#breadcrumb\"},\"inLanguage\":\"en-US\",\"potentialAction\":[{\"@type\":\"ReadAction\",\"target\":[\"https:\/\/www.schenglerindustrie.com\/en\/produit\/pige-de-jaugeage\/\"]}]},{\"@type\":\"ImageObject\",\"inLanguage\":\"en-US\",\"@id\":\"https:\/\/www.schenglerindustrie.com\/en\/produit\/pige-de-jaugeage\/#primaryimage\",\"url\":\"https:\/\/www.schenglerindustrie.com\/wp-content\/uploads\/2021\/07\/Photo-Pieces-Schengler-juin-2018-Photographe-Marine-Monteils-03_1-scaled.jpg\",\"contentUrl\":\"https:\/\/www.schenglerindustrie.com\/wp-content\/uploads\/2021\/07\/Photo-Pieces-Schengler-juin-2018-Photographe-Marine-Monteils-03_1-scaled.jpg\",\"width\":2560,\"height\":1709},{\"@type\":\"BreadcrumbList\",\"@id\":\"https:\/\/www.schenglerindustrie.com\/en\/produit\/pige-de-jaugeage\/#breadcrumb\",\"itemListElement\":[{\"@type\":\"ListItem\",\"position\":1,\"name\":\"Accueil\",\"item\":\"https:\/\/schenglerindustrie.com\/en\/\"},{\"@type\":\"ListItem\",\"position\":2,\"name\":\"Boutique\",\"item\":\"https:\/\/schenglerindustrie.com\/en\/boutique\/\"},{\"@type\":\"ListItem\",\"position\":3,\"name\":\"Pige de jaugeage\"}]},{\"@type\":\"WebSite\",\"@id\":\"https:\/\/www.schenglerindustrie.com\/#website\",\"url\":\"https:\/\/www.schenglerindustrie.com\/\",\"name\":\"Schengler Industrie\",\"description\":\"\",\"potentialAction\":[{\"@type\":\"SearchAction\",\"target\":{\"@type\":\"EntryPoint\",\"urlTemplate\":\"https:\/\/www.schenglerindustrie.com\/?s={search_term_string}\"},\"query-input\":{\"@type\":\"PropertyValueSpecification\",\"valueRequired\":true,\"valueName\":\"search_term_string\"}}],\"inLanguage\":\"en-US\"}]}<\/script>\n<!-- \/ Yoast SEO plugin. -->","yoast_head_json":{"title":"Pige de jaugeage - Schengler Industrie","robots":{"index":"index","follow":"follow","max-snippet":"max-snippet:-1","max-image-preview":"max-image-preview:large","max-video-preview":"max-video-preview:-1"},"canonical":"https:\/\/www.schenglerindustrie.com\/en\/produit\/pige-de-jaugeage\/","og_locale":"en_US","og_type":"article","og_title":"Pige de jaugeage - Schengler Industrie","og_description":"Malette Pige \u00e0 ruban acier grav\u00e9 noir ou pige avec ruban laqu\u00e9 jaune avec protection polyamide  Ruban inox possible  Lest laiton  Mise \u00e0 la terre  Homologu\u00e9e CEE Classe II  Certificat COFRAC sur demande  Diff\u00e9rentes tailles\u00a0: 10M \u2013 20M \u2013 30M","og_url":"https:\/\/www.schenglerindustrie.com\/en\/produit\/pige-de-jaugeage\/","og_site_name":"Schengler Industrie","article_modified_time":"2021-09-21T14:13:41+00:00","og_image":[{"width":2560,"height":1709,"url":"https:\/\/www.schenglerindustrie.com\/wp-content\/uploads\/2021\/07\/Photo-Pieces-Schengler-juin-2018-Photographe-Marine-Monteils-03_1-scaled.jpg","type":"image\/jpeg"}],"twitter_card":"summary_large_image","schema":{"@context":"https:\/\/schema.org","@graph":[{"@type":"WebPage","@id":"https:\/\/www.schenglerindustrie.com\/en\/produit\/pige-de-jaugeage\/","url":"https:\/\/www.schenglerindustrie.com\/en\/produit\/pige-de-jaugeage\/","name":"Pige de jaugeage - Schengler Industrie","isPartOf":{"@id":"https:\/\/www.schenglerindustrie.com\/#website"},"primaryImageOfPage":{"@id":"https:\/\/www.schenglerindustrie.com\/en\/produit\/pige-de-jaugeage\/#primaryimage"},"image":{"@id":"https:\/\/www.schenglerindustrie.com\/en\/produit\/pige-de-jaugeage\/#primaryimage"},"thumbnailUrl":"https:\/\/www.schenglerindustrie.com\/wp-content\/uploads\/2021\/07\/Photo-Pieces-Schengler-juin-2018-Photographe-Marine-Monteils-03_1-scaled.jpg","datePublished":"2021-07-08T21:16:40+00:00","dateModified":"2021-09-21T14:13:41+00:00","breadcrumb":{"@id":"https:\/\/www.schenglerindustrie.com\/en\/produit\/pige-de-jaugeage\/#breadcrumb"},"inLanguage":"en-US","potentialAction":[{"@type":"ReadAction","target":["https:\/\/www.schenglerindustrie.com\/en\/produit\/pige-de-jaugeage\/"]}]},{"@type":"ImageObject","inLanguage":"en-US","@id":"https:\/\/www.schenglerindustrie.com\/en\/produit\/pige-de-jaugeage\/#primaryimage","url":"https:\/\/www.schenglerindustrie.com\/wp-content\/uploads\/2021\/07\/Photo-Pieces-Schengler-juin-2018-Photographe-Marine-Monteils-03_1-scaled.jpg","contentUrl":"https:\/\/www.schenglerindustrie.com\/wp-content\/uploads\/2021\/07\/Photo-Pieces-Schengler-juin-2018-Photographe-Marine-Monteils-03_1-scaled.jpg","width":2560,"height":1709},{"@type":"BreadcrumbList","@id":"https:\/\/www.schenglerindustrie.com\/en\/produit\/pige-de-jaugeage\/#breadcrumb","itemListElement":[{"@type":"ListItem","position":1,"name":"Accueil","item":"https:\/\/schenglerindustrie.com\/en\/"},{"@type":"ListItem","position":2,"name":"Boutique","item":"https:\/\/schenglerindustrie.com\/en\/boutique\/"},{"@type":"ListItem","position":3,"name":"Pige de jaugeage"}]},{"@type":"WebSite","@id":"https:\/\/www.schenglerindustrie.com\/#website","url":"https:\/\/www.schenglerindustrie.com\/","name":"Schengler Industrie","description":"","potentialAction":[{"@type":"SearchAction","target":{"@type":"EntryPoint","urlTemplate":"https:\/\/www.schenglerindustrie.com\/?s={search_term_string}"},"query-input":{"@type":"PropertyValueSpecification","valueRequired":true,"valueName":"search_term_string"}}],"inLanguage":"en-US"}]}},"_links":{"self":[{"href":"https:\/\/www.schenglerindustrie.com\/en\/wp-json\/wp\/v2\/product\/714","targetHints":{"allow":["GET"]}}],"collection":[{"href":"https:\/\/www.schenglerindustrie.com\/en\/wp-json\/wp\/v2\/product"}],"about":[{"href":"https:\/\/www.schenglerindustrie.com\/en\/wp-json\/wp\/v2\/types\/product"}],"replies":[{"embeddable":true,"href":"https:\/\/www.schenglerindustrie.com\/en\/wp-json\/wp\/v2\/comments?post=714"}],"wp:featuredmedia":[{"embeddable":true,"href":"https:\/\/www.schenglerindustrie.com\/en\/wp-json\/wp\/v2\/media\/1445"}],"wp:attachment":[{"href":"https:\/\/www.schenglerindustrie.com\/en\/wp-json\/wp\/v2\/media?parent=714"}],"wp:term":[{"taxonomy":"product_brand","embeddable":true,"href":"https:\/\/www.schenglerindustrie.com\/en\/wp-json\/wp\/v2\/product_brand?post=714"},{"taxonomy":"product_cat","embeddable":true,"href":"https:\/\/www.schenglerindustrie.com\/en\/wp-json\/wp\/v2\/product_cat?post=714"},{"taxonomy":"product_tag","embeddable":true,"href":"https:\/\/www.schenglerindustrie.com\/en\/wp-json\/wp\/v2\/product_tag?post=714"}],"curies":[{"name":"wp","href":"https:\/\/api.w.org\/{rel}","templated":true}]}}