{"id":1238,"date":"2021-09-16T14:32:52","date_gmt":"2021-09-16T12:32:52","guid":{"rendered":"https:\/\/www.schenglerindustrie.com\/?post_type=product&#038;p=1238"},"modified":"2021-09-16T14:32:52","modified_gmt":"2021-09-16T12:32:52","slug":"autocollant-angle-mort","status":"publish","type":"product","link":"https:\/\/www.schenglerindustrie.com\/en\/produit\/autocollant-angle-mort\/","title":{"rendered":"Autocollant Angle mort"},"content":{"rendered":"","protected":false},"excerpt":{"rendered":"<p>Autocollant Vinyle : 170 * 250 mm<\/p>\n<p>Obligation depuis le 1er Janvier 2021<\/p>\n<ul>\n<li><strong><u>Conseils de pose<\/u>\u00a0:<\/strong><\/li>\n<li>Au total 5 autocollants \u00e0 apposer \u00e0 3 endroits diff\u00e9rents, entre 0,90 m et 1,5 m du sol.<\/li>\n<li><strong>Avant droit<\/strong>\u00a0et\u00a0<strong>Avant gauche\u00a0<\/strong>\u00e0 moins de 1 m de l&#8217;extr\u00e9mit\u00e9 du v\u00e9hicule en longueur.<\/li>\n<li><strong>Face arri\u00e8re :\u00a0<\/strong>\u00e0 droite du plan m\u00e9dian longitudinal<strong>.<\/strong><\/li>\n<li>Pour les semi-remorques : ajouter un autocollant \u00e0 gauche et \u00e0 droite dans le 1er m\u00e8tre\u00a0<strong>derri\u00e8re le pivot d&#8217;attelage<\/strong>.<\/li>\n<li>Pour les remorques : ajouter un autocollant dans le\u00a0<strong>1er m\u00e8tre de la partie carross\u00e9e<\/strong>\u00a0avant du v\u00e9hicule, \u00e0 gauche et \u00e0 droite<\/li>\n<\/ul>\n","protected":false},"featured_media":1239,"comment_status":"open","ping_status":"closed","template":"","meta":[],"product_brand":[],"product_cat":[42],"product_tag":[],"class_list":{"0":"post-1238","1":"product","2":"type-product","3":"status-publish","4":"has-post-thumbnail","6":"product_cat-signaletique","8":"first","9":"instock","10":"shipping-taxable","11":"product-type-simple"},"yoast_head":"<!-- This site is optimized with the Yoast SEO plugin v25.5 - https:\/\/yoast.com\/wordpress\/plugins\/seo\/ -->\n<title>Autocollant Angle mort - Schengler Industrie<\/title>\n<meta name=\"robots\" content=\"index, follow, max-snippet:-1, max-image-preview:large, max-video-preview:-1\" \/>\n<link rel=\"canonical\" href=\"https:\/\/www.schenglerindustrie.com\/produit\/autocollant-angle-mort\/\" \/>\n<meta property=\"og:locale\" content=\"en_US\" \/>\n<meta property=\"og:type\" content=\"article\" \/>\n<meta property=\"og:title\" content=\"Autocollant Angle mort - Schengler Industrie\" \/>\n<meta property=\"og:description\" content=\"Autocollant Vinyle : 170 * 250 mm  Obligation depuis le 1er Janvier 2021   Conseils de pose\u00a0:  Au total 5 autocollants \u00e0 apposer \u00e0 3 endroits diff\u00e9rents, entre 0,90 m et 1,5 m du sol.  Avant droit\u00a0et\u00a0Avant gauche\u00a0\u00e0 moins de 1 m de l&#039;extr\u00e9mit\u00e9 du v\u00e9hicule en longueur.  Face arri\u00e8re :\u00a0\u00e0 droite du plan m\u00e9dian longitudinal.  Pour les semi-remorques : ajouter un autocollant \u00e0 gauche et \u00e0 droite dans le 1er m\u00e8tre\u00a0derri\u00e8re le pivot d&#039;attelage.  Pour les remorques : ajouter un autocollant dans le\u00a01er m\u00e8tre de la partie carross\u00e9e\u00a0avant du v\u00e9hicule, \u00e0 gauche et \u00e0 droite\" \/>\n<meta property=\"og:url\" content=\"https:\/\/www.schenglerindustrie.com\/produit\/autocollant-angle-mort\/\" \/>\n<meta property=\"og:site_name\" content=\"Schengler Industrie\" \/>\n<meta property=\"og:image\" content=\"https:\/\/www.schenglerindustrie.com\/wp-content\/uploads\/2021\/09\/Angle-Mort.jpg\" \/>\n\t<meta property=\"og:image:width\" content=\"409\" \/>\n\t<meta property=\"og:image:height\" content=\"600\" \/>\n\t<meta property=\"og:image:type\" content=\"image\/jpeg\" \/>\n<meta name=\"twitter:card\" content=\"summary_large_image\" \/>\n<script type=\"application\/ld+json\" class=\"yoast-schema-graph\">{\"@context\":\"https:\/\/schema.org\",\"@graph\":[{\"@type\":\"WebPage\",\"@id\":\"https:\/\/www.schenglerindustrie.com\/produit\/autocollant-angle-mort\/\",\"url\":\"https:\/\/www.schenglerindustrie.com\/produit\/autocollant-angle-mort\/\",\"name\":\"Autocollant Angle mort - Schengler Industrie\",\"isPartOf\":{\"@id\":\"https:\/\/www.schenglerindustrie.com\/#website\"},\"primaryImageOfPage\":{\"@id\":\"https:\/\/www.schenglerindustrie.com\/produit\/autocollant-angle-mort\/#primaryimage\"},\"image\":{\"@id\":\"https:\/\/www.schenglerindustrie.com\/produit\/autocollant-angle-mort\/#primaryimage\"},\"thumbnailUrl\":\"https:\/\/www.schenglerindustrie.com\/wp-content\/uploads\/2021\/09\/Angle-Mort.jpg\",\"datePublished\":\"2021-09-16T12:32:52+00:00\",\"breadcrumb\":{\"@id\":\"https:\/\/www.schenglerindustrie.com\/produit\/autocollant-angle-mort\/#breadcrumb\"},\"inLanguage\":\"en-US\",\"potentialAction\":[{\"@type\":\"ReadAction\",\"target\":[\"https:\/\/www.schenglerindustrie.com\/produit\/autocollant-angle-mort\/\"]}]},{\"@type\":\"ImageObject\",\"inLanguage\":\"en-US\",\"@id\":\"https:\/\/www.schenglerindustrie.com\/produit\/autocollant-angle-mort\/#primaryimage\",\"url\":\"https:\/\/www.schenglerindustrie.com\/wp-content\/uploads\/2021\/09\/Angle-Mort.jpg\",\"contentUrl\":\"https:\/\/www.schenglerindustrie.com\/wp-content\/uploads\/2021\/09\/Angle-Mort.jpg\",\"width\":409,\"height\":600},{\"@type\":\"BreadcrumbList\",\"@id\":\"https:\/\/www.schenglerindustrie.com\/produit\/autocollant-angle-mort\/#breadcrumb\",\"itemListElement\":[{\"@type\":\"ListItem\",\"position\":1,\"name\":\"Accueil\",\"item\":\"https:\/\/schenglerindustrie.com\/en\/\"},{\"@type\":\"ListItem\",\"position\":2,\"name\":\"Boutique\",\"item\":\"https:\/\/schenglerindustrie.com\/en\/boutique\/\"},{\"@type\":\"ListItem\",\"position\":3,\"name\":\"Autocollant Angle mort\"}]},{\"@type\":\"WebSite\",\"@id\":\"https:\/\/www.schenglerindustrie.com\/#website\",\"url\":\"https:\/\/www.schenglerindustrie.com\/\",\"name\":\"Schengler Industrie\",\"description\":\"\",\"potentialAction\":[{\"@type\":\"SearchAction\",\"target\":{\"@type\":\"EntryPoint\",\"urlTemplate\":\"https:\/\/www.schenglerindustrie.com\/?s={search_term_string}\"},\"query-input\":{\"@type\":\"PropertyValueSpecification\",\"valueRequired\":true,\"valueName\":\"search_term_string\"}}],\"inLanguage\":\"en-US\"}]}<\/script>\n<!-- \/ Yoast SEO plugin. -->","yoast_head_json":{"title":"Autocollant Angle mort - Schengler Industrie","robots":{"index":"index","follow":"follow","max-snippet":"max-snippet:-1","max-image-preview":"max-image-preview:large","max-video-preview":"max-video-preview:-1"},"canonical":"https:\/\/www.schenglerindustrie.com\/produit\/autocollant-angle-mort\/","og_locale":"en_US","og_type":"article","og_title":"Autocollant Angle mort - Schengler Industrie","og_description":"Autocollant Vinyle : 170 * 250 mm  Obligation depuis le 1er Janvier 2021   Conseils de pose\u00a0:  Au total 5 autocollants \u00e0 apposer \u00e0 3 endroits diff\u00e9rents, entre 0,90 m et 1,5 m du sol.  Avant droit\u00a0et\u00a0Avant gauche\u00a0\u00e0 moins de 1 m de l'extr\u00e9mit\u00e9 du v\u00e9hicule en longueur.  Face arri\u00e8re :\u00a0\u00e0 droite du plan m\u00e9dian longitudinal.  Pour les semi-remorques : ajouter un autocollant \u00e0 gauche et \u00e0 droite dans le 1er m\u00e8tre\u00a0derri\u00e8re le pivot d'attelage.  Pour les remorques : ajouter un autocollant dans le\u00a01er m\u00e8tre de la partie carross\u00e9e\u00a0avant du v\u00e9hicule, \u00e0 gauche et \u00e0 droite","og_url":"https:\/\/www.schenglerindustrie.com\/produit\/autocollant-angle-mort\/","og_site_name":"Schengler Industrie","og_image":[{"width":409,"height":600,"url":"https:\/\/www.schenglerindustrie.com\/wp-content\/uploads\/2021\/09\/Angle-Mort.jpg","type":"image\/jpeg"}],"twitter_card":"summary_large_image","schema":{"@context":"https:\/\/schema.org","@graph":[{"@type":"WebPage","@id":"https:\/\/www.schenglerindustrie.com\/produit\/autocollant-angle-mort\/","url":"https:\/\/www.schenglerindustrie.com\/produit\/autocollant-angle-mort\/","name":"Autocollant Angle mort - Schengler Industrie","isPartOf":{"@id":"https:\/\/www.schenglerindustrie.com\/#website"},"primaryImageOfPage":{"@id":"https:\/\/www.schenglerindustrie.com\/produit\/autocollant-angle-mort\/#primaryimage"},"image":{"@id":"https:\/\/www.schenglerindustrie.com\/produit\/autocollant-angle-mort\/#primaryimage"},"thumbnailUrl":"https:\/\/www.schenglerindustrie.com\/wp-content\/uploads\/2021\/09\/Angle-Mort.jpg","datePublished":"2021-09-16T12:32:52+00:00","breadcrumb":{"@id":"https:\/\/www.schenglerindustrie.com\/produit\/autocollant-angle-mort\/#breadcrumb"},"inLanguage":"en-US","potentialAction":[{"@type":"ReadAction","target":["https:\/\/www.schenglerindustrie.com\/produit\/autocollant-angle-mort\/"]}]},{"@type":"ImageObject","inLanguage":"en-US","@id":"https:\/\/www.schenglerindustrie.com\/produit\/autocollant-angle-mort\/#primaryimage","url":"https:\/\/www.schenglerindustrie.com\/wp-content\/uploads\/2021\/09\/Angle-Mort.jpg","contentUrl":"https:\/\/www.schenglerindustrie.com\/wp-content\/uploads\/2021\/09\/Angle-Mort.jpg","width":409,"height":600},{"@type":"BreadcrumbList","@id":"https:\/\/www.schenglerindustrie.com\/produit\/autocollant-angle-mort\/#breadcrumb","itemListElement":[{"@type":"ListItem","position":1,"name":"Accueil","item":"https:\/\/schenglerindustrie.com\/en\/"},{"@type":"ListItem","position":2,"name":"Boutique","item":"https:\/\/schenglerindustrie.com\/en\/boutique\/"},{"@type":"ListItem","position":3,"name":"Autocollant Angle mort"}]},{"@type":"WebSite","@id":"https:\/\/www.schenglerindustrie.com\/#website","url":"https:\/\/www.schenglerindustrie.com\/","name":"Schengler Industrie","description":"","potentialAction":[{"@type":"SearchAction","target":{"@type":"EntryPoint","urlTemplate":"https:\/\/www.schenglerindustrie.com\/?s={search_term_string}"},"query-input":{"@type":"PropertyValueSpecification","valueRequired":true,"valueName":"search_term_string"}}],"inLanguage":"en-US"}]}},"_links":{"self":[{"href":"https:\/\/www.schenglerindustrie.com\/en\/wp-json\/wp\/v2\/product\/1238","targetHints":{"allow":["GET"]}}],"collection":[{"href":"https:\/\/www.schenglerindustrie.com\/en\/wp-json\/wp\/v2\/product"}],"about":[{"href":"https:\/\/www.schenglerindustrie.com\/en\/wp-json\/wp\/v2\/types\/product"}],"replies":[{"embeddable":true,"href":"https:\/\/www.schenglerindustrie.com\/en\/wp-json\/wp\/v2\/comments?post=1238"}],"wp:featuredmedia":[{"embeddable":true,"href":"https:\/\/www.schenglerindustrie.com\/en\/wp-json\/wp\/v2\/media\/1239"}],"wp:attachment":[{"href":"https:\/\/www.schenglerindustrie.com\/en\/wp-json\/wp\/v2\/media?parent=1238"}],"wp:term":[{"taxonomy":"product_brand","embeddable":true,"href":"https:\/\/www.schenglerindustrie.com\/en\/wp-json\/wp\/v2\/product_brand?post=1238"},{"taxonomy":"product_cat","embeddable":true,"href":"https:\/\/www.schenglerindustrie.com\/en\/wp-json\/wp\/v2\/product_cat?post=1238"},{"taxonomy":"product_tag","embeddable":true,"href":"https:\/\/www.schenglerindustrie.com\/en\/wp-json\/wp\/v2\/product_tag?post=1238"}],"curies":[{"name":"wp","href":"https:\/\/api.w.org\/{rel}","templated":true}]}}